{"id":959,"date":"2019-06-19T19:10:22","date_gmt":"2019-06-19T23:10:22","guid":{"rendered":"https:\/\/www.lirapopular.cl\/lirapopularxix\/?page_id=959"},"modified":"2019-06-19T19:10:22","modified_gmt":"2019-06-19T23:10:22","slug":"espantoso-crimen-en-casablancael-culebron-que-ahorco-a-una-mujer-en-las-rayas-de-mendoza","status":"publish","type":"page","link":"https:\/\/www.lirapopular.cl\/lirapopularxix\/espantoso-crimen-en-casablancael-culebron-que-ahorco-a-una-mujer-en-las-rayas-de-mendoza\/","title":{"rendered":"Espantoso cr\u00edmen en Casablanca<br>El culebr\u00f3n que ahorc\u00f3 a una mujer en las rayas de Mendoza"},"content":{"rendered":"\n<div class=\"wp-block-image\"><figure class=\"alignright\"><a href=\"https:\/\/www.lirapopular.cl\/lirapopularxix\/wp-content\/uploads\/2019\/06\/373.jpg\"><img loading=\"lazy\" decoding=\"async\" width=\"215\" height=\"300\" src=\"https:\/\/www.lirapopular.cl\/lirapopularxix\/wp-content\/uploads\/2019\/06\/373-215x300.jpg\" alt=\"\" class=\"wp-image-960\" srcset=\"https:\/\/www.lirapopular.cl\/lirapopularxix\/wp-content\/uploads\/2019\/06\/373-215x300.jpg 215w, https:\/\/www.lirapopular.cl\/lirapopularxix\/wp-content\/uploads\/2019\/06\/373.jpg 717w\" sizes=\"auto, (max-width: 215px) 100vw, 215px\" \/><\/a><figcaption>Colecci\u00f3n Lira Popular de la Universidad de Chile<\/figcaption><\/figure><\/div>\n\n\n\n<p>Autor: Jos\u00e9 Hip\u00f3lito Cordero, Calle Ech\u00e1urren N\u00ba 105.<br>Impresor:  Sin informaci\u00f3n<br>Tama\u00f1o: 37,4 x 53,1 cm.<br>Clasificaci\u00f3n: 373 C794e Caja N\u00b04b, BN C\u00f3digo: LO0012605<\/p>\n\n\n\n<ul class=\"wp-block-list\"><li><a href=\"https:\/\/www.lirapopular.cl\/lirapopularxix\/2019\/06\/19\/espantoso-crimen-en-casablanca-la-nina-que-me-compre-alivia-de-su-pesar\/\">Espantoso cr\u00edmen en Casablanca<\/a><\/li><li><a href=\"https:\/\/www.lirapopular.cl\/lirapopularxix\/2019\/06\/19\/el-culebron-que-ahorco-a-una-mujer-en-las-rayas-de-mendoza\/\">El culebron que ahorc\u00f3 a una mujer<\/a><\/li><li><a href=\"https:\/\/www.lirapopular.cl\/lirapopularxix\/2019\/06\/19\/al-autorizado-que-les-venga\/\">Al autorizado que les venga<\/a><\/li><li><a href=\"https:\/\/www.lirapopular.cl\/lirapopularxix\/2019\/06\/19\/versos-del-loro-i-la-lora\/\">Verso del Loro i la Lora<\/a><\/li><li><a href=\"https:\/\/www.lirapopular.cl\/lirapopularxix\/2019\/06\/19\/los-versosde-los-estafadores-del-pueblode-rengo\/\">Los versos de los estafadores<\/a><\/li><li><a href=\"https:\/\/www.lirapopular.cl\/lirapopularxix\/2019\/06\/19\/satira-para-los-que-sontramposos\/\">S\u00e1tira para los que son tramposos<\/a><\/li><\/ul>\n\n\n\n<p>Nota: El 1er ejemplar tiene escrito a mano con l\u00e1piz rojo \u201c373\u201d<br>El 2\u00ba ejemplar tiene escrito a mano con l\u00e1piz azul \u201c40\u201d y con plum\u00f3n&#8221;279&#8243;. Por el reverso sobre un papel &#8220;28&#8221;.<br>Documentos optimizados digitalmente.<\/p>\n\n\n\n<div class=\"wp-block-image\"><figure class=\"alignright size-medium\"><a href=\"https:\/\/www.lirapopular.cl\/lirapopularxix\/wp-content\/uploads\/2020\/07\/LO0012605.jpg\"><img loading=\"lazy\" decoding=\"async\" width=\"300\" height=\"203\" src=\"https:\/\/www.lirapopular.cl\/lirapopularxix\/wp-content\/uploads\/2020\/07\/LO0012605-300x203.jpg\" alt=\"\" class=\"wp-image-10708\" srcset=\"https:\/\/www.lirapopular.cl\/lirapopularxix\/wp-content\/uploads\/2020\/07\/LO0012605-300x203.jpg 300w, https:\/\/www.lirapopular.cl\/lirapopularxix\/wp-content\/uploads\/2020\/07\/LO0012605-768x520.jpg 768w, https:\/\/www.lirapopular.cl\/lirapopularxix\/wp-content\/uploads\/2020\/07\/LO0012605.jpg 1000w\" sizes=\"auto, (max-width: 300px) 100vw, 300px\" \/><\/a><figcaption>Archivo de Literatura Oral<br>Colecci\u00f3n Alamiro de \u00c1vila<\/figcaption><\/figure><\/div>\n","protected":false},"excerpt":{"rendered":"<p>Autor: Jos\u00e9 Hip\u00f3lito Cordero, Calle Ech\u00e1urren N\u00ba 105.Impresor: Sin informaci\u00f3nTama\u00f1o: 37,4 x 53,1 cm.Clasificaci\u00f3n: 373 C794e Caja N\u00b04b, BN C\u00f3digo: LO0012605 Espantoso cr\u00edmen en Casablanca El culebron que ahorc\u00f3 a una mujer Al autorizado que les venga Verso del Loro i la Lora Los versos de los estafadores S\u00e1tira para los que son tramposos Nota: [&hellip;]<\/p>\n","protected":false},"author":1,"featured_media":0,"parent":0,"menu_order":0,"comment_status":"closed","ping_status":"closed","template":"","meta":{"footnotes":""},"class_list":["post-959","page","type-page","status-publish","hentry"],"jetpack_sharing_enabled":true,"_links":{"self":[{"href":"https:\/\/www.lirapopular.cl\/lirapopularxix\/wp-json\/wp\/v2\/pages\/959","targetHints":{"allow":["GET"]}}],"collection":[{"href":"https:\/\/www.lirapopular.cl\/lirapopularxix\/wp-json\/wp\/v2\/pages"}],"about":[{"href":"https:\/\/www.lirapopular.cl\/lirapopularxix\/wp-json\/wp\/v2\/types\/page"}],"author":[{"embeddable":true,"href":"https:\/\/www.lirapopular.cl\/lirapopularxix\/wp-json\/wp\/v2\/users\/1"}],"replies":[{"embeddable":true,"href":"https:\/\/www.lirapopular.cl\/lirapopularxix\/wp-json\/wp\/v2\/comments?post=959"}],"version-history":[{"count":0,"href":"https:\/\/www.lirapopular.cl\/lirapopularxix\/wp-json\/wp\/v2\/pages\/959\/revisions"}],"wp:attachment":[{"href":"https:\/\/www.lirapopular.cl\/lirapopularxix\/wp-json\/wp\/v2\/media?parent=959"}],"curies":[{"name":"wp","href":"https:\/\/api.w.org\/{rel}","templated":true}]}}