{"id":9063,"date":"2020-05-24T19:31:37","date_gmt":"2020-05-24T23:31:37","guid":{"rendered":"https:\/\/www.lirapopular.cl\/lirapopularxix\/?page_id=9063"},"modified":"2020-05-24T19:31:37","modified_gmt":"2020-05-24T23:31:37","slug":"horrendo-crimen-en-san-carlos","status":"publish","type":"page","link":"https:\/\/www.lirapopular.cl\/lirapopularxix\/horrendo-crimen-en-san-carlos\/","title":{"rendered":"Horrendo cr\u00edmen en San C\u00e1rlos el asesino que degoll\u00f3 a una ni\u00f1ita de a\u00f1o seis meses <br>Fantas\u00edas de Meneses aunque es malo alabarse por s\u00ed mismo"},"content":{"rendered":"\n<div class=\"wp-block-image\"><figure class=\"alignright size-medium\"><a href=\"https:\/\/www.lirapopular.cl\/lirapopularxix\/wp-content\/uploads\/2020\/05\/073.jpg\"><img decoding=\"async\" src=\"https:\/\/www.lirapopular.cl\/lirapopularxix\/wp-content\/uploads\/2020\/05\/073-226x300.jpg\" alt=\"\" class=\"wp-image-9064\"\/><\/a><figcaption>Colecci\u00f3n Lira Popular de la <br>Universidad de Chile<\/figcaption><\/figure><\/div>\n\n\n\n<p>Autor: Daniel Meneses, poeta nortino, Morand\u00e9, 8-A<br>Impresor: Imprenta, Moneda<br>Tama\u00f1o: 51 x 37,3 cm<br>Clasificaci\u00f3n: 73 M543h Caja N\u00b06, BN C\u00f3digo:&nbsp;LO0012237, BN C\u00f3digo:&nbsp;LO0012345<\/p>\n\n\n\n<ul class=\"wp-block-list\"><li><a href=\"https:\/\/www.lirapopular.cl\/lirapopularxix\/2020\/05\/25\/el-precioso-codigo-de-los-casados-5\/\">El precioso c\u00f3digo de los casados<\/a><\/li><li><a href=\"https:\/\/www.lirapopular.cl\/lirapopularxix\/2020\/05\/25\/versos-de-literatura-21\/\">Versos de literatura<\/a><\/li><li><a href=\"https:\/\/www.lirapopular.cl\/lirapopularxix\/2020\/05\/25\/versos-dedicados-al-cantor-justo-robles-que-repara-a-mi-lo-que-el-mismo-sabe\/\">Versos dedicados al cantor Justo Robles, que repara en mi lo que \u00e9l mismo sabe<\/a><\/li><li><a href=\"https:\/\/www.lirapopular.cl\/lirapopularxix\/2020\/05\/25\/fantasias-de-meneses-aunque-es-malo-alabarse-por-si-mismo\/\">Fantas\u00edas de Meneses, aunque es malo alabarse por si mismo<\/a><\/li><li><a href=\"https:\/\/www.lirapopular.cl\/lirapopularxix\/2020\/05\/25\/horrendo-crimen-en-san-carlo-i-el-asesino-que-degollo-a-una-ninita-de-ano-seis-meses\/\">Horrendo crimen en San Carlos y el asesino que degoll\u00f3 a una ni\u00f1ita de a\u00f1o seis meses<\/a><\/li><\/ul>\n\n\n\n<p><span class=\"has-inline-color has-white-color\">.<\/span><\/p>\n\n\n\n<div class=\"wp-block-image\"><figure class=\"alignright size-medium\"><a href=\"https:\/\/www.lirapopular.cl\/lirapopularxix\/wp-content\/uploads\/2020\/11\/LO0012237.jpg\"><img loading=\"lazy\" decoding=\"async\" width=\"206\" height=\"300\" src=\"https:\/\/www.lirapopular.cl\/lirapopularxix\/wp-content\/uploads\/2020\/11\/LO0012237-206x300.jpg\" alt=\"\" class=\"wp-image-13316\" srcset=\"https:\/\/www.lirapopular.cl\/lirapopularxix\/wp-content\/uploads\/2020\/11\/LO0012237-206x300.jpg 206w, https:\/\/www.lirapopular.cl\/lirapopularxix\/wp-content\/uploads\/2020\/11\/LO0012237.jpg 687w\" sizes=\"auto, (max-width: 206px) 100vw, 206px\" \/><\/a><figcaption>Archivo de Literatura Oral<br>Fondo Rodolfo Lenz<\/figcaption><\/figure><\/div>\n\n\n\n<p>Nota: El 1er ejemplar tiene escrito a mano con l\u00e1piz grafito \u201c69\/73\u201d<br>El 2\u00ba ejemplar tiene escrito a mano con l\u00e1piz azul \u201c-31-\u201d, con un timbre &#8220;480&#8221; y con l\u00e1piz grafito &#8220;71&#8221;.<br>El 3er ejemplar tiene escrito a mano con plum\u00f3n \u201c18\u201d y por el reverso &#8220;184&#8221;.<br>Documentos optimizados digitalmente.<\/p>\n\n\n\n<p><span class=\"has-inline-color has-white-color\">.<\/span><\/p>\n\n\n\n<p><span class=\"has-inline-color has-white-color\">.<\/span><\/p>\n\n\n\n<p><span class=\"has-inline-color has-white-color\">.<\/span><\/p>\n\n\n\n<p><span class=\"has-inline-color has-white-color\">.<\/span><\/p>\n\n\n\n<p><span class=\"has-inline-color has-white-color\">.<\/span><\/p>\n\n\n\n<div class=\"wp-block-image\"><figure class=\"alignright size-medium\"><a href=\"https:\/\/www.lirapopular.cl\/lirapopularxix\/wp-content\/uploads\/2020\/11\/LO0012345.jpg\"><img loading=\"lazy\" decoding=\"async\" width=\"300\" height=\"192\" src=\"https:\/\/www.lirapopular.cl\/lirapopularxix\/wp-content\/uploads\/2020\/11\/LO0012345-300x192.jpg\" alt=\"\" class=\"wp-image-13317\" srcset=\"https:\/\/www.lirapopular.cl\/lirapopularxix\/wp-content\/uploads\/2020\/11\/LO0012345-300x192.jpg 300w, https:\/\/www.lirapopular.cl\/lirapopularxix\/wp-content\/uploads\/2020\/11\/LO0012345-768x492.jpg 768w, https:\/\/www.lirapopular.cl\/lirapopularxix\/wp-content\/uploads\/2020\/11\/LO0012345.jpg 1000w\" sizes=\"auto, (max-width: 300px) 100vw, 300px\" \/><\/a><figcaption>Archivo de Literatura Oral<br>Colecci\u00f3n Alamiro de \u00c1vila<\/figcaption><\/figure><\/div>\n","protected":false},"excerpt":{"rendered":"<p>Autor: Daniel Meneses, poeta nortino, Morand\u00e9, 8-AImpresor: Imprenta, MonedaTama\u00f1o: 51 x 37,3 cmClasificaci\u00f3n: 73 M543h Caja N\u00b06, BN C\u00f3digo:&nbsp;LO0012237, BN C\u00f3digo:&nbsp;LO0012345 El precioso c\u00f3digo de los casados Versos de literatura Versos dedicados al cantor Justo Robles, que repara en mi lo que \u00e9l mismo sabe Fantas\u00edas de Meneses, aunque es malo alabarse por si mismo [&hellip;]<\/p>\n","protected":false},"author":1,"featured_media":0,"parent":0,"menu_order":0,"comment_status":"closed","ping_status":"closed","template":"","meta":{"footnotes":""},"class_list":["post-9063","page","type-page","status-publish","hentry"],"jetpack_sharing_enabled":true,"_links":{"self":[{"href":"https:\/\/www.lirapopular.cl\/lirapopularxix\/wp-json\/wp\/v2\/pages\/9063","targetHints":{"allow":["GET"]}}],"collection":[{"href":"https:\/\/www.lirapopular.cl\/lirapopularxix\/wp-json\/wp\/v2\/pages"}],"about":[{"href":"https:\/\/www.lirapopular.cl\/lirapopularxix\/wp-json\/wp\/v2\/types\/page"}],"author":[{"embeddable":true,"href":"https:\/\/www.lirapopular.cl\/lirapopularxix\/wp-json\/wp\/v2\/users\/1"}],"replies":[{"embeddable":true,"href":"https:\/\/www.lirapopular.cl\/lirapopularxix\/wp-json\/wp\/v2\/comments?post=9063"}],"version-history":[{"count":0,"href":"https:\/\/www.lirapopular.cl\/lirapopularxix\/wp-json\/wp\/v2\/pages\/9063\/revisions"}],"wp:attachment":[{"href":"https:\/\/www.lirapopular.cl\/lirapopularxix\/wp-json\/wp\/v2\/media?parent=9063"}],"curies":[{"name":"wp","href":"https:\/\/api.w.org\/{rel}","templated":true}]}}