{"id":905,"date":"2019-06-19T16:29:03","date_gmt":"2019-06-19T20:29:03","guid":{"rendered":"https:\/\/www.lirapopular.cl\/lirapopularxix\/?page_id=905"},"modified":"2019-06-19T16:29:03","modified_gmt":"2019-06-19T20:29:03","slug":"suceso-espantoso","status":"publish","type":"page","link":"https:\/\/www.lirapopular.cl\/lirapopularxix\/suceso-espantoso\/","title":{"rendered":"Suceso espantoso"},"content":{"rendered":"\n<div class=\"wp-block-image\"><figure class=\"alignright\"><a href=\"https:\/\/www.lirapopular.cl\/lirapopularxix\/wp-content\/uploads\/2019\/06\/371.jpg\"><img loading=\"lazy\" decoding=\"async\" width=\"206\" height=\"300\" src=\"https:\/\/www.lirapopular.cl\/lirapopularxix\/wp-content\/uploads\/2019\/06\/371-206x300.jpg\" alt=\"\" class=\"wp-image-911\" srcset=\"https:\/\/www.lirapopular.cl\/lirapopularxix\/wp-content\/uploads\/2019\/06\/371-206x300.jpg 206w, https:\/\/www.lirapopular.cl\/lirapopularxix\/wp-content\/uploads\/2019\/06\/371.jpg 687w\" sizes=\"auto, (max-width: 206px) 100vw, 206px\" \/><\/a><figcaption>Colecci\u00f3n Lira Popular de la Universidad de Chile<\/figcaption><\/figure><\/div>\n\n\n\n<p>Autor: Jos\u00e9 Hip\u00f3lito Cordero<br>Impresor: Sin informaci\u00f3n<br>Tama\u00f1o: 35,9 x 53,3 cm.<br>Clasificaci\u00f3n: 371 C794s Caja N\u00b04b<\/p>\n\n\n\n<ul class=\"wp-block-list\"><li><a href=\"https:\/\/www.lirapopular.cl\/lirapopularxix\/2019\/06\/19\/la-desgraciada\/\">La desgraciada<\/a><\/li><li><a href=\"https:\/\/www.lirapopular.cl\/lirapopularxix\/2019\/06\/19\/los-aterrados-de-hoi\/\">Los aterrados de hoi<\/a><\/li><li><a href=\"https:\/\/www.lirapopular.cl\/lirapopularxix\/2019\/06\/19\/astronomia\/\">Astronom\u00eda<\/a><\/li><li><a href=\"https:\/\/www.lirapopular.cl\/lirapopularxix\/2019\/06\/19\/aladino\/\">Aladino<\/a><\/li><li><a href=\"https:\/\/www.lirapopular.cl\/lirapopularxix\/2019\/06\/19\/historia\/\">Historia<\/a><\/li><\/ul>\n\n\n\n<p>Nota: Este ejemplar tiene escrito a mano con l\u00e1piz rojo \u201c371\u201d<br>Lira con p\u00e9sima calidad de impresi\u00f3n, muchos textos ilegibles.<\/p>\n","protected":false},"excerpt":{"rendered":"<p>Autor: Jos\u00e9 Hip\u00f3lito CorderoImpresor: Sin informaci\u00f3nTama\u00f1o: 35,9 x 53,3 cm.Clasificaci\u00f3n: 371 C794s Caja N\u00b04b La desgraciada Los aterrados de hoi Astronom\u00eda Aladino Historia Nota: Este ejemplar tiene escrito a mano con l\u00e1piz rojo \u201c371\u201dLira con p\u00e9sima calidad de impresi\u00f3n, muchos textos ilegibles.<\/p>\n","protected":false},"author":1,"featured_media":0,"parent":0,"menu_order":0,"comment_status":"closed","ping_status":"closed","template":"","meta":{"footnotes":""},"class_list":["post-905","page","type-page","status-publish","hentry"],"jetpack_sharing_enabled":true,"_links":{"self":[{"href":"https:\/\/www.lirapopular.cl\/lirapopularxix\/wp-json\/wp\/v2\/pages\/905","targetHints":{"allow":["GET"]}}],"collection":[{"href":"https:\/\/www.lirapopular.cl\/lirapopularxix\/wp-json\/wp\/v2\/pages"}],"about":[{"href":"https:\/\/www.lirapopular.cl\/lirapopularxix\/wp-json\/wp\/v2\/types\/page"}],"author":[{"embeddable":true,"href":"https:\/\/www.lirapopular.cl\/lirapopularxix\/wp-json\/wp\/v2\/users\/1"}],"replies":[{"embeddable":true,"href":"https:\/\/www.lirapopular.cl\/lirapopularxix\/wp-json\/wp\/v2\/comments?post=905"}],"version-history":[{"count":0,"href":"https:\/\/www.lirapopular.cl\/lirapopularxix\/wp-json\/wp\/v2\/pages\/905\/revisions"}],"wp:attachment":[{"href":"https:\/\/www.lirapopular.cl\/lirapopularxix\/wp-json\/wp\/v2\/media?parent=905"}],"curies":[{"name":"wp","href":"https:\/\/api.w.org\/{rel}","templated":true}]}}