{"id":889,"date":"2019-06-19T10:16:34","date_gmt":"2019-06-19T14:16:34","guid":{"rendered":"https:\/\/www.lirapopular.cl\/lirapopularxix\/?page_id=889"},"modified":"2019-06-19T10:16:34","modified_gmt":"2019-06-19T14:16:34","slug":"contrapunto-entre-el-despachero-i-el-tomadorcomprame-nina-bonita","status":"publish","type":"page","link":"https:\/\/www.lirapopular.cl\/lirapopularxix\/contrapunto-entre-el-despachero-i-el-tomadorcomprame-nina-bonita\/","title":{"rendered":"CONTRAPUNTO ENTRE EL DESPACHERO I EL TOMADOR<BR>C\u00d3MPRAME NI\u00d1A BONITA"},"content":{"rendered":"\n<div class=\"wp-block-image\"><figure class=\"alignright\"><a href=\"https:\/\/www.lirapopular.cl\/lirapopularxix\/wp-content\/uploads\/2019\/06\/370.jpg\"><img loading=\"lazy\" decoding=\"async\" width=\"213\" height=\"300\" src=\"https:\/\/www.lirapopular.cl\/lirapopularxix\/wp-content\/uploads\/2019\/06\/370-213x300.jpg\" alt=\"\" class=\"wp-image-892\" srcset=\"https:\/\/www.lirapopular.cl\/lirapopularxix\/wp-content\/uploads\/2019\/06\/370-213x300.jpg 213w, https:\/\/www.lirapopular.cl\/lirapopularxix\/wp-content\/uploads\/2019\/06\/370.jpg 709w\" sizes=\"auto, (max-width: 213px) 100vw, 213px\" \/><\/a><figcaption>Colecci\u00f3n Lira Popular de la <br>Universidad de Chile<\/figcaption><\/figure><\/div>\n\n\n\n<p>Autor: Jos\u00e9 Hip\u00f3lito Cordero, Calle Ech\u00e1urren N\u00ba105.<br>Impresor: Sin informaci\u00f3n<br>Tama\u00f1o: 37,6 x 53,1 cm.<br>Clasificaci\u00f3n: 370 C794c Caja N\u00b04b, BN C\u00f3digo:\u00a0LO0012570<\/p>\n\n\n\n<ul class=\"wp-block-list\"><li><a href=\"https:\/\/www.lirapopular.cl\/lirapopularxix\/2019\/06\/19\/contrapunto-entre-el-despachero-i-el-tomador-comprame-nina-bonita\/\">Contrapunto entre el despachero y el tomador.<\/a><\/li><li><a href=\"https:\/\/www.lirapopular.cl\/lirapopularxix\/2019\/06\/19\/quejas-de-las-materaspor-la-carestia-de-la-yerba\/\">Quejas de las materas.<\/a><\/li><li><a href=\"https:\/\/www.lirapopular.cl\/lirapopularxix\/2019\/06\/19\/admirable-catastrofe-en-talagante\/\">Admirable catastrofe en Talagante.<\/a><\/li><\/ul>\n\n\n\n<p>Nota: El 1er ejemplar tiene escrito a mano con l\u00e1piz rojo \u201c370\u201d<br>El 2\u00ba ejemplar tiene escrito a mano con l\u00e1piz azul \u201c5\u201d, con plum\u00f3n &#8220;244&#8221;. En el reverso sobre un papel &#8220;69&#8221;<br>Documentos optimizados digitalmente.<\/p>\n\n\n\n<p><span style=\"color:#fffcfc\" class=\"has-inline-color\">.<\/span><\/p>\n\n\n\n<div class=\"wp-block-image\"><figure class=\"alignright size-medium\"><a href=\"https:\/\/www.lirapopular.cl\/lirapopularxix\/wp-content\/uploads\/2020\/07\/LO0012570.jpg\"><img loading=\"lazy\" decoding=\"async\" width=\"300\" height=\"202\" src=\"https:\/\/www.lirapopular.cl\/lirapopularxix\/wp-content\/uploads\/2020\/07\/LO0012570-300x202.jpg\" alt=\"\" class=\"wp-image-10302\" srcset=\"https:\/\/www.lirapopular.cl\/lirapopularxix\/wp-content\/uploads\/2020\/07\/LO0012570-300x202.jpg 300w, https:\/\/www.lirapopular.cl\/lirapopularxix\/wp-content\/uploads\/2020\/07\/LO0012570-768x518.jpg 768w, https:\/\/www.lirapopular.cl\/lirapopularxix\/wp-content\/uploads\/2020\/07\/LO0012570.jpg 1000w\" sizes=\"auto, (max-width: 300px) 100vw, 300px\" \/><\/a><figcaption>Archivo de Literatura Oral<br>Colecci\u00f3n Alamiro de \u00c1vila<\/figcaption><\/figure><\/div>\n","protected":false},"excerpt":{"rendered":"<p>Autor: Jos\u00e9 Hip\u00f3lito Cordero, Calle Ech\u00e1urren N\u00ba105.Impresor: Sin informaci\u00f3nTama\u00f1o: 37,6 x 53,1 cm.Clasificaci\u00f3n: 370 C794c Caja N\u00b04b, BN C\u00f3digo:\u00a0LO0012570 Contrapunto entre el despachero y el tomador. Quejas de las materas. Admirable catastrofe en Talagante. Nota: El 1er ejemplar tiene escrito a mano con l\u00e1piz rojo \u201c370\u201dEl 2\u00ba ejemplar tiene escrito a mano con l\u00e1piz azul [&hellip;]<\/p>\n","protected":false},"author":1,"featured_media":0,"parent":0,"menu_order":0,"comment_status":"closed","ping_status":"closed","template":"","meta":{"footnotes":""},"class_list":["post-889","page","type-page","status-publish","hentry"],"jetpack_sharing_enabled":true,"_links":{"self":[{"href":"https:\/\/www.lirapopular.cl\/lirapopularxix\/wp-json\/wp\/v2\/pages\/889","targetHints":{"allow":["GET"]}}],"collection":[{"href":"https:\/\/www.lirapopular.cl\/lirapopularxix\/wp-json\/wp\/v2\/pages"}],"about":[{"href":"https:\/\/www.lirapopular.cl\/lirapopularxix\/wp-json\/wp\/v2\/types\/page"}],"author":[{"embeddable":true,"href":"https:\/\/www.lirapopular.cl\/lirapopularxix\/wp-json\/wp\/v2\/users\/1"}],"replies":[{"embeddable":true,"href":"https:\/\/www.lirapopular.cl\/lirapopularxix\/wp-json\/wp\/v2\/comments?post=889"}],"version-history":[{"count":0,"href":"https:\/\/www.lirapopular.cl\/lirapopularxix\/wp-json\/wp\/v2\/pages\/889\/revisions"}],"wp:attachment":[{"href":"https:\/\/www.lirapopular.cl\/lirapopularxix\/wp-json\/wp\/v2\/media?parent=889"}],"curies":[{"name":"wp","href":"https:\/\/api.w.org\/{rel}","templated":true}]}}