{"id":87,"date":"2019-06-02T03:49:40","date_gmt":"2019-06-02T03:49:40","guid":{"rendered":"https:\/\/www.lirapopular.cl\/lirapopularxix\/?page_id=87"},"modified":"2019-06-02T03:49:40","modified_gmt":"2019-06-02T03:49:40","slug":"horroroso-salteo-en-san-rafael","status":"publish","type":"page","link":"https:\/\/www.lirapopular.cl\/lirapopularxix\/horroroso-salteo-en-san-rafael\/","title":{"rendered":"Horroroso salteo en San Rafael<br>El due\u00f1o de  casa muerto a balazos"},"content":{"rendered":"\n<div class=\"wp-block-image\"><figure class=\"alignright\"><a href=\"https:\/\/www.lirapopular.cl\/lirapopularxix\/wp-content\/uploads\/2019\/06\/342-1.jpg\"><img loading=\"lazy\" decoding=\"async\" width=\"215\" height=\"300\" src=\"https:\/\/www.lirapopular.cl\/lirapopularxix\/wp-content\/uploads\/2019\/06\/342-1-215x300.jpg\" alt=\"\" class=\"wp-image-89\" srcset=\"https:\/\/www.lirapopular.cl\/lirapopularxix\/wp-content\/uploads\/2019\/06\/342-1-215x300.jpg 215w, https:\/\/www.lirapopular.cl\/lirapopularxix\/wp-content\/uploads\/2019\/06\/342-1.jpg 717w\" sizes=\"auto, (max-width: 215px) 100vw, 215px\" \/><\/a><figcaption>Colecci\u00f3n Lira Popular de la <br>Universidad de Chile<\/figcaption><\/figure><\/div>\n\n\n\n<p>Autor: Rosa Araneda, Calle de Za\u00f1artu, N\u00famero 9\u00a0\u00a0Entre San Pablo i Sama<br>Impresor: Sin informaci\u00f3n<br>Tama\u00f1o: 37,2 x 53,4 cm<br>Clasificaci\u00f3n: 342 A663h Caja N\u00b04b<br>BN C\u00f3digo: LO0012164<\/p>\n\n\n\n<ul class=\"wp-block-list\"><li><a href=\"https:\/\/www.lirapopular.cl\/lirapopularxix\/2019\/06\/02\/horroroso-salteo\/\">Horroroso salteo en San Rafael. El due\u00f1o de casa muerto a balazos<\/a><\/li><li><a href=\"https:\/\/www.lirapopular.cl\/lirapopularxix\/horroroso-salteo-en-san-rafael\/\">E<\/a><a href=\"https:\/\/www.lirapopular.cl\/lirapopularxix\/2019\/06\/02\/el-marido-que-le-pego\/?preview_id=95&amp;preview_nonce=aab34adb74&amp;preview=true\">l marido que le peg\u00f3 siete pu\u00f1aladas a su mujer y la mat\u00f3, y en seguida se ultim\u00f3 el.<\/a><\/li><li><a href=\"https:\/\/www.lirapopular.cl\/lirapopularxix\/2019\/06\/02\/el-cambio-de-baja\/\">El cambio de baja es la carest\u00eda en Chile<\/a><\/li><li><a href=\"https:\/\/www.lirapopular.cl\/lirapopularxix\/2019\/06\/02\/despedida-de-anjelito\/\">Despedida de angelito<\/a><\/li><li><a href=\"https:\/\/www.lirapopular.cl\/lirapopularxix\/2019\/06\/02\/versos-del-lloro-i-canto\/\">Versos de lloro y canto de una tortolilla <\/a><\/li><li><a href=\"https:\/\/www.lirapopular.cl\/lirapopularxix\/2019\/06\/02\/sigue-la-aventura-de-dos-jovenes-i-una-dama\/\">Sigue la aventura de dos j\u00f3venes y una dama<\/a><\/li><\/ul>\n\n\n\n<p>Nota: El 1er ejemplar tiene escrito a mano con l\u00e1piz rojo \u201c342\u201d<br>El 2\u00ba ejemplar tiene escrito a mano con l\u00e1piz rojo \u201c-32-\u201d y con l\u00e1piz azul &#8220;salteo&#8221;, &#8220;asesinato&#8221;, &#8220;social&#8221;, &#8220;anjelitos&#8221;, &#8220;Literatura&#8221;.<br>Documentos optimizados digitalmente.<\/p>\n\n\n\n<div class=\"wp-block-image\"><figure class=\"alignright size-medium\"><a href=\"https:\/\/www.lirapopular.cl\/lirapopularxix\/wp-content\/uploads\/2020\/06\/LO0012164.jpg\"><img loading=\"lazy\" decoding=\"async\" width=\"210\" height=\"300\" src=\"https:\/\/www.lirapopular.cl\/lirapopularxix\/wp-content\/uploads\/2020\/06\/LO0012164-210x300.jpg\" alt=\"\" class=\"wp-image-9887\" srcset=\"https:\/\/www.lirapopular.cl\/lirapopularxix\/wp-content\/uploads\/2020\/06\/LO0012164-210x300.jpg 210w, https:\/\/www.lirapopular.cl\/lirapopularxix\/wp-content\/uploads\/2020\/06\/LO0012164.jpg 701w\" sizes=\"auto, (max-width: 210px) 100vw, 210px\" \/><\/a><figcaption>Archivo de Literatura Oral<br>Fondo Rodolfo Lenz<\/figcaption><\/figure><\/div>\n\n\n\n<p><br><\/p>\n","protected":false},"excerpt":{"rendered":"<p>Autor: Rosa Araneda, Calle de Za\u00f1artu, N\u00famero 9\u00a0\u00a0Entre San Pablo i SamaImpresor: Sin informaci\u00f3nTama\u00f1o: 37,2 x 53,4 cmClasificaci\u00f3n: 342 A663h Caja N\u00b04bBN C\u00f3digo: LO0012164 Horroroso salteo en San Rafael. El due\u00f1o de casa muerto a balazos El marido que le peg\u00f3 siete pu\u00f1aladas a su mujer y la mat\u00f3, y en seguida se ultim\u00f3 el. [&hellip;]<\/p>\n","protected":false},"author":1,"featured_media":0,"parent":0,"menu_order":0,"comment_status":"closed","ping_status":"closed","template":"","meta":{"footnotes":""},"class_list":["post-87","page","type-page","status-publish","hentry"],"jetpack_sharing_enabled":true,"_links":{"self":[{"href":"https:\/\/www.lirapopular.cl\/lirapopularxix\/wp-json\/wp\/v2\/pages\/87","targetHints":{"allow":["GET"]}}],"collection":[{"href":"https:\/\/www.lirapopular.cl\/lirapopularxix\/wp-json\/wp\/v2\/pages"}],"about":[{"href":"https:\/\/www.lirapopular.cl\/lirapopularxix\/wp-json\/wp\/v2\/types\/page"}],"author":[{"embeddable":true,"href":"https:\/\/www.lirapopular.cl\/lirapopularxix\/wp-json\/wp\/v2\/users\/1"}],"replies":[{"embeddable":true,"href":"https:\/\/www.lirapopular.cl\/lirapopularxix\/wp-json\/wp\/v2\/comments?post=87"}],"version-history":[{"count":0,"href":"https:\/\/www.lirapopular.cl\/lirapopularxix\/wp-json\/wp\/v2\/pages\/87\/revisions"}],"wp:attachment":[{"href":"https:\/\/www.lirapopular.cl\/lirapopularxix\/wp-json\/wp\/v2\/media?parent=87"}],"curies":[{"name":"wp","href":"https:\/\/api.w.org\/{rel}","templated":true}]}}