{"id":8550,"date":"2020-04-30T16:08:26","date_gmt":"2020-04-30T20:08:26","guid":{"rendered":"https:\/\/www.lirapopular.cl\/lirapopularxix\/?page_id=8550"},"modified":"2020-04-30T16:08:26","modified_gmt":"2020-04-30T20:08:26","slug":"nuevo-contrapunto-de-dos-razones","status":"publish","type":"page","link":"https:\/\/www.lirapopular.cl\/lirapopularxix\/nuevo-contrapunto-de-dos-razones\/","title":{"rendered":"Nuevo contrapunto de dos razones entre don Federico Err\u00e1zuriz i don Vicente Reyes <br>El pateo de la Alianza Liberal-Radical"},"content":{"rendered":"\n<div class=\"wp-block-image\"><figure class=\"alignright size-medium\"><a href=\"https:\/\/www.lirapopular.cl\/lirapopularxix\/wp-content\/uploads\/2020\/04\/044.jpg\"><img loading=\"lazy\" decoding=\"async\" width=\"225\" height=\"300\" src=\"https:\/\/www.lirapopular.cl\/lirapopularxix\/wp-content\/uploads\/2020\/04\/044-225x300.jpg\" alt=\"\" class=\"wp-image-8551\" srcset=\"https:\/\/www.lirapopular.cl\/lirapopularxix\/wp-content\/uploads\/2020\/04\/044-225x300.jpg 225w, https:\/\/www.lirapopular.cl\/lirapopularxix\/wp-content\/uploads\/2020\/04\/044.jpg 749w\" sizes=\"auto, (max-width: 225px) 100vw, 225px\" \/><\/a><figcaption>Colecci\u00f3n Lira Popular de la Universidad de Chile<\/figcaption><\/figure><\/div>\n\n\n\n<p>Autor: Daniel Meneses, poeta nortino, Za\u00f1artu, 14<br>Impresor: Imprenta, Moneda, 25<br>Tama\u00f1o: 51,4 x 37,2 cm<br>Clasificaci\u00f3n: 44 M543n Caja N\u00b05<\/p>\n\n\n\n<ul class=\"wp-block-list\"><li><a href=\"https:\/\/www.lirapopular.cl\/lirapopularxix\/2020\/05\/02\/nuevo-contrapunto-de-dos-razones-entre-don-federico-errazuriz-i-don-vicente-reyes\/\">Nuevo contrapunto de dos razones entre don Federico Err\u00e1zuriz y don Vicente Reyes<\/a><\/li><li><a href=\"https:\/\/www.lirapopular.cl\/lirapopularxix\/2020\/05\/02\/el-pateo-de-la-alianza-liberal-radical\/\">El pateo de la Alianza-Liberal Radical<\/a><\/li><li><a href=\"https:\/\/www.lirapopular.cl\/lirapopularxix\/2020\/05\/02\/versos-de-literatura-13\/\">Versos de literatura<\/a><\/li><li><a href=\"https:\/\/www.lirapopular.cl\/lirapopularxix\/2020\/05\/02\/versos-humanos-las-senas-de-mi-querida\/\">Versos humanos. Las se\u00f1as de mi querida<\/a><\/li><li><a href=\"https:\/\/www.lirapopular.cl\/lirapopularxix\/2020\/05\/02\/versos-dedicados-al-poetastro-desiderio-parra\/\">Versos dedicados al poetastro Desiderio Parra<\/a><\/li><li><a href=\"https:\/\/www.lirapopular.cl\/lirapopularxix\/2020\/05\/02\/los-grandes-temporales-en-chile-i-las-ruinas-en-el-sur\/\">Los grandes temporales en Chile y las ruinas en el Sur<\/a><\/li><\/ul>\n\n\n\n<p>Nota: Este ejemplar tiene escrito a mano con l\u00e1piz grafito \u201c43\/44\u201d<br>Documento optimizado digitalmente.<\/p>\n","protected":false},"excerpt":{"rendered":"<p>Autor: Daniel Meneses, poeta nortino, Za\u00f1artu, 14Impresor: Imprenta, Moneda, 25Tama\u00f1o: 51,4 x 37,2 cmClasificaci\u00f3n: 44 M543n Caja N\u00b05 Nuevo contrapunto de dos razones entre don Federico Err\u00e1zuriz y don Vicente Reyes El pateo de la Alianza-Liberal Radical Versos de literatura Versos humanos. Las se\u00f1as de mi querida Versos dedicados al poetastro Desiderio Parra Los grandes [&hellip;]<\/p>\n","protected":false},"author":1,"featured_media":0,"parent":0,"menu_order":0,"comment_status":"closed","ping_status":"closed","template":"","meta":{"footnotes":""},"class_list":["post-8550","page","type-page","status-publish","hentry"],"jetpack_sharing_enabled":true,"_links":{"self":[{"href":"https:\/\/www.lirapopular.cl\/lirapopularxix\/wp-json\/wp\/v2\/pages\/8550","targetHints":{"allow":["GET"]}}],"collection":[{"href":"https:\/\/www.lirapopular.cl\/lirapopularxix\/wp-json\/wp\/v2\/pages"}],"about":[{"href":"https:\/\/www.lirapopular.cl\/lirapopularxix\/wp-json\/wp\/v2\/types\/page"}],"author":[{"embeddable":true,"href":"https:\/\/www.lirapopular.cl\/lirapopularxix\/wp-json\/wp\/v2\/users\/1"}],"replies":[{"embeddable":true,"href":"https:\/\/www.lirapopular.cl\/lirapopularxix\/wp-json\/wp\/v2\/comments?post=8550"}],"version-history":[{"count":0,"href":"https:\/\/www.lirapopular.cl\/lirapopularxix\/wp-json\/wp\/v2\/pages\/8550\/revisions"}],"wp:attachment":[{"href":"https:\/\/www.lirapopular.cl\/lirapopularxix\/wp-json\/wp\/v2\/media?parent=8550"}],"curies":[{"name":"wp","href":"https:\/\/api.w.org\/{rel}","templated":true}]}}