{"id":849,"date":"2019-06-18T20:05:25","date_gmt":"2019-06-19T00:05:25","guid":{"rendered":"https:\/\/www.lirapopular.cl\/lirapopularxix\/?page_id=849"},"modified":"2019-06-18T20:05:25","modified_gmt":"2019-06-19T00:05:25","slug":"fusilamiento-del-reo-juan-ruiz-en-rancagua","status":"publish","type":"page","link":"https:\/\/www.lirapopular.cl\/lirapopularxix\/fusilamiento-del-reo-juan-ruiz-en-rancagua\/","title":{"rendered":"Fusilamiento del reo Juan Ruiz en Rancagua"},"content":{"rendered":"\n<div class=\"wp-block-image\"><figure class=\"alignright\"><a href=\"https:\/\/www.lirapopular.cl\/lirapopularxix\/wp-content\/uploads\/2019\/06\/369.jpg\"><img loading=\"lazy\" decoding=\"async\" width=\"211\" height=\"300\" src=\"https:\/\/www.lirapopular.cl\/lirapopularxix\/wp-content\/uploads\/2019\/06\/369-211x300.jpg\" alt=\"\" class=\"wp-image-852\" srcset=\"https:\/\/www.lirapopular.cl\/lirapopularxix\/wp-content\/uploads\/2019\/06\/369-211x300.jpg 211w, https:\/\/www.lirapopular.cl\/lirapopularxix\/wp-content\/uploads\/2019\/06\/369.jpg 702w\" sizes=\"auto, (max-width: 211px) 100vw, 211px\" \/><\/a><figcaption>Colecci\u00f3n Lira Popular de la <br>Universidad de Chile<\/figcaption><\/figure><\/div>\n\n\n\n<p>Autor: Jos\u00e9 Hip\u00f3lito Cordero, Calle Echaurren N\u00ba 105.<br>Impresor: Sin informaci\u00f3n<br>Tama\u00f1o: 37,7 x 53,2 cm.<br>Clasificaci\u00f3n: 369 C794j Caja N\u00b04b, BN C\u00f3digo: LO0012041<\/p>\n\n\n\n<ul class=\"wp-block-list\"><li><a href=\"https:\/\/www.lirapopular.cl\/lirapopularxix\/2019\/06\/18\/fusilamiento-del-reo-juan-ruiz-i-carta-de-desdedida-a-la-querida-hermana\/\">Fusilamiento del reo Juan Ruiz<\/a><\/li><li><a href=\"https:\/\/www.lirapopular.cl\/lirapopularxix\/2019\/06\/18\/intento-de-asalto\/\">Intento de asalto al Cuartel de Artiller\u00eda<\/a><\/li><li><a href=\"https:\/\/www.lirapopular.cl\/lirapopularxix\/2019\/06\/18\/padecimiento-de-jesus\/\">Padecimiento de Jes\u00fas<\/a><\/li><li><a href=\"https:\/\/www.lirapopular.cl\/lirapopularxix\/2019\/06\/18\/verso-de-literatura\/\">Verso de literatura<\/a><\/li><li><a href=\"https:\/\/www.lirapopular.cl\/lirapopularxix\/2019\/06\/18\/verso-adivinanza\/\">Verso adivinanza<\/a><\/li><\/ul>\n\n\n\n<p>Nota: El 1er ejemplar tiene escrito a mano con l\u00e1piz rojo \u201c369\u201d<br>El 2\u00ba ejemplar tiene escrito a mano con l\u00e1piz rojo \u201c-12-\u201d, con l\u00e1piz grafito \u201c1892\u201d, \u201c34\u201d y con un timbre \u201c121\u201d.<br>Documentos optimizados digitalmente.<\/p>\n\n\n\n<div class=\"wp-block-image\"><figure class=\"alignright size-medium\"><a href=\"https:\/\/www.lirapopular.cl\/lirapopularxix\/wp-content\/uploads\/2020\/07\/LO0012041.jpg\"><img loading=\"lazy\" decoding=\"async\" width=\"207\" height=\"300\" src=\"https:\/\/www.lirapopular.cl\/lirapopularxix\/wp-content\/uploads\/2020\/07\/LO0012041-207x300.jpg\" alt=\"\" class=\"wp-image-10862\" srcset=\"https:\/\/www.lirapopular.cl\/lirapopularxix\/wp-content\/uploads\/2020\/07\/LO0012041-207x300.jpg 207w, https:\/\/www.lirapopular.cl\/lirapopularxix\/wp-content\/uploads\/2020\/07\/LO0012041.jpg 690w\" sizes=\"auto, (max-width: 207px) 100vw, 207px\" \/><\/a><figcaption>Archivo de Literatura Oral<br>Fondo Rodolfo Lenz<\/figcaption><\/figure><\/div>\n","protected":false},"excerpt":{"rendered":"<p>Autor: Jos\u00e9 Hip\u00f3lito Cordero, Calle Echaurren N\u00ba 105.Impresor: Sin informaci\u00f3nTama\u00f1o: 37,7 x 53,2 cm.Clasificaci\u00f3n: 369 C794j Caja N\u00b04b, BN C\u00f3digo: LO0012041 Fusilamiento del reo Juan Ruiz Intento de asalto al Cuartel de Artiller\u00eda Padecimiento de Jes\u00fas Verso de literatura Verso adivinanza Nota: El 1er ejemplar tiene escrito a mano con l\u00e1piz rojo \u201c369\u201dEl 2\u00ba ejemplar [&hellip;]<\/p>\n","protected":false},"author":1,"featured_media":0,"parent":0,"menu_order":0,"comment_status":"closed","ping_status":"closed","template":"","meta":{"footnotes":""},"class_list":["post-849","page","type-page","status-publish","hentry"],"jetpack_sharing_enabled":true,"_links":{"self":[{"href":"https:\/\/www.lirapopular.cl\/lirapopularxix\/wp-json\/wp\/v2\/pages\/849","targetHints":{"allow":["GET"]}}],"collection":[{"href":"https:\/\/www.lirapopular.cl\/lirapopularxix\/wp-json\/wp\/v2\/pages"}],"about":[{"href":"https:\/\/www.lirapopular.cl\/lirapopularxix\/wp-json\/wp\/v2\/types\/page"}],"author":[{"embeddable":true,"href":"https:\/\/www.lirapopular.cl\/lirapopularxix\/wp-json\/wp\/v2\/users\/1"}],"replies":[{"embeddable":true,"href":"https:\/\/www.lirapopular.cl\/lirapopularxix\/wp-json\/wp\/v2\/comments?post=849"}],"version-history":[{"count":0,"href":"https:\/\/www.lirapopular.cl\/lirapopularxix\/wp-json\/wp\/v2\/pages\/849\/revisions"}],"wp:attachment":[{"href":"https:\/\/www.lirapopular.cl\/lirapopularxix\/wp-json\/wp\/v2\/media?parent=849"}],"curies":[{"name":"wp","href":"https:\/\/api.w.org\/{rel}","templated":true}]}}