{"id":829,"date":"2019-06-18T17:14:15","date_gmt":"2019-06-18T21:14:15","guid":{"rendered":"https:\/\/www.lirapopular.cl\/lirapopularxix\/?page_id=829"},"modified":"2019-06-18T17:14:15","modified_gmt":"2019-06-18T21:14:15","slug":"espantoso-sucesode-la-nina-espirituada","status":"publish","type":"page","link":"https:\/\/www.lirapopular.cl\/lirapopularxix\/espantoso-sucesode-la-nina-espirituada\/","title":{"rendered":"Espantoso suceso<br>de la ni\u00f1a espirituada"},"content":{"rendered":"\n<div class=\"wp-block-image\"><figure class=\"alignright\"><a href=\"https:\/\/www.lirapopular.cl\/lirapopularxix\/wp-content\/uploads\/2019\/06\/368.jpg\"><img loading=\"lazy\" decoding=\"async\" width=\"218\" height=\"300\" src=\"https:\/\/www.lirapopular.cl\/lirapopularxix\/wp-content\/uploads\/2019\/06\/368-218x300.jpg\" alt=\"\" class=\"wp-image-830\" srcset=\"https:\/\/www.lirapopular.cl\/lirapopularxix\/wp-content\/uploads\/2019\/06\/368-218x300.jpg 218w, https:\/\/www.lirapopular.cl\/lirapopularxix\/wp-content\/uploads\/2019\/06\/368.jpg 726w\" sizes=\"auto, (max-width: 218px) 100vw, 218px\" \/><\/a><figcaption>Colecci\u00f3n Lira Popular de la <br>Universidad de Chile<\/figcaption><\/figure><\/div>\n\n\n\n<p>Autor: J. Hip\u00f3lito Cordero<br>Impresor: Sin informaci\u00f3n<br>Tama\u00f1o: 53 x 37,2 cm.<br>Clasificaci\u00f3n: 368 C794s Caja N\u00b04b, C\u00f3digo BN LO0012568\u00a0<\/p>\n\n\n\n<ul class=\"wp-block-list\"><li><a href=\"https:\/\/www.lirapopular.cl\/lirapopularxix\/2019\/06\/18\/la-nina-espirituada\/\">La ni\u00f1a espirituada<\/a><\/li><li><a href=\"https:\/\/www.lirapopular.cl\/lirapopularxix\/2019\/06\/18\/literatura-3\/\">Literatura<\/a><\/li><li><a href=\"https:\/\/www.lirapopular.cl\/lirapopularxix\/2019\/06\/18\/brindis-de-briceno\/\"><\/a><a href=\"https:\/\/www.lirapopular.cl\/lirapopularxix\/2019\/06\/18\/brindis-de-briceno\/\">Brindis de Brice\u00f1o<\/a><\/li><li><a href=\"https:\/\/www.lirapopular.cl\/lirapopularxix\/2020\/07\/26\/brindis-de-las-ninas\/\">Brindis de las ni\u00f1as<\/a><\/li><li><a href=\"https:\/\/www.lirapopular.cl\/lirapopularxix\/2019\/06\/18\/el-mundo-al-reves\/\">El  mundo al rev\u00e9s<\/a><\/li><li><a href=\"https:\/\/www.lirapopular.cl\/lirapopularxix\/2019\/06\/18\/el-huaso\/\">El huaso<\/a><\/li><\/ul>\n\n\n\n<p>Nota: El 1er ejemplar tiene escrito a mano con l\u00e1piz rojo \u201c368\u201d<br>El 2\u00ba ejemplar tiene escrito a mano con l\u00e1piz azul \u201c3\u201d y con plum\u00f3n &#8220;242&#8221;. En el reverso sobre un papel &#8220;48&#8221;<\/p>\n\n\n\n<p>Este documento se reimprimi\u00f3 con el t\u00edtulo: &#8220;Espantoso suceso de la espirituada&#8221; y con ambos hemos completado las zonas dudosas, <a href=\"https:\/\/www.lirapopular.cl\/lirapopularxix\/espantoso-suceso-de-la-espirituada\/\">ver<\/a> respetando los peque\u00f1os cambios.<\/p>\n\n\n\n<div class=\"wp-block-image\"><figure class=\"alignright size-medium\"><a href=\"https:\/\/www.lirapopular.cl\/lirapopularxix\/wp-content\/uploads\/2020\/07\/LO0012568.jpg\"><img loading=\"lazy\" decoding=\"async\" width=\"300\" height=\"198\" src=\"https:\/\/www.lirapopular.cl\/lirapopularxix\/wp-content\/uploads\/2020\/07\/LO0012568-300x198.jpg\" alt=\"\" class=\"wp-image-10804\" srcset=\"https:\/\/www.lirapopular.cl\/lirapopularxix\/wp-content\/uploads\/2020\/07\/LO0012568-300x198.jpg 300w, https:\/\/www.lirapopular.cl\/lirapopularxix\/wp-content\/uploads\/2020\/07\/LO0012568-768x507.jpg 768w, https:\/\/www.lirapopular.cl\/lirapopularxix\/wp-content\/uploads\/2020\/07\/LO0012568.jpg 1000w\" sizes=\"auto, (max-width: 300px) 100vw, 300px\" \/><\/a><figcaption>Archivo de Literatura Oral<br>Colecci\u00f3n Alamiro de \u00c1vila<\/figcaption><\/figure><\/div>\n","protected":false},"excerpt":{"rendered":"<p>Autor: J. Hip\u00f3lito CorderoImpresor: Sin informaci\u00f3nTama\u00f1o: 53 x 37,2 cm.Clasificaci\u00f3n: 368 C794s Caja N\u00b04b, C\u00f3digo BN LO0012568\u00a0 La ni\u00f1a espirituada Literatura Brindis de Brice\u00f1o Brindis de las ni\u00f1as El mundo al rev\u00e9s El huaso Nota: El 1er ejemplar tiene escrito a mano con l\u00e1piz rojo \u201c368\u201dEl 2\u00ba ejemplar tiene escrito a mano con l\u00e1piz azul [&hellip;]<\/p>\n","protected":false},"author":1,"featured_media":0,"parent":0,"menu_order":0,"comment_status":"closed","ping_status":"closed","template":"","meta":{"footnotes":""},"class_list":["post-829","page","type-page","status-publish","hentry"],"jetpack_sharing_enabled":true,"_links":{"self":[{"href":"https:\/\/www.lirapopular.cl\/lirapopularxix\/wp-json\/wp\/v2\/pages\/829","targetHints":{"allow":["GET"]}}],"collection":[{"href":"https:\/\/www.lirapopular.cl\/lirapopularxix\/wp-json\/wp\/v2\/pages"}],"about":[{"href":"https:\/\/www.lirapopular.cl\/lirapopularxix\/wp-json\/wp\/v2\/types\/page"}],"author":[{"embeddable":true,"href":"https:\/\/www.lirapopular.cl\/lirapopularxix\/wp-json\/wp\/v2\/users\/1"}],"replies":[{"embeddable":true,"href":"https:\/\/www.lirapopular.cl\/lirapopularxix\/wp-json\/wp\/v2\/comments?post=829"}],"version-history":[{"count":0,"href":"https:\/\/www.lirapopular.cl\/lirapopularxix\/wp-json\/wp\/v2\/pages\/829\/revisions"}],"wp:attachment":[{"href":"https:\/\/www.lirapopular.cl\/lirapopularxix\/wp-json\/wp\/v2\/media?parent=829"}],"curies":[{"name":"wp","href":"https:\/\/api.w.org\/{rel}","templated":true}]}}