{"id":7795,"date":"2020-03-28T16:18:41","date_gmt":"2020-03-28T20:18:41","guid":{"rendered":"https:\/\/www.lirapopular.cl\/lirapopularxix\/?page_id=7795"},"modified":"2020-03-28T16:18:41","modified_gmt":"2020-03-28T20:18:41","slug":"terribles-crimenes-en-santiago","status":"publish","type":"page","link":"https:\/\/www.lirapopular.cl\/lirapopularxix\/terribles-crimenes-en-santiago\/","title":{"rendered":"\u00a1TERRIBLES CR\u00cdMENES EN SANTIAGO <BR>LA TRISTE SITUACION DE CHILE <BR>Dos Reos Sentenciados a Muerte"},"content":{"rendered":"\n<div class=\"wp-block-image\"><figure class=\"alignright size-medium\"><a href=\"https:\/\/www.lirapopular.cl\/lirapopularxix\/wp-content\/uploads\/2020\/03\/608.jpg\"><img loading=\"lazy\" decoding=\"async\" width=\"209\" height=\"300\" src=\"https:\/\/www.lirapopular.cl\/lirapopularxix\/wp-content\/uploads\/2020\/03\/608-209x300.jpg\" alt=\"\" class=\"wp-image-7796\" srcset=\"https:\/\/www.lirapopular.cl\/lirapopularxix\/wp-content\/uploads\/2020\/03\/608-209x300.jpg 209w, https:\/\/www.lirapopular.cl\/lirapopularxix\/wp-content\/uploads\/2020\/03\/608.jpg 697w\" sizes=\"auto, (max-width: 209px) 100vw, 209px\" \/><\/a><figcaption>Colecci\u00f3n Lira Popular de la Universidad de Chile<\/figcaption><\/figure><\/div>\n\n\n\n<p>Autor: El \u00d1ato Quillotano<br>Impresor: Sin informaci\u00f3n<br>Tama\u00f1o: 72 x 52 cm<br>Clasificaci\u00f3n: 608 Q6t Caja N\u00b011a<\/p>\n\n\n\n<ul class=\"wp-block-list\"><li><a href=\"https:\/\/www.lirapopular.cl\/lirapopularxix\/2021\/01\/23\/terribles-crimenes-en-santiagola-triste-situacion-de-chiledos-reos-sentenciados-a-muerte\/\">Drama horroroso en la calle de Aldunate<\/a><\/li><li><a href=\"https:\/\/www.lirapopular.cl\/lirapopularxix\/2021\/01\/23\/el-guardian-asesinado-a-balazos-en-la-calle-de-maipu\/\">El guardi\u00e1n asesinado a balazos en la calle de Maip\u00fa<\/a><\/li><li><a href=\"https:\/\/www.lirapopular.cl\/lirapopularxix\/2021\/01\/23\/captura-i-proxima-sentencia\/\">Captura y pr\u00f3xima sentencia<\/a><\/li><li><a href=\"https:\/\/www.lirapopular.cl\/lirapopularxix\/2021\/01\/23\/la-fuga-del-reo-briseno\/\">La fuga del reo Brise\u00f1o<\/a><\/li><li><a href=\"https:\/\/www.lirapopular.cl\/lirapopularxix\/2021\/01\/23\/nueva-tentativa-revolucionaria\/\">Nueva tentativa revolucionaria<\/a><\/li><li><a href=\"https:\/\/www.lirapopular.cl\/lirapopularxix\/2021\/01\/23\/horrible-suceso-en-la-calle-borgono\/\">Horrible suceso en la calle Borgo\u00f1o<\/a><\/li><li><a href=\"https:\/\/www.lirapopular.cl\/lirapopularxix\/2021\/01\/23\/el-reo-pedro-ponce-condenado-a-la-pena-capital\/\">El reo Pedro Ponce condenado a la pena capital<\/a><\/li><li><a href=\"https:\/\/www.lirapopular.cl\/lirapopularxix\/2021\/01\/23\/brindis-de-un-huaso-2\/\">Brindis de un huaso<\/a><\/li><li><a href=\"https:\/\/www.lirapopular.cl\/lirapopularxix\/2021\/01\/23\/la-triste-situacion-de-chile\/\">La triste situaci\u00f3n de Chile<\/a><\/li><\/ul>\n\n\n\n<p>Nota: Este ejemplar tiene escrito a mano con l\u00e1piz rojo \u201c608\u201d<br>Ejemplar en mal estado de digitalizaci\u00f3n<\/p>\n","protected":false},"excerpt":{"rendered":"<p>Autor: El \u00d1ato QuillotanoImpresor: Sin informaci\u00f3nTama\u00f1o: 72 x 52 cmClasificaci\u00f3n: 608 Q6t Caja N\u00b011a Drama horroroso en la calle de Aldunate El guardi\u00e1n asesinado a balazos en la calle de Maip\u00fa Captura y pr\u00f3xima sentencia La fuga del reo Brise\u00f1o Nueva tentativa revolucionaria Horrible suceso en la calle Borgo\u00f1o El reo Pedro Ponce condenado a [&hellip;]<\/p>\n","protected":false},"author":1,"featured_media":0,"parent":0,"menu_order":0,"comment_status":"closed","ping_status":"closed","template":"","meta":{"footnotes":""},"class_list":["post-7795","page","type-page","status-publish","hentry"],"jetpack_sharing_enabled":true,"_links":{"self":[{"href":"https:\/\/www.lirapopular.cl\/lirapopularxix\/wp-json\/wp\/v2\/pages\/7795","targetHints":{"allow":["GET"]}}],"collection":[{"href":"https:\/\/www.lirapopular.cl\/lirapopularxix\/wp-json\/wp\/v2\/pages"}],"about":[{"href":"https:\/\/www.lirapopular.cl\/lirapopularxix\/wp-json\/wp\/v2\/types\/page"}],"author":[{"embeddable":true,"href":"https:\/\/www.lirapopular.cl\/lirapopularxix\/wp-json\/wp\/v2\/users\/1"}],"replies":[{"embeddable":true,"href":"https:\/\/www.lirapopular.cl\/lirapopularxix\/wp-json\/wp\/v2\/comments?post=7795"}],"version-history":[{"count":0,"href":"https:\/\/www.lirapopular.cl\/lirapopularxix\/wp-json\/wp\/v2\/pages\/7795\/revisions"}],"wp:attachment":[{"href":"https:\/\/www.lirapopular.cl\/lirapopularxix\/wp-json\/wp\/v2\/media?parent=7795"}],"curies":[{"name":"wp","href":"https:\/\/api.w.org\/{rel}","templated":true}]}}