{"id":749,"date":"2019-06-16T21:09:26","date_gmt":"2019-06-17T01:09:26","guid":{"rendered":"https:\/\/www.lirapopular.cl\/lirapopularxix\/?page_id=749"},"modified":"2019-06-16T21:09:26","modified_gmt":"2019-06-17T01:09:26","slug":"comprenme-bellas-damassan-griento-drama-en-las-condesdoralisa-destrozada-por-un-asesino","status":"publish","type":"page","link":"https:\/\/www.lirapopular.cl\/lirapopularxix\/comprenme-bellas-damassan-griento-drama-en-las-condesdoralisa-destrozada-por-un-asesino\/","title":{"rendered":"C\u00f3mprenme bellas damas<br>Sangriento drama en Las Condes<\/br>Doralisa destrozada por un asesino"},"content":{"rendered":"<div class=\"wp-block-image\">\n<figure class=\"alignright\"><a href=\"https:\/\/www.lirapopular.cl\/lirapopularxix\/wp-content\/uploads\/2019\/06\/366.jpg\"><img loading=\"lazy\" decoding=\"async\" width=\"214\" height=\"300\" src=\"https:\/\/www.lirapopular.cl\/lirapopularxix\/wp-content\/uploads\/2019\/06\/366-214x300.jpg\" alt=\"\" class=\"wp-image-750\" srcset=\"https:\/\/www.lirapopular.cl\/lirapopularxix\/wp-content\/uploads\/2019\/06\/366-214x300.jpg 214w, https:\/\/www.lirapopular.cl\/lirapopularxix\/wp-content\/uploads\/2019\/06\/366.jpg 713w\" sizes=\"auto, (max-width: 214px) 100vw, 214px\" \/><\/a><figcaption>Colecci\u00f3n Lira Popular de la Universidad de Chile<\/figcaption><\/figure>\n<\/div>\n\n\n<p>Autor: Jos\u00e9 Hip\u00f3lito Cordero, Calle Ech\u00e1urren N\u00ba 105<br>Impresor: Sin informaci\u00f3n<br>Tama\u00f1o: 37,5 x 53,2 cm.<br>Clasificaci\u00f3n: 366 C794b Caja N\u00b04b, BN C\u00f3digo:&nbsp;LO0012597<\/p>\n\n\n\n<ul class=\"wp-block-list\"><li><a href=\"https:\/\/www.lirapopular.cl\/lirapopularxix\/2019\/06\/16\/sangriento-drama-en-las-condes-doralisa-destrozada-por-un-asesino\/\">Sangriento drama en Las Condes<\/a><\/li><li><a href=\"https:\/\/www.lirapopular.cl\/lirapopularxix\/2019\/06\/16\/la-mujer-hechicera-que-volvio-jote-al-marido-i-a-sus-ninitos-en-lo-ga-llardo\/\">La mujer hechicera<\/a><\/li><li><a href=\"https:\/\/www.lirapopular.cl\/lirapopularxix\/2019\/06\/16\/el-cochero-apasionado-de-la-conductora\/\">El cochero apasionado<\/a><\/li><li><a href=\"https:\/\/www.lirapopular.cl\/lirapopularxix\/2019\/06\/16\/espantoso-crimen\/\">Espantoso crimen de los ni\u00f1os Puelmas\u2026<\/a><\/li><li><a href=\"https:\/\/www.lirapopular.cl\/lirapopularxix\/2019\/06\/16\/ejemplo-visible\/\">Ejemplo visible<\/a><\/li><li><a href=\"https:\/\/www.lirapopular.cl\/lirapopularxix\/2019\/06\/16\/moises-libertado-de-las-aguas-del-nilo\/\">Moises libertado de las aguas del Nilo<\/a><\/li><\/ul>\n\n\n\n<p>Nota: El 1er ejemplar tiene escrito a mano con l\u00e1piz rojo \u201c366\u201d<br>El 2\u00ba ejemplar tiene escrito a mano con plum\u00f3n \u201c271\u201d, por el reverso sobre un papel &#8220;71&#8221;<br>Documentos optimizados digitalmente.<\/p>\n\n\n<div class=\"wp-block-image\">\n<figure class=\"alignright size-medium\"><a href=\"https:\/\/www.lirapopular.cl\/lirapopularxix\/wp-content\/uploads\/2020\/07\/LO0012597.jpg\"><img loading=\"lazy\" decoding=\"async\" width=\"300\" height=\"200\" src=\"https:\/\/www.lirapopular.cl\/lirapopularxix\/wp-content\/uploads\/2020\/07\/LO0012597-300x200.jpg\" alt=\"\" class=\"wp-image-10293\" srcset=\"https:\/\/www.lirapopular.cl\/lirapopularxix\/wp-content\/uploads\/2020\/07\/LO0012597-300x200.jpg 300w, https:\/\/www.lirapopular.cl\/lirapopularxix\/wp-content\/uploads\/2020\/07\/LO0012597-768x511.jpg 768w, https:\/\/www.lirapopular.cl\/lirapopularxix\/wp-content\/uploads\/2020\/07\/LO0012597.jpg 1000w\" sizes=\"auto, (max-width: 300px) 100vw, 300px\" \/><\/a><figcaption>Archivo de Literatura Oral<br>Colecci\u00f3n Alamiro de \u00c1vila<\/figcaption><\/figure>\n<\/div>","protected":false},"excerpt":{"rendered":"<p>Autor: Jos\u00e9 Hip\u00f3lito Cordero, Calle Ech\u00e1urren N\u00ba 105Impresor: Sin informaci\u00f3nTama\u00f1o: 37,5 x 53,2 cm.Clasificaci\u00f3n: 366 C794b Caja N\u00b04b, BN C\u00f3digo:&nbsp;LO0012597 Sangriento drama en Las Condes La mujer hechicera El cochero apasionado Espantoso crimen de los ni\u00f1os Puelmas\u2026 Ejemplo visible Moises libertado de las aguas del Nilo Nota: El 1er ejemplar tiene escrito a mano con [&hellip;]<\/p>\n","protected":false},"author":1,"featured_media":0,"parent":0,"menu_order":0,"comment_status":"closed","ping_status":"closed","template":"","meta":{"footnotes":""},"class_list":["post-749","page","type-page","status-publish","hentry"],"jetpack_sharing_enabled":true,"_links":{"self":[{"href":"https:\/\/www.lirapopular.cl\/lirapopularxix\/wp-json\/wp\/v2\/pages\/749","targetHints":{"allow":["GET"]}}],"collection":[{"href":"https:\/\/www.lirapopular.cl\/lirapopularxix\/wp-json\/wp\/v2\/pages"}],"about":[{"href":"https:\/\/www.lirapopular.cl\/lirapopularxix\/wp-json\/wp\/v2\/types\/page"}],"author":[{"embeddable":true,"href":"https:\/\/www.lirapopular.cl\/lirapopularxix\/wp-json\/wp\/v2\/users\/1"}],"replies":[{"embeddable":true,"href":"https:\/\/www.lirapopular.cl\/lirapopularxix\/wp-json\/wp\/v2\/comments?post=749"}],"version-history":[{"count":0,"href":"https:\/\/www.lirapopular.cl\/lirapopularxix\/wp-json\/wp\/v2\/pages\/749\/revisions"}],"wp:attachment":[{"href":"https:\/\/www.lirapopular.cl\/lirapopularxix\/wp-json\/wp\/v2\/media?parent=749"}],"curies":[{"name":"wp","href":"https:\/\/api.w.org\/{rel}","templated":true}]}}