{"id":71,"date":"2019-06-01T23:07:17","date_gmt":"2019-06-01T23:07:17","guid":{"rendered":"https:\/\/www.lirapopular.cl\/lirapopularxix\/?page_id=71"},"modified":"2024-07-17T00:21:47","modified_gmt":"2024-07-17T03:21:47","slug":"coleccion-lira-popular-de-la-universidad-de-chile","status":"publish","type":"page","link":"https:\/\/www.lirapopular.cl\/lirapopularxix\/","title":{"rendered":"La Lira Popular del siglo XIX e inicios del siglo XX"},"content":{"rendered":"\n<p>He finalizado la etapa de poner a disposici\u00f3n p\u00fablica la transcripci\u00f3n de la totalidad de las liras impresas desde fines del siglo XIX hasta primera parte del siglo XX y que se conservan en la Universidad de Chile y en la Biblioteca Nacional.<\/p>\n\n\n\n<p>Adem\u00e1s ahora anuncio la publicaci\u00f3n en papel y en formato digital (epub) a trav\u00e9s de Amazon de todas las transcripciones de las liras populares.<\/p>\n\n\n<div class=\"wp-block-image\">\n<figure class=\"aligncenter size-full\"><img loading=\"lazy\" decoding=\"async\" width=\"792\" height=\"284\" src=\"https:\/\/www.lirapopular.cl\/lirapopularxix\/wp-content\/uploads\/2022\/05\/aviso.jpg\" alt=\"\" class=\"wp-image-27315\" srcset=\"https:\/\/www.lirapopular.cl\/lirapopularxix\/wp-content\/uploads\/2022\/05\/aviso.jpg 792w, https:\/\/www.lirapopular.cl\/lirapopularxix\/wp-content\/uploads\/2022\/05\/aviso-300x108.jpg 300w, https:\/\/www.lirapopular.cl\/lirapopularxix\/wp-content\/uploads\/2022\/05\/aviso-768x275.jpg 768w\" sizes=\"auto, (max-width: 792px) 100vw, 792px\" \/><figcaption class=\"wp-element-caption\"><strong>La Lira Popular en papel y epub ahora la puedes comprar en Amazon.<\/strong><\/figcaption><\/figure>\n<\/div>\n\n\n<p>La colecci\u00f3n est\u00e1 constituida por 8 tomos que totalizan casi 4.000 p\u00e1ginas.<\/p>\n\n\n\n<p>Los libros pueden ser adquiridos en esta URL: <a href=\"https:\/\/www.amazon.com\/-\/es\/dp\/B0B17Z9Q4Y?binding=paperback&amp;qid=1652977143&amp;sr=8-1&amp;ref=dbs_dp_rwt_sb_pc_tukn\" target=\"_blank\" rel=\"noreferrer noopener\">La Lira Popular en Amazon<\/a><\/p>\n\n\n\n<p>Adem\u00e1s Amazon tiene env\u00edo gratuito si la compra es superior a US$49.-<\/p>\n\n\n\n<p class=\"has-text-align-center\">_______________________________<\/p>\n\n\n\n<blockquote class=\"wp-block-quote has-text-align-left is-layout-flow wp-block-quote-is-layout-flow\">\n<p>Este sitio est\u00e1 abierto a todos los comentarios, dudas, consultas, correcciones del p\u00fablico interesado. <br>Los comentarios est\u00e1n abiertos en todos los versos.<br>Agradecemos poner comentarios que ayuden a corregir errores o completar la informaci\u00f3n.<\/p>\n\n\n\n<p>Este proyecto lo inici\u00e9 el 1 de junio de 2019 y la \u00faltima transcripci\u00f3n la realic\u00e9 el 25 de noviembre de 2021.<\/p>\n<\/blockquote>\n\n\n\n<p class=\"has-text-align-center\">_______________________________<\/p>\n\n\n\n<p>Presentamos en este sitio las liras populares que se conservan en nuestras bibliotecas y que est\u00e1n formadas por tres colecciones:<\/p>\n\n\n\n<p>La <em>Colecci\u00f3n Lira Popular de la Universidad de Chile<\/em>, tambi\u00e9n conocida como <em>Colecci\u00f3n Ra\u00fal Amun\u00e1tegui J.<\/em>, adem\u00e1s de ser la de mayor volumen con sus 880 pliegos que incluyen 88 poetas, es la que cuenta con la m\u00e1s amplia variedad de autores que publicaron en este formato.<\/p>\n\n\n\n<p>Las colecciones <em>Rodolfo Lenz<\/em> (325 documentos) y <em>Alamiro de \u00c1vila<\/em> (339 documentos), conservadas en la Biblioteca Nacional, que cuentan con 55 documentos y 42 poetas respectivamente.<\/p>\n\n\n\n<p>En total, 1.544 documentos, pero que son 1.208 impresos \u00fanicos de una cantidad de autores imposible de contar por el frecuente uso de seud\u00f3nimos o por conservar su anonimato y que han logrado sobrevivir gracias a sus coleccionistas y en el presente gracias a las dos instituciones que los custodian.<\/p>\n\n\n\n<p>La <em>Lira Popular<\/em> contiene pliegos de poes\u00eda popular que se publicaron en Santiago, y otras ciudades, entre 1865 y 1940, aproximadamente. Estos pliegos fueron escritos por poetas que narraban hechos de actualidad: cr\u00edmenes, fusilamientos, acontecimientos pol\u00edticos y sociales, junto con temas tradicionales: poes\u00edas de amor y religiosas, tonadas, cuecas, parabienes, etc.<\/p>\n\n\n\n<p>Destacan los temas pol\u00edticos y sociales, que en la d\u00e9cada de 1890 constituyen un lugar importante en las narraciones de los poetas. La revoluci\u00f3n de 1891 provoc\u00f3 una serie de conflictos pol\u00edticos que terminaron, en algunas ocasiones, con alzamientos armados. Social y econ\u00f3micamente el pueblo estaba muy deprimido. De esta manera, la contienda electoral de 1896, entre Vicente Reyes y Federico Err\u00e1zuriz, fue particularmente re\u00f1ida, ya que era la oportunidad de elegir, luego de 10 a\u00f1os, al presidente que podr\u00eda mejorar la situaci\u00f3n del pa\u00eds.&nbsp;<\/p>\n\n\n\n<p>Los poetas no s\u00f3lo comentaron sucesos nacionales, sino tambi\u00e9n acontecimientos pol\u00edticos de Francia, Estados Unidos, Italia; conflictos armados como las guerras de China, Jap\u00f3n, Rusia; y la lucha por la independencia de Cuba, que apoyaron y siguieron con detalle.&nbsp;<\/p>\n\n\n\n<p>Otro aspecto interesante de los pliegos son los grabados que las ilustraban. \u00c9stos son de dos tipos: grabados populares o clich\u00e9s existentes en las imprentas. Los primeros tienen gran valor art\u00edstico, ya que se conform\u00f3, durante el desarrollo de esta expresi\u00f3n, una unidad estil\u00edstica caracter\u00edstica. Algunos investigadores han catalogado los grabados de la Lira Popular como un estadio fundamental en el desarrollo de esta disciplina en Chile.&nbsp;<\/p>\n\n\n\n<p>En t\u00e9rminos de formato y dise\u00f1o los pliegos evolucionaron hasta conseguir, igualmente, una unidad estil\u00edstica que permiti\u00f3 considerarlas como una manifestaci\u00f3n mayoritariamente propia de un sector pobre de la poblaci\u00f3n. <\/p>\n\n\n\n<p>Entre las caracter\u00edsticas gr\u00e1ficas que destacan se encuentran el formato tabloide de la mayor\u00eda de las hojas, generalmente m\u00e1s de la mitad del espacio est\u00e1 ocupado por titulares e im\u00e1genes lo que permit\u00eda vocearlas dobladas en la mitad. Las im\u00e1genes no siempre tienen relaci\u00f3n con el contenido. Los grandes titulares destacan los principales hechos que se iban a comentar, a medida que avanzamos en el siglo XX las liras comienzan a tener im\u00e1genes con clich\u00e9s de fotograf\u00edas e incluyen bajadas de t\u00edtulo y\/o pie de foto.<\/p>\n\n\n\n<p>Desde ahora estos documentos se podr\u00e1n consultar en una presentaci\u00f3n c\u00f3moda que ser\u00e1 una excelente fuente de informaci\u00f3n para estudios hist\u00f3ricos, antropol\u00f3gicos, art\u00edsticos (literarios y pl\u00e1sticos), entre otras disciplinas, ya que representan tanto un testimonio del pensamiento de las clases sociales populares con respecto a temas de inter\u00e9s nacional como tambi\u00e9n la forma en que ellos las comunicaron.<\/p>\n\n\n\n<p>La primera parte de este proyecto, la transcripci\u00f3n de las liras publicadas en la d\u00e9cada de 1950 se realiz\u00f3 gracias a la colaboraci\u00f3n desinteresada de muchas personas, su resultado lo pueden ver tambi\u00e9n en este sitio. Esta segunda etapa fue m\u00e1s compleja ya que presentaba mayores desaf\u00edos: los documentos est\u00e1n en mal estado y los escaneos realizados por ambas bibliotecas son de mala calidad, los documentos contienen muchos errores ortogr\u00e1ficos y adem\u00e1s presentan la utilizaci\u00f3n de la &#8220;Ortograf\u00eda Bello&#8221;. Por estos motivos las transcripciones se realizaron mediante HTR (Handwritting Text Recognition) usando la plataforma <em>Transkribus<\/em> de la Universidad de Innsbruck, a quienes agradecemos su aporte absolutamente desinteresado y sin ninguna exigencia ni burocracia innecesaria.<\/p>\n\n\n\n<p>La utilizaci\u00f3n de Inteligencia Artificial, permiti\u00f3 que luego del proceso de entrenamiento del sistema y creaci\u00f3n de un modelo de escritura \u00e9ste alcanz\u00f3 un nivel superior al 90% en el reconocimiento de los textos, adem\u00e1s de una velocidad de transcripci\u00f3n casi instant\u00e1nea. La decisi\u00f3n de utilizar esta opci\u00f3n permiti\u00f3 llevar a cabo el proceso en solo dos a\u00f1os especialmente considerando que al carecer de financiamiento externo lo he realizado s\u00f3lo en mis tiempos libres.<\/p>\n\n\n\n<p>En lo personal el desarrollo de este proyecto ha sido una experiencia enriquecedora al ingresar a este nuevo mundo que permite realizar an\u00e1lisis con una potencia de proceso hasta hoy desconocida y de constante sorpresa al comprobar y participar en el desarrollo de la paridad humano m\u00e1quina y su contribuci\u00f3n al an\u00e1lisis literario.<\/p>\n\n\n\n<p>Gracias a las bases de datos creadas ser\u00e1 posible continuar ahora con investigaciones sobre diversos temas y desarrollar las hip\u00f3tesis nacidas en el proceso de transcripci\u00f3n y revisi\u00f3n.<\/p>\n\n\n\n<p>Humberto Olea M.<\/p>\n\n\n\n<blockquote class=\"wp-block-quote is-layout-flow wp-block-quote-is-layout-flow\">\n<p><span style=\"font-size: revert; color: initial;\"><\/span><\/p>\n<cite>LA UTILIZACI\u00d3N COMERCIAL DE LAS IM\u00c1GENES PUBLICADAS EN ESTE SITIO REQUIEREN LA AUTORIZACI\u00d3N ESCRITA DE LA RESPECTIVA BIBLIOTECA.<\/cite><\/blockquote>\n\n\n\n<p><\/p>\n\n\n\n<p><\/p>\n\n\n<div class=\"wp-block-image\">\n<figure class=\"aligncenter size-large\"><a href=\"https:\/\/www.uibk.ac.at\" target=\"_blank\" rel=\"noreferrer noopener\"><img loading=\"lazy\" decoding=\"async\" width=\"500\" height=\"130\" src=\"https:\/\/www.lirapopular.cl\/lirapopularxix\/wp-content\/uploads\/2020\/02\/logo-uibk.png\" alt=\"\" class=\"wp-image-6101\" srcset=\"https:\/\/www.lirapopular.cl\/lirapopularxix\/wp-content\/uploads\/2020\/02\/logo-uibk.png 500w, https:\/\/www.lirapopular.cl\/lirapopularxix\/wp-content\/uploads\/2020\/02\/logo-uibk-300x78.png 300w\" sizes=\"auto, (max-width: 500px) 100vw, 500px\" \/><\/a><\/figure>\n<\/div>","protected":false},"excerpt":{"rendered":"<p>He finalizado la etapa de poner a disposici\u00f3n p\u00fablica la transcripci\u00f3n de la totalidad de las liras impresas desde fines del siglo XIX hasta primera parte del siglo XX y que se conservan en la Universidad de Chile y en la Biblioteca Nacional. Adem\u00e1s ahora anuncio la publicaci\u00f3n en papel y en formato digital (epub) [&hellip;]<\/p>\n","protected":false},"author":1,"featured_media":0,"parent":0,"menu_order":0,"comment_status":"closed","ping_status":"closed","template":"","meta":{"footnotes":""},"class_list":["post-71","page","type-page","status-publish","hentry"],"jetpack_sharing_enabled":true,"_links":{"self":[{"href":"https:\/\/www.lirapopular.cl\/lirapopularxix\/wp-json\/wp\/v2\/pages\/71","targetHints":{"allow":["GET"]}}],"collection":[{"href":"https:\/\/www.lirapopular.cl\/lirapopularxix\/wp-json\/wp\/v2\/pages"}],"about":[{"href":"https:\/\/www.lirapopular.cl\/lirapopularxix\/wp-json\/wp\/v2\/types\/page"}],"author":[{"embeddable":true,"href":"https:\/\/www.lirapopular.cl\/lirapopularxix\/wp-json\/wp\/v2\/users\/1"}],"replies":[{"embeddable":true,"href":"https:\/\/www.lirapopular.cl\/lirapopularxix\/wp-json\/wp\/v2\/comments?post=71"}],"version-history":[{"count":3,"href":"https:\/\/www.lirapopular.cl\/lirapopularxix\/wp-json\/wp\/v2\/pages\/71\/revisions"}],"predecessor-version":[{"id":28518,"href":"https:\/\/www.lirapopular.cl\/lirapopularxix\/wp-json\/wp\/v2\/pages\/71\/revisions\/28518"}],"wp:attachment":[{"href":"https:\/\/www.lirapopular.cl\/lirapopularxix\/wp-json\/wp\/v2\/media?parent=71"}],"curies":[{"name":"wp","href":"https:\/\/api.w.org\/{rel}","templated":true}]}}