{"id":704,"date":"2019-06-16T13:14:42","date_gmt":"2019-06-16T17:14:42","guid":{"rendered":"https:\/\/www.lirapopular.cl\/lirapopularxix\/?page_id=704"},"modified":"2019-06-16T13:14:42","modified_gmt":"2019-06-16T17:14:42","slug":"espantoso-crimen-en-rio-coloradofamoso-contrapunto-entre-un-joven-soltero-i-una-nina","status":"publish","type":"page","link":"https:\/\/www.lirapopular.cl\/lirapopularxix\/espantoso-crimen-en-rio-coloradofamoso-contrapunto-entre-un-joven-soltero-i-una-nina\/","title":{"rendered":"Espantoso Cr\u00edmen en el rio Colorado<br> famoso contrapunto entre un j\u00f3ven soltero i una ni\u00f1a<\/br>"},"content":{"rendered":"\n<div class=\"wp-block-image\"><figure class=\"alignright\"><a href=\"https:\/\/www.lirapopular.cl\/lirapopularxix\/wp-content\/uploads\/2019\/06\/364.jpg\"><img loading=\"lazy\" decoding=\"async\" width=\"209\" height=\"300\" src=\"https:\/\/www.lirapopular.cl\/lirapopularxix\/wp-content\/uploads\/2019\/06\/364-209x300.jpg\" alt=\"\" class=\"wp-image-705\" srcset=\"https:\/\/www.lirapopular.cl\/lirapopularxix\/wp-content\/uploads\/2019\/06\/364-209x300.jpg 209w, https:\/\/www.lirapopular.cl\/lirapopularxix\/wp-content\/uploads\/2019\/06\/364.jpg 698w\" sizes=\"auto, (max-width: 209px) 100vw, 209px\" \/><\/a><figcaption>Colecci\u00f3n Lira Popular de la <br>Universidad de Chile<\/figcaption><\/figure><\/div>\n\n\n\n<p>Autor: Jos\u00e9 Hip\u00f3lito Casas Cordero, Poeta de Santiago.- Echaurren 105<br>Impresor: Imp. Albion, San Diego 71<br>Tama\u00f1o: 36,2 x 53,1 cm.<br>Clasificaci\u00f3n: 364 C794e Caja N\u00b04b, BN C\u00f3digo:\u00a0LO0012601<\/p>\n\n\n\n<ul class=\"wp-block-list\"><li><a href=\"https:\/\/www.lirapopular.cl\/lirapopularxix\/2019\/06\/16\/espantoso-crimenen-el-rio-colorado\/\">Espantoso crimen<\/a><\/li><li><a href=\"https:\/\/www.lirapopular.cl\/lirapopularxix\/2019\/06\/16\/satiras\/\">S\u00e1tiras<\/a><\/li><li><a href=\"https:\/\/www.lirapopular.cl\/lirapopularxix\/2019\/06\/16\/famoso-contrapunto-de-un-joven-soltero-i-una-nina\/\">Famoso contrapunto de un joven soltero y una ni\u00f1a<\/a><\/li><li><a href=\"https:\/\/www.lirapopular.cl\/lirapopularxix\/2019\/06\/16\/versoa-lo-divino-por-la-pasion\/\">Verso a lo divino por la Pasi\u00f3n<\/a><\/li><\/ul>\n\n\n\n<p>Nota: El 1er ejemplar tiene escrito a mano con l\u00e1piz rojo \u201c364\u201d y con l\u00e1piz negro &#8220;68&#8221;<br>El 2\u00ba ejemplar tiene escrito a mano con l\u00e1piz azul \u201c36\u201d y con plum\u00f3n &#8220;275&#8221;, por el reverso sobre un papel &#8220;53&#8221;.<br>Documentos optimizados digitalmente.<\/p>\n\n\n\n<div class=\"wp-block-image\"><figure class=\"alignright size-medium\"><a href=\"https:\/\/www.lirapopular.cl\/lirapopularxix\/wp-content\/uploads\/2020\/07\/LO0012601.jpg\"><img loading=\"lazy\" decoding=\"async\" width=\"300\" height=\"205\" src=\"https:\/\/www.lirapopular.cl\/lirapopularxix\/wp-content\/uploads\/2020\/07\/LO0012601-300x205.jpg\" alt=\"\" class=\"wp-image-10723\" srcset=\"https:\/\/www.lirapopular.cl\/lirapopularxix\/wp-content\/uploads\/2020\/07\/LO0012601-300x205.jpg 300w, https:\/\/www.lirapopular.cl\/lirapopularxix\/wp-content\/uploads\/2020\/07\/LO0012601-768x525.jpg 768w, https:\/\/www.lirapopular.cl\/lirapopularxix\/wp-content\/uploads\/2020\/07\/LO0012601.jpg 1000w\" sizes=\"auto, (max-width: 300px) 100vw, 300px\" \/><\/a><figcaption>Archivo de Literatura Oral<br>Colecci\u00f3n Alamiro de \u00c1vila<\/figcaption><\/figure><\/div>\n","protected":false},"excerpt":{"rendered":"<p>Autor: Jos\u00e9 Hip\u00f3lito Casas Cordero, Poeta de Santiago.- Echaurren 105Impresor: Imp. Albion, San Diego 71Tama\u00f1o: 36,2 x 53,1 cm.Clasificaci\u00f3n: 364 C794e Caja N\u00b04b, BN C\u00f3digo:\u00a0LO0012601 Espantoso crimen S\u00e1tiras Famoso contrapunto de un joven soltero y una ni\u00f1a Verso a lo divino por la Pasi\u00f3n Nota: El 1er ejemplar tiene escrito a mano con l\u00e1piz rojo [&hellip;]<\/p>\n","protected":false},"author":1,"featured_media":0,"parent":0,"menu_order":0,"comment_status":"closed","ping_status":"closed","template":"","meta":{"footnotes":""},"class_list":["post-704","page","type-page","status-publish","hentry"],"jetpack_sharing_enabled":true,"_links":{"self":[{"href":"https:\/\/www.lirapopular.cl\/lirapopularxix\/wp-json\/wp\/v2\/pages\/704","targetHints":{"allow":["GET"]}}],"collection":[{"href":"https:\/\/www.lirapopular.cl\/lirapopularxix\/wp-json\/wp\/v2\/pages"}],"about":[{"href":"https:\/\/www.lirapopular.cl\/lirapopularxix\/wp-json\/wp\/v2\/types\/page"}],"author":[{"embeddable":true,"href":"https:\/\/www.lirapopular.cl\/lirapopularxix\/wp-json\/wp\/v2\/users\/1"}],"replies":[{"embeddable":true,"href":"https:\/\/www.lirapopular.cl\/lirapopularxix\/wp-json\/wp\/v2\/comments?post=704"}],"version-history":[{"count":0,"href":"https:\/\/www.lirapopular.cl\/lirapopularxix\/wp-json\/wp\/v2\/pages\/704\/revisions"}],"wp:attachment":[{"href":"https:\/\/www.lirapopular.cl\/lirapopularxix\/wp-json\/wp\/v2\/media?parent=704"}],"curies":[{"name":"wp","href":"https:\/\/api.w.org\/{rel}","templated":true}]}}