{"id":6410,"date":"2020-02-12T09:25:52","date_gmt":"2020-02-12T13:25:52","guid":{"rendered":"https:\/\/www.lirapopular.cl\/lirapopularxix\/?page_id=6410"},"modified":"2020-02-12T09:25:52","modified_gmt":"2020-02-12T13:25:52","slug":"terribles-i-grandes-crimenes","status":"publish","type":"page","link":"https:\/\/www.lirapopular.cl\/lirapopularxix\/terribles-i-grandes-crimenes\/","title":{"rendered":"[TERR]IBLES I GRANDES CR\u00cdMENES <br>En la ciudad de la Union, el bandido que asesin\u00f3 al otro bandido"},"content":{"rendered":"\n<div class=\"wp-block-image\"><figure class=\"alignright size-medium\"><a href=\"https:\/\/www.lirapopular.cl\/lirapopularxix\/wp-content\/uploads\/2020\/02\/001.jpg\"><img loading=\"lazy\" decoding=\"async\" width=\"220\" height=\"300\" src=\"https:\/\/www.lirapopular.cl\/lirapopularxix\/wp-content\/uploads\/2020\/02\/001-220x300.jpg\" alt=\"\" class=\"wp-image-6411\" srcset=\"https:\/\/www.lirapopular.cl\/lirapopularxix\/wp-content\/uploads\/2020\/02\/001-220x300.jpg 220w, https:\/\/www.lirapopular.cl\/lirapopularxix\/wp-content\/uploads\/2020\/02\/001.jpg 732w\" sizes=\"auto, (max-width: 220px) 100vw, 220px\" \/><\/a><figcaption>Colecci\u00f3n Lira Popular de la Universidad de Chile<\/figcaption><\/figure><\/div>\n\n\n\n<p>Autor: \u00bfDaniel Meneses?<br>Impresor: Sin informaci\u00f3n<br>Tama\u00f1o: 52,9 x 38 cm<br>Clasificaci\u00f3n: 1 M543t Caja N\u00b04<\/p>\n\n\n\n<ul class=\"wp-block-list\"><li><a href=\"https:\/\/www.lirapopular.cl\/lirapopularxix\/2020\/02\/13\/versos-biblicos-sagrados-el-paso-del-mar-rojo\/\">Versos b\u00edblicos sagrados. El paso del Mar Rojo<\/a><\/li><li><a href=\"https:\/\/www.lirapopular.cl\/lirapopularxix\/2020\/02\/13\/cancion-amorosa-dedicada-para-las-ninas\/\">Canci\u00f3n amorosa dedicada para las ni\u00f1as<\/a><\/li><li><a href=\"https:\/\/www.lirapopular.cl\/lirapopularxix\/2020\/02\/13\/esquinazo-para-el-amanecer-el-dia\/\">Esquinazo para el amanecer el d\u00eda <\/a><\/li><li><a href=\"https:\/\/www.lirapopular.cl\/lirapopularxix\/2020\/02\/13\/despedida-de-un-amante-a-su-querida\/\">Despedida de un amante a su querida<\/a><\/li><li><a href=\"https:\/\/www.lirapopular.cl\/lirapopularxix\/2020\/02\/13\/contrapunto-entre-un-porteno-con-un-san-tiaguino\/\">Contrapunto entre un porte\u00f1o con un santiaguino <\/a><\/li><li><a href=\"https:\/\/www.lirapopular.cl\/lirapopularxix\/2020\/02\/13\/contesta-el-santiaguino\/\">Contesta el santiaguino<\/a><\/li><li><a href=\"https:\/\/www.lirapopular.cl\/lirapopularxix\/2020\/02\/13\/terribles-i-grandes-crimenes-en-la-ciu-dad-de-la-union-el-bandi-do-que-asesino-al-otro-ban-dido\/\">Terribles y grandes cr\u00edmenes en la ciudad de La Uni\u00f3n, el bandido que asesin\u00f3 al otro bandido.<\/a><\/li><\/ul>\n\n\n\n<p>Nota: Este ejemplar tiene texto manuscrito: \u201cPopul[  ] de Chile\u201d<br>El documento est\u00e1 da\u00f1ado y no tiene nombre de autor, pero el Archivo Central lo atribuye a Daniel Meneses.<br>El documento utiliza la misma imagen que este de Juan Bautista Peralta, <a href=\"https:\/\/www.lirapopular.cl\/lirapopularxix\/una-madre-asesina-a-sus-dos-hijos\/\">ver<\/a>.<\/p>\n","protected":false},"excerpt":{"rendered":"<p>Autor: \u00bfDaniel Meneses?Impresor: Sin informaci\u00f3nTama\u00f1o: 52,9 x 38 cmClasificaci\u00f3n: 1 M543t Caja N\u00b04 Versos b\u00edblicos sagrados. El paso del Mar Rojo Canci\u00f3n amorosa dedicada para las ni\u00f1as Esquinazo para el amanecer el d\u00eda Despedida de un amante a su querida Contrapunto entre un porte\u00f1o con un santiaguino Contesta el santiaguino Terribles y grandes cr\u00edmenes en [&hellip;]<\/p>\n","protected":false},"author":1,"featured_media":0,"parent":0,"menu_order":0,"comment_status":"closed","ping_status":"closed","template":"","meta":{"footnotes":""},"class_list":["post-6410","page","type-page","status-publish","hentry"],"jetpack_sharing_enabled":true,"_links":{"self":[{"href":"https:\/\/www.lirapopular.cl\/lirapopularxix\/wp-json\/wp\/v2\/pages\/6410","targetHints":{"allow":["GET"]}}],"collection":[{"href":"https:\/\/www.lirapopular.cl\/lirapopularxix\/wp-json\/wp\/v2\/pages"}],"about":[{"href":"https:\/\/www.lirapopular.cl\/lirapopularxix\/wp-json\/wp\/v2\/types\/page"}],"author":[{"embeddable":true,"href":"https:\/\/www.lirapopular.cl\/lirapopularxix\/wp-json\/wp\/v2\/users\/1"}],"replies":[{"embeddable":true,"href":"https:\/\/www.lirapopular.cl\/lirapopularxix\/wp-json\/wp\/v2\/comments?post=6410"}],"version-history":[{"count":0,"href":"https:\/\/www.lirapopular.cl\/lirapopularxix\/wp-json\/wp\/v2\/pages\/6410\/revisions"}],"wp:attachment":[{"href":"https:\/\/www.lirapopular.cl\/lirapopularxix\/wp-json\/wp\/v2\/media?parent=6410"}],"curies":[{"name":"wp","href":"https:\/\/api.w.org\/{rel}","templated":true}]}}