{"id":619,"date":"2019-06-12T20:00:49","date_gmt":"2019-06-13T00:00:49","guid":{"rendered":"https:\/\/www.lirapopular.cl\/lirapopularxix\/?page_id=619"},"modified":"2019-06-12T20:00:49","modified_gmt":"2019-06-13T00:00:49","slug":"contrapuntopor-la-silla-presidencial-de-don-vicente-reyes-con-don-federico-errazuriz","status":"publish","type":"page","link":"https:\/\/www.lirapopular.cl\/lirapopularxix\/contrapuntopor-la-silla-presidencial-de-don-vicente-reyes-con-don-federico-errazuriz\/","title":{"rendered":"CONTRAPUNTO<BR>POR LA SILLA PRESIDENCIAL <br>De Don Vicente Reyes con Don Federico Err\u00e1zuriz"},"content":{"rendered":"\n<div class=\"wp-block-image\"><figure class=\"alignright\"><a href=\"https:\/\/www.lirapopular.cl\/lirapopularxix\/wp-content\/uploads\/2019\/06\/362.jpg\"><img loading=\"lazy\" decoding=\"async\" width=\"212\" height=\"300\" src=\"https:\/\/www.lirapopular.cl\/lirapopularxix\/wp-content\/uploads\/2019\/06\/362-212x300.jpg\" alt=\"\" class=\"wp-image-623\" srcset=\"https:\/\/www.lirapopular.cl\/lirapopularxix\/wp-content\/uploads\/2019\/06\/362-212x300.jpg 212w, https:\/\/www.lirapopular.cl\/lirapopularxix\/wp-content\/uploads\/2019\/06\/362.jpg 708w\" sizes=\"auto, (max-width: 212px) 100vw, 212px\" \/><\/a><figcaption>Colecci\u00f3n Lira Popular de la <br>Universidad de Chile<\/figcaption><\/figure><\/div>\n\n\n\n<p>Autor: Jos\u00e9 Hip\u00f3lito Cordero, Calle Ech\u00e1urren N\u00fam. 105<br>Impresor: Sin informaci\u00f3n.<br>Tama\u00f1o: 37,4 x 53,4 cm<br>Clasificaci\u00f3n: 362 C794c Caja N\u00b04b, BN C\u00f3digo:\u00a0LO0012618<\/p>\n\n\n\n<ul class=\"wp-block-list\"><li><a href=\"https:\/\/www.lirapopular.cl\/lirapopularxix\/2019\/06\/12\/la-nina-o-en-illapel-des-pues-de-haber-degollado-a-sus-hermanas-por-envidia\/\">La ni\u00f1a que se suicid\u00f3 en Illapel despu\u00e9s de haber degollado a sus dos hermanas por envidia<\/a><\/li><li><a href=\"https:\/\/www.lirapopular.cl\/lirapopularxix\/2019\/06\/12\/gran-contra-puntopor-la-candidatura-de-don-vicente-reyes-con-don-fede-rico-errazuriz\/\">Gran contra punto por la candidatura de  don Vicente Reyes con don Federico Err\u00e1zuriz<\/a><\/li><li><a href=\"https:\/\/www.lirapopular.cl\/lirapopularxix\/2019\/06\/12\/venturacion-del-poeta\/\">Venturaci\u00f3n del poeta<\/a><\/li><li><a href=\"https:\/\/www.lirapopular.cl\/lirapopularxix\/2019\/06\/12\/verso-historico\/\">Verso hist\u00f3rico<\/a><\/li><li><a href=\"https:\/\/www.lirapopular.cl\/lirapopularxix\/2019\/06\/12\/brindis-3\/\">Brindis de las conductoras porte\u00f1as<\/a><\/li><\/ul>\n\n\n\n<p>Nota: El 1er ejemplar tiene escrito a mano con l\u00e1piz rojo \u201c362\u201d y muy rayado con l\u00e1piz negro.<br>El 2\u00ba ejemplar tiene escrito a mano con l\u00e1piz azul \u201c54\u201d y con plum\u00f3n &#8220;292&#8221;, por el retiro sobre un papel &#8220;25&#8221;<br>Documentos optimizados digitalmente.<\/p>\n\n\n\n<div class=\"wp-block-image\"><figure class=\"alignright size-medium\"><a href=\"https:\/\/www.lirapopular.cl\/lirapopularxix\/wp-content\/uploads\/2020\/07\/LO0012618.jpg\"><img loading=\"lazy\" decoding=\"async\" width=\"300\" height=\"203\" src=\"https:\/\/www.lirapopular.cl\/lirapopularxix\/wp-content\/uploads\/2020\/07\/LO0012618-300x203.jpg\" alt=\"\" class=\"wp-image-10315\" srcset=\"https:\/\/www.lirapopular.cl\/lirapopularxix\/wp-content\/uploads\/2020\/07\/LO0012618-300x203.jpg 300w, https:\/\/www.lirapopular.cl\/lirapopularxix\/wp-content\/uploads\/2020\/07\/LO0012618-768x521.jpg 768w, https:\/\/www.lirapopular.cl\/lirapopularxix\/wp-content\/uploads\/2020\/07\/LO0012618.jpg 1000w\" sizes=\"auto, (max-width: 300px) 100vw, 300px\" \/><\/a><figcaption>Archivo de Literatura Oral<br>Colecci\u00f3n Alamiro de \u00c1vila<\/figcaption><\/figure><\/div>\n","protected":false},"excerpt":{"rendered":"<p>Autor: Jos\u00e9 Hip\u00f3lito Cordero, Calle Ech\u00e1urren N\u00fam. 105Impresor: Sin informaci\u00f3n.Tama\u00f1o: 37,4 x 53,4 cmClasificaci\u00f3n: 362 C794c Caja N\u00b04b, BN C\u00f3digo:\u00a0LO0012618 La ni\u00f1a que se suicid\u00f3 en Illapel despu\u00e9s de haber degollado a sus dos hermanas por envidia Gran contra punto por la candidatura de don Vicente Reyes con don Federico Err\u00e1zuriz Venturaci\u00f3n del poeta Verso [&hellip;]<\/p>\n","protected":false},"author":1,"featured_media":0,"parent":0,"menu_order":0,"comment_status":"closed","ping_status":"closed","template":"","meta":{"footnotes":""},"class_list":["post-619","page","type-page","status-publish","hentry"],"jetpack_sharing_enabled":true,"_links":{"self":[{"href":"https:\/\/www.lirapopular.cl\/lirapopularxix\/wp-json\/wp\/v2\/pages\/619","targetHints":{"allow":["GET"]}}],"collection":[{"href":"https:\/\/www.lirapopular.cl\/lirapopularxix\/wp-json\/wp\/v2\/pages"}],"about":[{"href":"https:\/\/www.lirapopular.cl\/lirapopularxix\/wp-json\/wp\/v2\/types\/page"}],"author":[{"embeddable":true,"href":"https:\/\/www.lirapopular.cl\/lirapopularxix\/wp-json\/wp\/v2\/users\/1"}],"replies":[{"embeddable":true,"href":"https:\/\/www.lirapopular.cl\/lirapopularxix\/wp-json\/wp\/v2\/comments?post=619"}],"version-history":[{"count":0,"href":"https:\/\/www.lirapopular.cl\/lirapopularxix\/wp-json\/wp\/v2\/pages\/619\/revisions"}],"wp:attachment":[{"href":"https:\/\/www.lirapopular.cl\/lirapopularxix\/wp-json\/wp\/v2\/media?parent=619"}],"curies":[{"name":"wp","href":"https:\/\/api.w.org\/{rel}","templated":true}]}}