{"id":6009,"date":"2020-01-31T08:18:15","date_gmt":"2020-01-31T12:18:15","guid":{"rendered":"https:\/\/www.lirapopular.cl\/lirapopularxix\/?page_id=6009"},"modified":"2020-01-31T08:18:15","modified_gmt":"2020-01-31T12:18:15","slug":"vicuna-mackenna","status":"publish","type":"page","link":"https:\/\/www.lirapopular.cl\/lirapopularxix\/vicuna-mackenna\/","title":{"rendered":"D. Benjamin Vicu\u00f1a Mackenna"},"content":{"rendered":"\n<div class=\"wp-block-image\"><figure class=\"alignright size-medium\"><a href=\"https:\/\/www.lirapopular.cl\/lirapopularxix\/wp-content\/uploads\/2020\/01\/603.jpg\"><img loading=\"lazy\" decoding=\"async\" width=\"300\" height=\"221\" src=\"https:\/\/www.lirapopular.cl\/lirapopularxix\/wp-content\/uploads\/2020\/01\/603-300x221.jpg\" alt=\"\" class=\"wp-image-6010\" srcset=\"https:\/\/www.lirapopular.cl\/lirapopularxix\/wp-content\/uploads\/2020\/01\/603-300x221.jpg 300w, https:\/\/www.lirapopular.cl\/lirapopularxix\/wp-content\/uploads\/2020\/01\/603-768x564.jpg 768w, https:\/\/www.lirapopular.cl\/lirapopularxix\/wp-content\/uploads\/2020\/01\/603.jpg 1000w\" sizes=\"auto, (max-width: 300px) 100vw, 300px\" \/><\/a><figcaption>Colecci\u00f3n Lira Popular de la <br>Universidad de Chile<\/figcaption><\/figure><\/div>\n\n\n\n<p>Autor: Bernardino Guajardo<br>Impresor: Impreso por P. Ramirez.\u2014 Ech\u00e1urren, 6.<br>Tama\u00f1o: 25,2 x 34,2 cm<br>Clasificaci\u00f3n: 603 G897b Caja N\u00b02a<br>BN C\u00f3digo:\u00a0LO0012011<\/p>\n\n\n\n<ul class=\"wp-block-list\"><li><a href=\"https:\/\/www.lirapopular.cl\/lirapopularxix\/2020\/01\/31\/d-benjamin-vicuna-mackenna\/\">D. Benjam\u00edn Vicu\u00f1a Mackenna<\/a><\/li><li><a href=\"https:\/\/www.lirapopular.cl\/lirapopularxix\/2020\/01\/31\/el-candidato-presidencial\/\">El candidato presidencial<\/a><\/li><li><a href=\"https:\/\/www.lirapopular.cl\/lirapopularxix\/2020\/01\/31\/romance-sobre\/\">Romance sobre los asuntos parlamentarios discutidos en una sesi\u00f3n borrascosa de la C\u00e1mara de Diputados.<\/a><\/li><\/ul>\n\n\n\n<p>Nota: El 1er ejemplar tiene escrito a mano con l\u00e1piz rojo \u201c603\u201d<br>El 2\u00ba ejemplar tiene escrito a mano con l\u00e1piz rojo \u201c-11-\u201d, con l\u00e1piz grafito &#8220;3&#8221;, &#8220;1886&#8221; y con un timbre &#8220;163&#8221;.<br>Documento optimizado digitalmente.<\/p>\n\n\n\n<div class=\"wp-block-image\"><figure class=\"alignright size-medium\"><a href=\"https:\/\/www.lirapopular.cl\/lirapopularxix\/wp-content\/uploads\/2020\/08\/LO0012011.jpg\"><img loading=\"lazy\" decoding=\"async\" width=\"300\" height=\"234\" src=\"https:\/\/www.lirapopular.cl\/lirapopularxix\/wp-content\/uploads\/2020\/08\/LO0012011-300x234.jpg\" alt=\"\" class=\"wp-image-11463\" srcset=\"https:\/\/www.lirapopular.cl\/lirapopularxix\/wp-content\/uploads\/2020\/08\/LO0012011-300x234.jpg 300w, https:\/\/www.lirapopular.cl\/lirapopularxix\/wp-content\/uploads\/2020\/08\/LO0012011-768x599.jpg 768w, https:\/\/www.lirapopular.cl\/lirapopularxix\/wp-content\/uploads\/2020\/08\/LO0012011.jpg 1000w\" sizes=\"auto, (max-width: 300px) 100vw, 300px\" \/><\/a><figcaption>Archivo de Literatura Oral<br>Fondo Rodolfo Lenz<\/figcaption><\/figure><\/div>\n","protected":false},"excerpt":{"rendered":"<p>Autor: Bernardino GuajardoImpresor: Impreso por P. Ramirez.\u2014 Ech\u00e1urren, 6.Tama\u00f1o: 25,2 x 34,2 cmClasificaci\u00f3n: 603 G897b Caja N\u00b02aBN C\u00f3digo:\u00a0LO0012011 D. Benjam\u00edn Vicu\u00f1a Mackenna El candidato presidencial Romance sobre los asuntos parlamentarios discutidos en una sesi\u00f3n borrascosa de la C\u00e1mara de Diputados. Nota: El 1er ejemplar tiene escrito a mano con l\u00e1piz rojo \u201c603\u201dEl 2\u00ba ejemplar tiene [&hellip;]<\/p>\n","protected":false},"author":1,"featured_media":0,"parent":0,"menu_order":0,"comment_status":"closed","ping_status":"closed","template":"","meta":{"footnotes":""},"class_list":["post-6009","page","type-page","status-publish","hentry"],"jetpack_sharing_enabled":true,"_links":{"self":[{"href":"https:\/\/www.lirapopular.cl\/lirapopularxix\/wp-json\/wp\/v2\/pages\/6009","targetHints":{"allow":["GET"]}}],"collection":[{"href":"https:\/\/www.lirapopular.cl\/lirapopularxix\/wp-json\/wp\/v2\/pages"}],"about":[{"href":"https:\/\/www.lirapopular.cl\/lirapopularxix\/wp-json\/wp\/v2\/types\/page"}],"author":[{"embeddable":true,"href":"https:\/\/www.lirapopular.cl\/lirapopularxix\/wp-json\/wp\/v2\/users\/1"}],"replies":[{"embeddable":true,"href":"https:\/\/www.lirapopular.cl\/lirapopularxix\/wp-json\/wp\/v2\/comments?post=6009"}],"version-history":[{"count":0,"href":"https:\/\/www.lirapopular.cl\/lirapopularxix\/wp-json\/wp\/v2\/pages\/6009\/revisions"}],"wp:attachment":[{"href":"https:\/\/www.lirapopular.cl\/lirapopularxix\/wp-json\/wp\/v2\/media?parent=6009"}],"curies":[{"name":"wp","href":"https:\/\/api.w.org\/{rel}","templated":true}]}}