{"id":598,"date":"2019-06-12T18:55:26","date_gmt":"2019-06-12T22:55:26","guid":{"rendered":"https:\/\/www.lirapopular.cl\/lirapopularxix\/?page_id=598"},"modified":"2019-06-12T18:55:26","modified_gmt":"2019-06-12T22:55:26","slug":"el-marido-que-ahorco-a-su-mujeri-degollo-a-sus-tres-ninitos-en-el-mineral-de-los-maitenes-por-salir-a-inmigrar-con-su-querida","status":"publish","type":"page","link":"https:\/\/www.lirapopular.cl\/lirapopularxix\/el-marido-que-ahorco-a-su-mujeri-degollo-a-sus-tres-ninitos-en-el-mineral-de-los-maitenes-por-salir-a-inmigrar-con-su-querida\/","title":{"rendered":"El marido que ahorc\u00f3 a su mujer<br>i degoll\u00f3 a sus tres ni\u00f1itos en el mineral de los Maitenes por salir a inmigrar con su querida<\/br>"},"content":{"rendered":"\n<div class=\"wp-block-image\"><figure class=\"alignright\"><a href=\"https:\/\/www.lirapopular.cl\/lirapopularxix\/wp-content\/uploads\/2019\/06\/361.jpg\"><img loading=\"lazy\" decoding=\"async\" width=\"211\" height=\"300\" src=\"https:\/\/www.lirapopular.cl\/lirapopularxix\/wp-content\/uploads\/2019\/06\/361-211x300.jpg\" alt=\"\" class=\"wp-image-599\" srcset=\"https:\/\/www.lirapopular.cl\/lirapopularxix\/wp-content\/uploads\/2019\/06\/361-211x300.jpg 211w, https:\/\/www.lirapopular.cl\/lirapopularxix\/wp-content\/uploads\/2019\/06\/361.jpg 703w\" sizes=\"auto, (max-width: 211px) 100vw, 211px\" \/><\/a><figcaption>Colecci\u00f3n Lira Popular de la Universidad de Chile<\/figcaption><\/figure><\/div>\n\n\n\n<p>Autor: Jos\u00e9 Hip\u00f3lito Cordero, Autor, poeta de Santiago, Echaurren, 105.<br>Impresor: 18,330\u2013Imp. C.<br>Tama\u00f1o: 37,4 x 53,6 cm<br>Clasificaci\u00f3n: 361 C794m Caja N\u00b04b<\/p>\n\n\n<ul>\n<li><a href=\"https:\/\/www.lirapopular.cl\/lirapopularxix\/2019\/06\/12\/el-marido-que-ahorco\/\">El marido que ahorc\u00f3 a su mujer, degoll\u00f3 a sus tres ni\u00f1itos en el mineral de Los Maitenes, por salir a inmigrar con su querida<\/a><\/li>\n<li><a href=\"https:\/\/www.lirapopular.cl\/lirapopularxix\/2019\/06\/12\/gran-contrapunto-entre-un-guardian-i-un-bo-rracho\/\">Gran contrapunto entre un guardi\u00e1n y un borracho<\/a><\/li>\n<li><a href=\"https:\/\/www.lirapopular.cl\/lirapopularxix\/2019\/06\/12\/las-palabras-que-hablo-dios-al-rei-balta-sar-en-letras-griegas\/\">Las palabras que habl\u00f3 dios al rey Baltasar en letras griegas<\/a><\/li>\n<li><a href=\"https:\/\/www.lirapopular.cl\/lirapopularxix\/2019\/06\/12\/al-nuevo-gobierno\/\">Al nuevo Gobierno<\/a><\/li>\n<li><a href=\"https:\/\/www.lirapopular.cl\/lirapopularxix\/2019\/06\/12\/versos-de-los-viejoshechiceros\/\">Versos de los viejos hechiceros<\/a><\/li>\n<\/ul>\n\n\n<p>Nota: Este ejemplar tiene escrito a mano con l\u00e1piz rojo \u201c361\u201d<\/p>\n","protected":false},"excerpt":{"rendered":"<p>Autor: Jos\u00e9 Hip\u00f3lito Cordero, Autor, poeta de Santiago, Echaurren, 105.Impresor: 18,330\u2013Imp. C.Tama\u00f1o: 37,4 x 53,6 cmClasificaci\u00f3n: 361 C794m Caja N\u00b04b El marido que ahorc\u00f3 a su mujer, degoll\u00f3 a sus tres ni\u00f1itos en el mineral de Los Maitenes, por salir a inmigrar con su querida Gran contrapunto entre un guardi\u00e1n y un borracho Las palabras [&hellip;]<\/p>\n","protected":false},"author":1,"featured_media":0,"parent":0,"menu_order":0,"comment_status":"closed","ping_status":"closed","template":"","meta":{"footnotes":""},"class_list":["post-598","page","type-page","status-publish","hentry"],"jetpack_sharing_enabled":true,"_links":{"self":[{"href":"https:\/\/www.lirapopular.cl\/lirapopularxix\/wp-json\/wp\/v2\/pages\/598","targetHints":{"allow":["GET"]}}],"collection":[{"href":"https:\/\/www.lirapopular.cl\/lirapopularxix\/wp-json\/wp\/v2\/pages"}],"about":[{"href":"https:\/\/www.lirapopular.cl\/lirapopularxix\/wp-json\/wp\/v2\/types\/page"}],"author":[{"embeddable":true,"href":"https:\/\/www.lirapopular.cl\/lirapopularxix\/wp-json\/wp\/v2\/users\/1"}],"replies":[{"embeddable":true,"href":"https:\/\/www.lirapopular.cl\/lirapopularxix\/wp-json\/wp\/v2\/comments?post=598"}],"version-history":[{"count":0,"href":"https:\/\/www.lirapopular.cl\/lirapopularxix\/wp-json\/wp\/v2\/pages\/598\/revisions"}],"wp:attachment":[{"href":"https:\/\/www.lirapopular.cl\/lirapopularxix\/wp-json\/wp\/v2\/media?parent=598"}],"curies":[{"name":"wp","href":"https:\/\/api.w.org\/{rel}","templated":true}]}}