{"id":5953,"date":"2020-01-28T17:04:14","date_gmt":"2020-01-28T21:04:14","guid":{"rendered":"https:\/\/www.lirapopular.cl\/lirapopularxix\/?page_id=5953"},"modified":"2020-01-28T17:04:14","modified_gmt":"2020-01-28T21:04:14","slug":"los-reos-navarrete-i-riveros","status":"publish","type":"page","link":"https:\/\/www.lirapopular.cl\/lirapopularxix\/los-reos-navarrete-i-riveros\/","title":{"rendered":"Los reos Navarrete i Riveros"},"content":{"rendered":"<div class=\"wp-block-image\">\n<figure class=\"alignright size-medium\"><a href=\"https:\/\/www.lirapopular.cl\/lirapopularxix\/wp-content\/uploads\/2020\/01\/599.jpg\"><img loading=\"lazy\" decoding=\"async\" width=\"300\" height=\"223\" src=\"https:\/\/www.lirapopular.cl\/lirapopularxix\/wp-content\/uploads\/2020\/01\/599-300x223.jpg\" alt=\"\" class=\"wp-image-5954\" srcset=\"https:\/\/www.lirapopular.cl\/lirapopularxix\/wp-content\/uploads\/2020\/01\/599-300x223.jpg 300w, https:\/\/www.lirapopular.cl\/lirapopularxix\/wp-content\/uploads\/2020\/01\/599-768x571.jpg 768w, https:\/\/www.lirapopular.cl\/lirapopularxix\/wp-content\/uploads\/2020\/01\/599.jpg 1000w\" sizes=\"auto, (max-width: 300px) 100vw, 300px\" \/><\/a><figcaption class=\"wp-element-caption\">Colecci\u00f3n Lira Popular de la Universidad de Chile<\/figcaption><\/figure>\n<\/div>\n\n\n<p>Autor: Bernardino Guajardo<br>Impresor: Impreso por P. Ramirez.\u2014 Ech\u00e1urren, 6.<br>Tama\u00f1o: 25,5 x 34 cm <br>Clasificaci\u00f3n: 599 G897i Caja N\u00b02a<\/p>\n\n\n\n<ul class=\"wp-block-list\">\n<li><a href=\"https:\/\/www.lirapopular.cl\/lirapopularxix\/2020\/01\/28\/la-incredulidad\/\">La incredulidad<\/a><\/li>\n\n\n\n<li><a href=\"https:\/\/www.lirapopular.cl\/lirapopularxix\/2020\/01\/28\/los-reos-navarrete-i-riveros\/\">Los reos Navarrete i Riveros.<\/a><\/li>\n\n\n\n<li><a href=\"https:\/\/www.lirapopular.cl\/lirapopularxix\/2020\/01\/28\/la-buena-muerte\/\">La buena muerte<\/a><\/li>\n\n\n\n<li><a href=\"https:\/\/www.lirapopular.cl\/lirapopularxix\/2020\/01\/28\/estatua-de-arturo-prat\/\">Estatua de Arturo Prat<\/a><\/li>\n<\/ul>\n\n\n\n<p>Nota: Este ejemplar tiene escrito a mano con l\u00e1piz rojo \u201c599\u201d<\/p>\n","protected":false},"excerpt":{"rendered":"<p>Autor: Bernardino GuajardoImpresor: Impreso por P. Ramirez.\u2014 Ech\u00e1urren, 6.Tama\u00f1o: 25,5 x 34 cm Clasificaci\u00f3n: 599 G897i Caja N\u00b02a Nota: Este ejemplar tiene escrito a mano con l\u00e1piz rojo \u201c599\u201d<\/p>\n","protected":false},"author":1,"featured_media":0,"parent":0,"menu_order":0,"comment_status":"closed","ping_status":"closed","template":"","meta":{"footnotes":""},"class_list":["post-5953","page","type-page","status-publish","hentry"],"jetpack_sharing_enabled":true,"_links":{"self":[{"href":"https:\/\/www.lirapopular.cl\/lirapopularxix\/wp-json\/wp\/v2\/pages\/5953","targetHints":{"allow":["GET"]}}],"collection":[{"href":"https:\/\/www.lirapopular.cl\/lirapopularxix\/wp-json\/wp\/v2\/pages"}],"about":[{"href":"https:\/\/www.lirapopular.cl\/lirapopularxix\/wp-json\/wp\/v2\/types\/page"}],"author":[{"embeddable":true,"href":"https:\/\/www.lirapopular.cl\/lirapopularxix\/wp-json\/wp\/v2\/users\/1"}],"replies":[{"embeddable":true,"href":"https:\/\/www.lirapopular.cl\/lirapopularxix\/wp-json\/wp\/v2\/comments?post=5953"}],"version-history":[{"count":0,"href":"https:\/\/www.lirapopular.cl\/lirapopularxix\/wp-json\/wp\/v2\/pages\/5953\/revisions"}],"wp:attachment":[{"href":"https:\/\/www.lirapopular.cl\/lirapopularxix\/wp-json\/wp\/v2\/media?parent=5953"}],"curies":[{"name":"wp","href":"https:\/\/api.w.org\/{rel}","templated":true}]}}