{"id":5896,"date":"2020-01-27T09:25:32","date_gmt":"2020-01-27T13:25:32","guid":{"rendered":"https:\/\/www.lirapopular.cl\/lirapopularxix\/?page_id=5896"},"modified":"2020-01-27T09:25:32","modified_gmt":"2020-01-27T13:25:32","slug":"brindis-populares","status":"publish","type":"page","link":"https:\/\/www.lirapopular.cl\/lirapopularxix\/brindis-populares\/","title":{"rendered":"Brindis populares"},"content":{"rendered":"\n<div class=\"wp-block-image\"><figure class=\"alignright size-medium\"><a href=\"https:\/\/www.lirapopular.cl\/lirapopularxix\/wp-content\/uploads\/2020\/01\/596.jpg\"><img loading=\"lazy\" decoding=\"async\" width=\"300\" height=\"223\" src=\"https:\/\/www.lirapopular.cl\/lirapopularxix\/wp-content\/uploads\/2020\/01\/596-300x223.jpg\" alt=\"\" class=\"wp-image-5897\" srcset=\"https:\/\/www.lirapopular.cl\/lirapopularxix\/wp-content\/uploads\/2020\/01\/596-300x223.jpg 300w, https:\/\/www.lirapopular.cl\/lirapopularxix\/wp-content\/uploads\/2020\/01\/596-768x570.jpg 768w, https:\/\/www.lirapopular.cl\/lirapopularxix\/wp-content\/uploads\/2020\/01\/596.jpg 1000w\" sizes=\"auto, (max-width: 300px) 100vw, 300px\" \/><\/a><figcaption>Colecci\u00f3n Lira Popular de la Universidad de Chile<\/figcaption><\/figure><\/div>\n\n\n\n<p>Autor: Bernardino Guajardo<br>Impresor: Impreso por P. Ramirez.\u2014 Ech\u00e1urren 6.<br>Tama\u00f1o: 24,6 x 33,8 cm<br>Clasificaci\u00f3n: 596 G897b Caja N\u00b02a<\/p>\n\n\n\n<ul class=\"wp-block-list\"><li><a href=\"https:\/\/www.lirapopular.cl\/lirapopularxix\/2020\/01\/27\/brindis-populares\/\">Brindis populares<\/a><\/li><li><a href=\"https:\/\/www.lirapopular.cl\/lirapopularxix\/2020\/01\/27\/dos-poetas-mas\/\">Dos poetas mas<\/a><\/li><li><a href=\"https:\/\/www.lirapopular.cl\/lirapopularxix\/2020\/01\/27\/peleando-por-la-carabina\/\">Peleando por la carabina<\/a><\/li><li><a href=\"https:\/\/www.lirapopular.cl\/lirapopularxix\/2020\/01\/27\/asalto-2\/\">Asalto<\/a><\/li><\/ul>\n\n\n\n<p>Nota: Este ejemplar tiene escrito a mano con l\u00e1piz rojo \u201c596\u201d<\/p>\n","protected":false},"excerpt":{"rendered":"<p>Autor: Bernardino GuajardoImpresor: Impreso por P. Ramirez.\u2014 Ech\u00e1urren 6.Tama\u00f1o: 24,6 x 33,8 cmClasificaci\u00f3n: 596 G897b Caja N\u00b02a Brindis populares Dos poetas mas Peleando por la carabina Asalto Nota: Este ejemplar tiene escrito a mano con l\u00e1piz rojo \u201c596\u201d<\/p>\n","protected":false},"author":1,"featured_media":0,"parent":0,"menu_order":0,"comment_status":"closed","ping_status":"closed","template":"","meta":{"footnotes":""},"class_list":["post-5896","page","type-page","status-publish","hentry"],"jetpack_sharing_enabled":true,"_links":{"self":[{"href":"https:\/\/www.lirapopular.cl\/lirapopularxix\/wp-json\/wp\/v2\/pages\/5896","targetHints":{"allow":["GET"]}}],"collection":[{"href":"https:\/\/www.lirapopular.cl\/lirapopularxix\/wp-json\/wp\/v2\/pages"}],"about":[{"href":"https:\/\/www.lirapopular.cl\/lirapopularxix\/wp-json\/wp\/v2\/types\/page"}],"author":[{"embeddable":true,"href":"https:\/\/www.lirapopular.cl\/lirapopularxix\/wp-json\/wp\/v2\/users\/1"}],"replies":[{"embeddable":true,"href":"https:\/\/www.lirapopular.cl\/lirapopularxix\/wp-json\/wp\/v2\/comments?post=5896"}],"version-history":[{"count":0,"href":"https:\/\/www.lirapopular.cl\/lirapopularxix\/wp-json\/wp\/v2\/pages\/5896\/revisions"}],"wp:attachment":[{"href":"https:\/\/www.lirapopular.cl\/lirapopularxix\/wp-json\/wp\/v2\/media?parent=5896"}],"curies":[{"name":"wp","href":"https:\/\/api.w.org\/{rel}","templated":true}]}}