{"id":5861,"date":"2020-01-26T10:09:35","date_gmt":"2020-01-26T14:09:35","guid":{"rendered":"https:\/\/www.lirapopular.cl\/lirapopularxix\/?page_id=5861"},"modified":"2020-01-26T10:09:35","modified_gmt":"2020-01-26T14:09:35","slug":"las-cosas-de-lima","status":"publish","type":"page","link":"https:\/\/www.lirapopular.cl\/lirapopularxix\/las-cosas-de-lima\/","title":{"rendered":"Las cosas de Lima"},"content":{"rendered":"\n<div class=\"wp-block-image\"><figure class=\"alignright size-medium\"><a href=\"https:\/\/www.lirapopular.cl\/lirapopularxix\/wp-content\/uploads\/2020\/01\/594.jpg\"><img loading=\"lazy\" decoding=\"async\" width=\"300\" height=\"220\" src=\"https:\/\/www.lirapopular.cl\/lirapopularxix\/wp-content\/uploads\/2020\/01\/594-300x220.jpg\" alt=\"\" class=\"wp-image-5862\" srcset=\"https:\/\/www.lirapopular.cl\/lirapopularxix\/wp-content\/uploads\/2020\/01\/594-300x220.jpg 300w, https:\/\/www.lirapopular.cl\/lirapopularxix\/wp-content\/uploads\/2020\/01\/594-768x563.jpg 768w, https:\/\/www.lirapopular.cl\/lirapopularxix\/wp-content\/uploads\/2020\/01\/594.jpg 1000w\" sizes=\"auto, (max-width: 300px) 100vw, 300px\" \/><\/a><figcaption>Colecci\u00f3n Lira Popular de la Universidad de Chile<\/figcaption><\/figure><\/div>\n\n\n\n<p>Autor: Bernardino Guajardo<br>Impresor: Impreso por P. Ramirez.\u2014 Ech\u00e1urren. 6<br>Tama\u00f1o: 24,7 x 33,5 cm<br>Clasificaci\u00f3n: 594 G897l Caja N\u00b02a<\/p>\n\n\n\n<ul class=\"wp-block-list\"><li><a href=\"https:\/\/www.lirapopular.cl\/lirapopularxix\/2020\/01\/26\/las-cosas-de-lima\/\">Las cosas de Lima<\/a><\/li><li><a href=\"https:\/\/www.lirapopular.cl\/lirapopularxix\/2020\/01\/26\/los-abusos-de-la-empresa\/\">Los abusos de la empresa<\/a><\/li><li><a href=\"https:\/\/www.lirapopular.cl\/lirapopularxix\/2020\/01\/26\/el-harinero\/\">El harinero<\/a><\/li><li><a href=\"https:\/\/www.lirapopular.cl\/lirapopularxix\/2020\/01\/26\/inundacion-del-lnfierno\/\">Inundaci\u00f3n del lnfierno<\/a><\/li><li><a href=\"https:\/\/www.lirapopular.cl\/lirapopularxix\/2020\/01\/26\/el-juramento-falso\/\">El juramento falso.<\/a><\/li><\/ul>\n\n\n\n<p>Nota: Este ejemplar tiene escrito a mano con l\u00e1piz rojo \u201c594\u201d<\/p>\n","protected":false},"excerpt":{"rendered":"<p>Autor: Bernardino GuajardoImpresor: Impreso por P. Ramirez.\u2014 Ech\u00e1urren. 6Tama\u00f1o: 24,7 x 33,5 cmClasificaci\u00f3n: 594 G897l Caja N\u00b02a Las cosas de Lima Los abusos de la empresa El harinero Inundaci\u00f3n del lnfierno El juramento falso. Nota: Este ejemplar tiene escrito a mano con l\u00e1piz rojo \u201c594\u201d<\/p>\n","protected":false},"author":1,"featured_media":0,"parent":0,"menu_order":0,"comment_status":"closed","ping_status":"closed","template":"","meta":{"footnotes":""},"class_list":["post-5861","page","type-page","status-publish","hentry"],"jetpack_sharing_enabled":true,"_links":{"self":[{"href":"https:\/\/www.lirapopular.cl\/lirapopularxix\/wp-json\/wp\/v2\/pages\/5861","targetHints":{"allow":["GET"]}}],"collection":[{"href":"https:\/\/www.lirapopular.cl\/lirapopularxix\/wp-json\/wp\/v2\/pages"}],"about":[{"href":"https:\/\/www.lirapopular.cl\/lirapopularxix\/wp-json\/wp\/v2\/types\/page"}],"author":[{"embeddable":true,"href":"https:\/\/www.lirapopular.cl\/lirapopularxix\/wp-json\/wp\/v2\/users\/1"}],"replies":[{"embeddable":true,"href":"https:\/\/www.lirapopular.cl\/lirapopularxix\/wp-json\/wp\/v2\/comments?post=5861"}],"version-history":[{"count":0,"href":"https:\/\/www.lirapopular.cl\/lirapopularxix\/wp-json\/wp\/v2\/pages\/5861\/revisions"}],"wp:attachment":[{"href":"https:\/\/www.lirapopular.cl\/lirapopularxix\/wp-json\/wp\/v2\/media?parent=5861"}],"curies":[{"name":"wp","href":"https:\/\/api.w.org\/{rel}","templated":true}]}}