{"id":5845,"date":"2020-01-24T20:21:37","date_gmt":"2020-01-25T00:21:37","guid":{"rendered":"https:\/\/www.lirapopular.cl\/lirapopularxix\/?page_id=5845"},"modified":"2020-01-24T20:21:37","modified_gmt":"2020-01-25T00:21:37","slug":"los-cholos-i-los-cuicos","status":"publish","type":"page","link":"https:\/\/www.lirapopular.cl\/lirapopularxix\/los-cholos-i-los-cuicos\/","title":{"rendered":"Los cholos i los cuicos <br>cobr\u00e1ndose sentimientos"},"content":{"rendered":"\n<div class=\"wp-block-image\"><figure class=\"alignright size-medium\"><a href=\"https:\/\/www.lirapopular.cl\/lirapopularxix\/wp-content\/uploads\/2020\/01\/593.jpg\"><img loading=\"lazy\" decoding=\"async\" width=\"300\" height=\"223\" src=\"https:\/\/www.lirapopular.cl\/lirapopularxix\/wp-content\/uploads\/2020\/01\/593-300x223.jpg\" alt=\"\" class=\"wp-image-5846\" srcset=\"https:\/\/www.lirapopular.cl\/lirapopularxix\/wp-content\/uploads\/2020\/01\/593-300x223.jpg 300w, https:\/\/www.lirapopular.cl\/lirapopularxix\/wp-content\/uploads\/2020\/01\/593-768x571.jpg 768w, https:\/\/www.lirapopular.cl\/lirapopularxix\/wp-content\/uploads\/2020\/01\/593.jpg 1000w\" sizes=\"auto, (max-width: 300px) 100vw, 300px\" \/><\/a><figcaption>Colecci\u00f3n Lira Popular de la Universidad de Chile<\/figcaption><\/figure><\/div>\n\n\n\n<p>Autor: Bernardino Guajardo<br>Impresor: Imp. de \u00abLos Tiempos\u00bb\u2014Bandera, 24<br>Tama\u00f1o: 25,6 x 26 cm<br>Clasificaci\u00f3n: 593 G897c Caja N\u00b02a<\/p>\n\n\n\n<ul class=\"wp-block-list\"><li><a href=\"https:\/\/www.lirapopular.cl\/lirapopularxix\/2020\/01\/26\/los-cholos-i-los-cuicos-cobrandose-sentimientos\/\">Los cholos i los cuicos cobr\u00e1ndose sentimientos<\/a><\/li><li><a href=\"https:\/\/www.lirapopular.cl\/lirapopularxix\/2020\/01\/26\/combate-naval-en-arica\/\">Combate naval en Arica<\/a><\/li><li><a href=\"https:\/\/www.lirapopular.cl\/lirapopularxix\/2020\/01\/26\/interesante-loteria-entre-prado-daza-i-el-bravo-jeneral-escala\/\">Interesante loter\u00eda entre Prado, Daza i el bravo general Escala<\/a><\/li><li><a href=\"https:\/\/www.lirapopular.cl\/lirapopularxix\/2020\/01\/26\/suplicas-de-santa-rosa-a-la-virjen-del-carmen\/\">S\u00faplicas de Santa Rosa a la Virgen del C\u00e1rmen<\/a><\/li><\/ul>\n\n\n\n<p>Nota: Este ejemplar tiene escrito a mano con l\u00e1piz rojo \u201c593\u201d<\/p>\n\n\n\n<p>Fue recortada una d\u00e9cima en el lado derecho del documento<\/p>\n","protected":false},"excerpt":{"rendered":"<p>Autor: Bernardino GuajardoImpresor: Imp. de \u00abLos Tiempos\u00bb\u2014Bandera, 24Tama\u00f1o: 25,6 x 26 cmClasificaci\u00f3n: 593 G897c Caja N\u00b02a Los cholos i los cuicos cobr\u00e1ndose sentimientos Combate naval en Arica Interesante loter\u00eda entre Prado, Daza i el bravo general Escala S\u00faplicas de Santa Rosa a la Virgen del C\u00e1rmen Nota: Este ejemplar tiene escrito a mano con l\u00e1piz [&hellip;]<\/p>\n","protected":false},"author":1,"featured_media":0,"parent":0,"menu_order":0,"comment_status":"closed","ping_status":"closed","template":"","meta":{"footnotes":""},"class_list":["post-5845","page","type-page","status-publish","hentry"],"jetpack_sharing_enabled":true,"_links":{"self":[{"href":"https:\/\/www.lirapopular.cl\/lirapopularxix\/wp-json\/wp\/v2\/pages\/5845","targetHints":{"allow":["GET"]}}],"collection":[{"href":"https:\/\/www.lirapopular.cl\/lirapopularxix\/wp-json\/wp\/v2\/pages"}],"about":[{"href":"https:\/\/www.lirapopular.cl\/lirapopularxix\/wp-json\/wp\/v2\/types\/page"}],"author":[{"embeddable":true,"href":"https:\/\/www.lirapopular.cl\/lirapopularxix\/wp-json\/wp\/v2\/users\/1"}],"replies":[{"embeddable":true,"href":"https:\/\/www.lirapopular.cl\/lirapopularxix\/wp-json\/wp\/v2\/comments?post=5845"}],"version-history":[{"count":0,"href":"https:\/\/www.lirapopular.cl\/lirapopularxix\/wp-json\/wp\/v2\/pages\/5845\/revisions"}],"wp:attachment":[{"href":"https:\/\/www.lirapopular.cl\/lirapopularxix\/wp-json\/wp\/v2\/media?parent=5845"}],"curies":[{"name":"wp","href":"https:\/\/api.w.org\/{rel}","templated":true}]}}