{"id":5809,"date":"2020-01-22T11:21:10","date_gmt":"2020-01-22T15:21:10","guid":{"rendered":"https:\/\/www.lirapopular.cl\/lirapopularxix\/?page_id=5809"},"modified":"2020-01-22T11:21:10","modified_gmt":"2020-01-22T15:21:10","slug":"anuncio-i-milagro-de-un-profeta","status":"publish","type":"page","link":"https:\/\/www.lirapopular.cl\/lirapopularxix\/anuncio-i-milagro-de-un-profeta\/","title":{"rendered":"ANUNCIO I MILAGRO <br>DE UN PROFETA"},"content":{"rendered":"\n<div class=\"wp-block-image\"><figure class=\"alignright size-medium\"><a href=\"https:\/\/www.lirapopular.cl\/lirapopularxix\/wp-content\/uploads\/2020\/01\/591.jpg\"><img loading=\"lazy\" decoding=\"async\" width=\"245\" height=\"300\" src=\"https:\/\/www.lirapopular.cl\/lirapopularxix\/wp-content\/uploads\/2020\/01\/591-245x300.jpg\" alt=\"\" class=\"wp-image-5810\" srcset=\"https:\/\/www.lirapopular.cl\/lirapopularxix\/wp-content\/uploads\/2020\/01\/591-245x300.jpg 245w, https:\/\/www.lirapopular.cl\/lirapopularxix\/wp-content\/uploads\/2020\/01\/591-768x941.jpg 768w, https:\/\/www.lirapopular.cl\/lirapopularxix\/wp-content\/uploads\/2020\/01\/591.jpg 816w\" sizes=\"auto, (max-width: 245px) 100vw, 245px\" \/><\/a><figcaption>Colecci\u00f3n Lira Popular de la Universidad de Chile<\/figcaption><\/figure><\/div>\n\n\n\n<p>Autor: Bernardino Guajardo<br>Impresor: Sin informaci\u00f3n<br>Tama\u00f1o: 37,6 x 31,2 cm<br>Clasificaci\u00f3n: 591 G897a Caja N\u00b01a<\/p>\n\n\n\n<ul class=\"wp-block-list\"><li><a href=\"https:\/\/www.lirapopular.cl\/lirapopularxix\/2020\/01\/24\/anuncio-i-milagro-de-un-profeta\/\">Anuncio y milagro de un profeta<\/a><\/li><li><a href=\"https:\/\/www.lirapopular.cl\/lirapopularxix\/2020\/01\/24\/lluvia-milagrosa\/\">Lluvia milagrosa<\/a><\/li><li><a href=\"https:\/\/www.lirapopular.cl\/lirapopularxix\/2020\/01\/24\/pobres-galleros\/\">Pobres galleros<\/a><\/li><li><a href=\"https:\/\/www.lirapopular.cl\/lirapopularxix\/2020\/01\/24\/suplica-al-poeta-lillo\/\">S\u00faplica al poeta Lillo<\/a><\/li><\/ul>\n\n\n\n<p>Nota: Este ejemplar tiene escrito a mano con l\u00e1piz rojo \u201c591\u201d<\/p>\n","protected":false},"excerpt":{"rendered":"<p>Autor: Bernardino GuajardoImpresor: Sin informaci\u00f3nTama\u00f1o: 37,6 x 31,2 cmClasificaci\u00f3n: 591 G897a Caja N\u00b01a Anuncio y milagro de un profeta Lluvia milagrosa Pobres galleros S\u00faplica al poeta Lillo Nota: Este ejemplar tiene escrito a mano con l\u00e1piz rojo \u201c591\u201d<\/p>\n","protected":false},"author":1,"featured_media":0,"parent":0,"menu_order":0,"comment_status":"closed","ping_status":"closed","template":"","meta":{"footnotes":""},"class_list":["post-5809","page","type-page","status-publish","hentry"],"jetpack_sharing_enabled":true,"_links":{"self":[{"href":"https:\/\/www.lirapopular.cl\/lirapopularxix\/wp-json\/wp\/v2\/pages\/5809","targetHints":{"allow":["GET"]}}],"collection":[{"href":"https:\/\/www.lirapopular.cl\/lirapopularxix\/wp-json\/wp\/v2\/pages"}],"about":[{"href":"https:\/\/www.lirapopular.cl\/lirapopularxix\/wp-json\/wp\/v2\/types\/page"}],"author":[{"embeddable":true,"href":"https:\/\/www.lirapopular.cl\/lirapopularxix\/wp-json\/wp\/v2\/users\/1"}],"replies":[{"embeddable":true,"href":"https:\/\/www.lirapopular.cl\/lirapopularxix\/wp-json\/wp\/v2\/comments?post=5809"}],"version-history":[{"count":0,"href":"https:\/\/www.lirapopular.cl\/lirapopularxix\/wp-json\/wp\/v2\/pages\/5809\/revisions"}],"wp:attachment":[{"href":"https:\/\/www.lirapopular.cl\/lirapopularxix\/wp-json\/wp\/v2\/media?parent=5809"}],"curies":[{"name":"wp","href":"https:\/\/api.w.org\/{rel}","templated":true}]}}