{"id":573,"date":"2019-06-12T15:30:18","date_gmt":"2019-06-12T19:30:18","guid":{"rendered":"https:\/\/www.lirapopular.cl\/lirapopularxix\/?page_id=573"},"modified":"2019-06-12T15:30:18","modified_gmt":"2019-06-12T19:30:18","slug":"la-sierpe-aparecida-en-las-pallatas","status":"publish","type":"page","link":"https:\/\/www.lirapopular.cl\/lirapopularxix\/la-sierpe-aparecida-en-las-pallatas\/","title":{"rendered":"La sierpe aparecida en las Pallatas<br>C\u00d3MPRENME PRECIOSAS NI\u00d1AS, DE OJOS VERDECITOS<BR>EL CABALLERO QUE SE SUICID\u00d3 EN TREBULCO"},"content":{"rendered":"\n<div class=\"wp-block-image\"><figure class=\"alignright\"><a href=\"https:\/\/www.lirapopular.cl\/lirapopularxix\/wp-content\/uploads\/2019\/06\/360.jpg\"><img loading=\"lazy\" decoding=\"async\" width=\"206\" height=\"300\" src=\"https:\/\/www.lirapopular.cl\/lirapopularxix\/wp-content\/uploads\/2019\/06\/360-206x300.jpg\" alt=\"\" class=\"wp-image-574\" srcset=\"https:\/\/www.lirapopular.cl\/lirapopularxix\/wp-content\/uploads\/2019\/06\/360-206x300.jpg 206w, https:\/\/www.lirapopular.cl\/lirapopularxix\/wp-content\/uploads\/2019\/06\/360.jpg 688w\" sizes=\"auto, (max-width: 206px) 100vw, 206px\" \/><\/a><figcaption>Colecci\u00f3n Lira Popular de la <br>Universidad de Chile<\/figcaption><\/figure><\/div>\n\n\n\n<p>Autor: Jos\u00e9 Hip\u00f3lito Cordero, Autor poeta de Santiago, Ech\u00e1urren, 105<br>Impresor: Imp. Moneda, 25<br>Tama\u00f1o: 36 x 53 cm<br>Clasificaci\u00f3n: 360 C794s Caja N\u00b04b, BN C\u00f3digo:\u00a0LO0012569<\/p>\n\n\n\n<ul class=\"wp-block-list\"><li><a href=\"https:\/\/www.lirapopular.cl\/lirapopularxix\/2019\/06\/12\/la-sierpe-aparecida-en-las-pallatas\/\">La sierpe aparecida en las Pallatas<\/a><\/li><li><a href=\"https:\/\/www.lirapopular.cl\/lirapopularxix\/2019\/06\/12\/el-caballero-que-se-suicido-en-la-hacienda-de-trevulco\/\">El caballero que se suicid\u00f3<\/a><\/li><li><a href=\"https:\/\/www.lirapopular.cl\/lirapopularxix\/2019\/06\/12\/construcciondel-templo-de-jerusalen\/\">Construcci\u00f3n del templo de Jerusal\u00e9n<\/a><\/li><li><a href=\"https:\/\/www.lirapopular.cl\/lirapopularxix\/2019\/06\/12\/profesado-amor\/\">Profesado amor<\/a><\/li><li><a href=\"https:\/\/www.lirapopular.cl\/lirapopularxix\/2019\/06\/12\/brindis-diversos-2\/\">Br\u00edndis diversos<\/a><\/li><\/ul>\n\n\n\n<p>Nota: El 1er ejemplar tiene escrito a mano con l\u00e1piz rojo \u201c360\u201d<br>El 2\u00ba ejemplar tiene escrito a mano con l\u00e1piz azul \u201c4\u201d y con plum\u00f3n &#8220;243&#8221;. Por el reverso sobre un papel &#8220;30&#8221; y &#8220;6&#8221;.<br>Documentos optimizados digitalmente.<\/p>\n\n\n\n<div class=\"wp-block-image\"><figure class=\"alignright size-medium\"><a href=\"https:\/\/www.lirapopular.cl\/lirapopularxix\/wp-content\/uploads\/2020\/08\/LO0012569.jpg\"><img loading=\"lazy\" decoding=\"async\" width=\"300\" height=\"206\" src=\"https:\/\/www.lirapopular.cl\/lirapopularxix\/wp-content\/uploads\/2020\/08\/LO0012569-300x206.jpg\" alt=\"\" class=\"wp-image-11085\" srcset=\"https:\/\/www.lirapopular.cl\/lirapopularxix\/wp-content\/uploads\/2020\/08\/LO0012569-300x206.jpg 300w, https:\/\/www.lirapopular.cl\/lirapopularxix\/wp-content\/uploads\/2020\/08\/LO0012569-768x527.jpg 768w, https:\/\/www.lirapopular.cl\/lirapopularxix\/wp-content\/uploads\/2020\/08\/LO0012569.jpg 1000w\" sizes=\"auto, (max-width: 300px) 100vw, 300px\" \/><\/a><figcaption>Archivo de Literatura Oral<br>Colecci\u00f3n Alamiro de \u00c1vila<\/figcaption><\/figure><\/div>\n","protected":false},"excerpt":{"rendered":"<p>Autor: Jos\u00e9 Hip\u00f3lito Cordero, Autor poeta de Santiago, Ech\u00e1urren, 105Impresor: Imp. Moneda, 25Tama\u00f1o: 36 x 53 cmClasificaci\u00f3n: 360 C794s Caja N\u00b04b, BN C\u00f3digo:\u00a0LO0012569 La sierpe aparecida en las Pallatas El caballero que se suicid\u00f3 Construcci\u00f3n del templo de Jerusal\u00e9n Profesado amor Br\u00edndis diversos Nota: El 1er ejemplar tiene escrito a mano con l\u00e1piz rojo \u201c360\u201dEl [&hellip;]<\/p>\n","protected":false},"author":1,"featured_media":0,"parent":0,"menu_order":0,"comment_status":"closed","ping_status":"closed","template":"","meta":{"footnotes":""},"class_list":["post-573","page","type-page","status-publish","hentry"],"jetpack_sharing_enabled":true,"_links":{"self":[{"href":"https:\/\/www.lirapopular.cl\/lirapopularxix\/wp-json\/wp\/v2\/pages\/573","targetHints":{"allow":["GET"]}}],"collection":[{"href":"https:\/\/www.lirapopular.cl\/lirapopularxix\/wp-json\/wp\/v2\/pages"}],"about":[{"href":"https:\/\/www.lirapopular.cl\/lirapopularxix\/wp-json\/wp\/v2\/types\/page"}],"author":[{"embeddable":true,"href":"https:\/\/www.lirapopular.cl\/lirapopularxix\/wp-json\/wp\/v2\/users\/1"}],"replies":[{"embeddable":true,"href":"https:\/\/www.lirapopular.cl\/lirapopularxix\/wp-json\/wp\/v2\/comments?post=573"}],"version-history":[{"count":0,"href":"https:\/\/www.lirapopular.cl\/lirapopularxix\/wp-json\/wp\/v2\/pages\/573\/revisions"}],"wp:attachment":[{"href":"https:\/\/www.lirapopular.cl\/lirapopularxix\/wp-json\/wp\/v2\/media?parent=573"}],"curies":[{"name":"wp","href":"https:\/\/api.w.org\/{rel}","templated":true}]}}