{"id":5697,"date":"2020-01-18T12:59:38","date_gmt":"2020-01-18T16:59:38","guid":{"rendered":"https:\/\/www.lirapopular.cl\/lirapopularxix\/?page_id=5697"},"modified":"2020-01-18T12:59:38","modified_gmt":"2020-01-18T16:59:38","slug":"contra-puntode-nicasio-garcia-con","status":"publish","type":"page","link":"https:\/\/www.lirapopular.cl\/lirapopularxix\/contra-puntode-nicasio-garcia-con\/","title":{"rendered":"CONTRA-PUNTO<BR>DE NICASIO GARC\u00cdA CON EL HUASO GRANDON"},"content":{"rendered":"\n<div class=\"wp-block-image\"><figure class=\"alignright size-medium\"><a href=\"https:\/\/www.lirapopular.cl\/lirapopularxix\/wp-content\/uploads\/2020\/01\/432-744x1024.jpg\"><img loading=\"lazy\" decoding=\"async\" width=\"218\" height=\"300\" src=\"https:\/\/www.lirapopular.cl\/lirapopularxix\/wp-content\/uploads\/2020\/01\/432-218x300.jpg\" alt=\"\" class=\"wp-image-5698\" srcset=\"https:\/\/www.lirapopular.cl\/lirapopularxix\/wp-content\/uploads\/2020\/01\/432-218x300.jpg 218w, https:\/\/www.lirapopular.cl\/lirapopularxix\/wp-content\/uploads\/2020\/01\/432-744x1024.jpg 744w, https:\/\/www.lirapopular.cl\/lirapopularxix\/wp-content\/uploads\/2020\/01\/432-768x1058.jpg 768w, https:\/\/www.lirapopular.cl\/lirapopularxix\/wp-content\/uploads\/2020\/01\/432.jpg 1000w\" sizes=\"auto, (max-width: 218px) 100vw, 218px\" \/><\/a><figcaption>Colecci\u00f3n Lira Popular de la Universidad de Chile<\/figcaption><\/figure><\/div>\n\n\n\n<p>Autor: Es propiedad de Nicasio Garc\u00eda y el huaso Grandon<br>Impresor: Imp. de La Voz del Pueblo\u2014Bascu\u00f1an 46<br>Tama\u00f1o: 26,9 x 36,9 cm<br>Clasificaci\u00f3n: 432 G216c Caja N\u00b02b<\/p>\n\n\n\n<ul class=\"wp-block-list\"><li><a href=\"https:\/\/www.lirapopular.cl\/lirapopularxix\/2020\/01\/20\/dejenme-con-mi-pasion\/\">D\u00e9jenme con mi pasi\u00f3n<\/a><\/li><li><a href=\"https:\/\/www.lirapopular.cl\/lirapopularxix\/2020\/01\/20\/con-mi-pasion-dejenme\/\">Con mi pasi\u00f3n dejenm\u00e9<\/a><\/li><li><a href=\"https:\/\/www.lirapopular.cl\/lirapopularxix\/2020\/01\/20\/tengo-impresas-en-el-alma\/\">Tengo impresas en el alma<\/a><\/li><li><a href=\"https:\/\/www.lirapopular.cl\/lirapopularxix\/2020\/01\/20\/tengo-impresas-en-mi-enjalma\/\">Tengo impresas en mi enjalma<\/a><\/li><\/ul>\n\n\n\n<p>Nota: Este ejemplar tiene escrito a mano con l\u00e1piz rojo \u201c432\u201d<\/p>\n","protected":false},"excerpt":{"rendered":"<p>Autor: Es propiedad de Nicasio Garc\u00eda y el huaso GrandonImpresor: Imp. de La Voz del Pueblo\u2014Bascu\u00f1an 46Tama\u00f1o: 26,9 x 36,9 cmClasificaci\u00f3n: 432 G216c Caja N\u00b02b D\u00e9jenme con mi pasi\u00f3n Con mi pasi\u00f3n dejenm\u00e9 Tengo impresas en el alma Tengo impresas en mi enjalma Nota: Este ejemplar tiene escrito a mano con l\u00e1piz rojo \u201c432\u201d<\/p>\n","protected":false},"author":1,"featured_media":0,"parent":0,"menu_order":0,"comment_status":"closed","ping_status":"closed","template":"","meta":{"footnotes":""},"class_list":["post-5697","page","type-page","status-publish","hentry"],"jetpack_sharing_enabled":true,"_links":{"self":[{"href":"https:\/\/www.lirapopular.cl\/lirapopularxix\/wp-json\/wp\/v2\/pages\/5697","targetHints":{"allow":["GET"]}}],"collection":[{"href":"https:\/\/www.lirapopular.cl\/lirapopularxix\/wp-json\/wp\/v2\/pages"}],"about":[{"href":"https:\/\/www.lirapopular.cl\/lirapopularxix\/wp-json\/wp\/v2\/types\/page"}],"author":[{"embeddable":true,"href":"https:\/\/www.lirapopular.cl\/lirapopularxix\/wp-json\/wp\/v2\/users\/1"}],"replies":[{"embeddable":true,"href":"https:\/\/www.lirapopular.cl\/lirapopularxix\/wp-json\/wp\/v2\/comments?post=5697"}],"version-history":[{"count":0,"href":"https:\/\/www.lirapopular.cl\/lirapopularxix\/wp-json\/wp\/v2\/pages\/5697\/revisions"}],"wp:attachment":[{"href":"https:\/\/www.lirapopular.cl\/lirapopularxix\/wp-json\/wp\/v2\/media?parent=5697"}],"curies":[{"name":"wp","href":"https:\/\/api.w.org\/{rel}","templated":true}]}}