{"id":5677,"date":"2020-01-17T19:43:14","date_gmt":"2020-01-17T23:43:14","guid":{"rendered":"https:\/\/www.lirapopular.cl\/lirapopularxix\/?page_id=5677"},"modified":"2020-01-17T19:43:14","modified_gmt":"2020-01-17T23:43:14","slug":"contra-punto-entre","status":"publish","type":"page","link":"https:\/\/www.lirapopular.cl\/lirapopularxix\/contra-punto-entre\/","title":{"rendered":"Contra &#8211; Punto <br>ENTRE GARCIA I GRANDON"},"content":{"rendered":"\n<div class=\"wp-block-image\"><figure class=\"alignright size-thumbnail\"><a href=\"https:\/\/www.lirapopular.cl\/lirapopularxix\/wp-content\/uploads\/2020\/01\/428.jpg\"><img loading=\"lazy\" decoding=\"async\" width=\"150\" height=\"150\" src=\"https:\/\/www.lirapopular.cl\/lirapopularxix\/wp-content\/uploads\/2020\/01\/428-150x150.jpg\" alt=\"\" class=\"wp-image-5678\"\/><\/a><figcaption>Colecci\u00f3n Lira Popular de la<br>Universidad de Chile<\/figcaption><\/figure><\/div>\n\n\n\n<p>Autor: Propiedad de Garc\u00eda y Grandon<br>Impresor: Sin informaci\u00f3n<br>Tama\u00f1o: 27,5 x 35,5 cm<br>Clasificaci\u00f3n: 428 G216c Caja N\u00b02b<\/p>\n\n\n\n<ul class=\"wp-block-list\"><li><a href=\"https:\/\/www.lirapopular.cl\/lirapopularxix\/2020\/01\/17\/garcia\/\">Garc\u00eda<\/a><\/li><li><a href=\"https:\/\/www.lirapopular.cl\/lirapopularxix\/2020\/01\/17\/grandon\/\">Grandon<\/a><\/li><li><a href=\"https:\/\/www.lirapopular.cl\/lirapopularxix\/2020\/01\/17\/garcia-2\/\">Garc\u00eda<\/a><\/li><li><a href=\"https:\/\/www.lirapopular.cl\/lirapopularxix\/2020\/01\/17\/grandon-2\/\">Grandon<\/a><\/li><\/ul>\n\n\n\n<p>Nota: Este ejemplar tiene escrito a mano con l\u00e1piz rojo \u201c428\u201d<\/p>\n","protected":false},"excerpt":{"rendered":"<p>Autor: Propiedad de Garc\u00eda y GrandonImpresor: Sin informaci\u00f3nTama\u00f1o: 27,5 x 35,5 cmClasificaci\u00f3n: 428 G216c Caja N\u00b02b Garc\u00eda Grandon Garc\u00eda Grandon Nota: Este ejemplar tiene escrito a mano con l\u00e1piz rojo \u201c428\u201d<\/p>\n","protected":false},"author":1,"featured_media":0,"parent":0,"menu_order":0,"comment_status":"closed","ping_status":"closed","template":"","meta":{"footnotes":""},"class_list":["post-5677","page","type-page","status-publish","hentry"],"jetpack_sharing_enabled":true,"_links":{"self":[{"href":"https:\/\/www.lirapopular.cl\/lirapopularxix\/wp-json\/wp\/v2\/pages\/5677","targetHints":{"allow":["GET"]}}],"collection":[{"href":"https:\/\/www.lirapopular.cl\/lirapopularxix\/wp-json\/wp\/v2\/pages"}],"about":[{"href":"https:\/\/www.lirapopular.cl\/lirapopularxix\/wp-json\/wp\/v2\/types\/page"}],"author":[{"embeddable":true,"href":"https:\/\/www.lirapopular.cl\/lirapopularxix\/wp-json\/wp\/v2\/users\/1"}],"replies":[{"embeddable":true,"href":"https:\/\/www.lirapopular.cl\/lirapopularxix\/wp-json\/wp\/v2\/comments?post=5677"}],"version-history":[{"count":0,"href":"https:\/\/www.lirapopular.cl\/lirapopularxix\/wp-json\/wp\/v2\/pages\/5677\/revisions"}],"wp:attachment":[{"href":"https:\/\/www.lirapopular.cl\/lirapopularxix\/wp-json\/wp\/v2\/media?parent=5677"}],"curies":[{"name":"wp","href":"https:\/\/api.w.org\/{rel}","templated":true}]}}