{"id":5655,"date":"2020-01-15T12:37:52","date_gmt":"2020-01-15T16:37:52","guid":{"rendered":"https:\/\/www.lirapopular.cl\/lirapopularxix\/?page_id=5655"},"modified":"2020-01-15T12:37:52","modified_gmt":"2020-01-15T16:37:52","slug":"la-muerte-de-balmaceda","status":"publish","type":"page","link":"https:\/\/www.lirapopular.cl\/lirapopularxix\/la-muerte-de-balmaceda\/","title":{"rendered":"LA MUERTE DE BALMACEDA, <br>POR NICASIO GARCIA Y PANCHO GRANDON"},"content":{"rendered":"<div class=\"wp-block-image\">\n<figure class=\"alignright size-medium\"><a href=\"https:\/\/www.lirapopular.cl\/lirapopularxix\/wp-content\/uploads\/2020\/01\/424.jpg\"><img loading=\"lazy\" decoding=\"async\" width=\"227\" height=\"300\" src=\"https:\/\/www.lirapopular.cl\/lirapopularxix\/wp-content\/uploads\/2020\/01\/424-227x300.jpg\" alt=\"\" class=\"wp-image-5656\" srcset=\"https:\/\/www.lirapopular.cl\/lirapopularxix\/wp-content\/uploads\/2020\/01\/424-227x300.jpg 227w, https:\/\/www.lirapopular.cl\/lirapopularxix\/wp-content\/uploads\/2020\/01\/424.jpg 756w\" sizes=\"auto, (max-width: 227px) 100vw, 227px\" \/><\/a><figcaption class=\"wp-element-caption\">Colecci\u00f3n Lira Popular de la Universidad de Chile<\/figcaption><\/figure>\n<\/div>\n\n\n<p>Autor: Nicasio Garc\u00eda y Pancho Grandon<br>Impresor: Sin informaci\u00f3n<br>Tama\u00f1o: 25,6 x 33,9 cm<br>Clasificaci\u00f3n: 424 M946 Caja N\u00b02b<\/p>\n\n\n\n<ul class=\"wp-block-list\">\n<li><a href=\"https:\/\/www.lirapopular.cl\/lirapopularxix\/2020\/01\/15\/el-suicidio-del-dictador\/\">El suicidio del dictador<\/a><\/li>\n\n\n\n<li><a href=\"https:\/\/www.lirapopular.cl\/lirapopularxix\/2020\/01\/17\/desesperacion-del-dictador\/\">Desesperaci\u00f3n del Dictador<\/a><\/li>\n\n\n\n<li><a href=\"https:\/\/www.lirapopular.cl\/lirapopularxix\/2020\/01\/17\/las-plagas-de-ejipto-2\/\">Las plagas de Egipto<\/a><\/li>\n\n\n\n<li><a href=\"https:\/\/www.lirapopular.cl\/lirapopularxix\/2020\/01\/17\/literatura-9\/\">Literatura<\/a><\/li>\n<\/ul>\n\n\n\n<p>Nota: Este ejemplar tiene escrito a mano con l\u00e1piz rojo \u201c424\u201d<\/p>\n","protected":false},"excerpt":{"rendered":"<p>Autor: Nicasio Garc\u00eda y Pancho GrandonImpresor: Sin informaci\u00f3nTama\u00f1o: 25,6 x 33,9 cmClasificaci\u00f3n: 424 M946 Caja N\u00b02b Nota: Este ejemplar tiene escrito a mano con l\u00e1piz rojo \u201c424\u201d<\/p>\n","protected":false},"author":1,"featured_media":0,"parent":0,"menu_order":0,"comment_status":"closed","ping_status":"closed","template":"","meta":{"footnotes":""},"class_list":["post-5655","page","type-page","status-publish","hentry"],"jetpack_sharing_enabled":true,"_links":{"self":[{"href":"https:\/\/www.lirapopular.cl\/lirapopularxix\/wp-json\/wp\/v2\/pages\/5655","targetHints":{"allow":["GET"]}}],"collection":[{"href":"https:\/\/www.lirapopular.cl\/lirapopularxix\/wp-json\/wp\/v2\/pages"}],"about":[{"href":"https:\/\/www.lirapopular.cl\/lirapopularxix\/wp-json\/wp\/v2\/types\/page"}],"author":[{"embeddable":true,"href":"https:\/\/www.lirapopular.cl\/lirapopularxix\/wp-json\/wp\/v2\/users\/1"}],"replies":[{"embeddable":true,"href":"https:\/\/www.lirapopular.cl\/lirapopularxix\/wp-json\/wp\/v2\/comments?post=5655"}],"version-history":[{"count":0,"href":"https:\/\/www.lirapopular.cl\/lirapopularxix\/wp-json\/wp\/v2\/pages\/5655\/revisions"}],"wp:attachment":[{"href":"https:\/\/www.lirapopular.cl\/lirapopularxix\/wp-json\/wp\/v2\/media?parent=5655"}],"curies":[{"name":"wp","href":"https:\/\/api.w.org\/{rel}","templated":true}]}}