{"id":5639,"date":"2020-01-15T11:08:42","date_gmt":"2020-01-15T15:08:42","guid":{"rendered":"https:\/\/www.lirapopular.cl\/lirapopularxix\/?page_id=5639"},"modified":"2020-01-15T11:08:42","modified_gmt":"2020-01-15T15:08:42","slug":"herencia-de-jose-arnero","status":"publish","type":"page","link":"https:\/\/www.lirapopular.cl\/lirapopularxix\/herencia-de-jose-arnero\/","title":{"rendered":"HERENCIA DE JOSE ARNERO"},"content":{"rendered":"<div class=\"wp-block-image\">\n<figure class=\"alignright size-medium\"><a href=\"https:\/\/www.lirapopular.cl\/lirapopularxix\/wp-content\/uploads\/2020\/01\/454.jpg\"><img loading=\"lazy\" decoding=\"async\" width=\"237\" height=\"300\" src=\"https:\/\/www.lirapopular.cl\/lirapopularxix\/wp-content\/uploads\/2020\/01\/454-237x300.jpg\" alt=\"\" class=\"wp-image-5640\" srcset=\"https:\/\/www.lirapopular.cl\/lirapopularxix\/wp-content\/uploads\/2020\/01\/454-237x300.jpg 237w, https:\/\/www.lirapopular.cl\/lirapopularxix\/wp-content\/uploads\/2020\/01\/454-768x971.jpg 768w, https:\/\/www.lirapopular.cl\/lirapopularxix\/wp-content\/uploads\/2020\/01\/454.jpg 791w\" sizes=\"auto, (max-width: 237px) 100vw, 237px\" \/><\/a><figcaption class=\"wp-element-caption\">Colecci\u00f3n Lira Popular de la Universidad de Chile<\/figcaption><\/figure>\n<\/div>\n\n\n<p>Autor: Es propiedad de Nicasia Garc\u00eda<br>Impresor: Imp. de La Igualdad, Lastra 12.<br>Tama\u00f1o: 27,6 x 35,4 cm<br>Clasificaci\u00f3n: 454 G216h Caja N\u00b03b<\/p>\n\n\n\n<ul class=\"wp-block-list\">\n<li><a href=\"https:\/\/www.lirapopular.cl\/lirapopularxix\/2020\/01\/15\/sin-titulo-1\/\">Sin t\u00edtulo 1<\/a><\/li>\n\n\n\n<li><a href=\"https:\/\/www.lirapopular.cl\/lirapopularxix\/2020\/01\/15\/sin-titulo-2\/\">Sin t\u00edtulo 2<\/a><\/li>\n\n\n\n<li><a href=\"https:\/\/www.lirapopular.cl\/lirapopularxix\/2020\/01\/15\/herencia-de-jose-arnero\/\">Herencia de Jos\u00e9 Arnero<\/a><\/li>\n\n\n\n<li><a href=\"https:\/\/www.lirapopular.cl\/lirapopularxix\/2020\/01\/15\/lo-que-le-paso-a-jose-arnero\/\">Lo que le pas\u00f3 a Jos\u00e9 Arnero<\/a><\/li>\n<\/ul>\n\n\n\n<p>Nota: Este ejemplar tiene escrito a mano con l\u00e1piz rojo \u201c454\u201d<\/p>\n\n\n\n<p>Falta una parte del documento.<br><\/p>\n\n\n\n<p>La lira aparece firmada como &#8220;Nicasia Garc\u00eda&#8221; y los dos primeros versos no corresponden con el estilo de escritura de Nicasio Garc\u00eda. Creo que es dudosa su autor\u00eda y podr\u00eda ser otro de los alias utilizados por R\u00f3mulo Larra\u00f1aga.<\/p>\n","protected":false},"excerpt":{"rendered":"<p>Autor: Es propiedad de Nicasia Garc\u00edaImpresor: Imp. de La Igualdad, Lastra 12.Tama\u00f1o: 27,6 x 35,4 cmClasificaci\u00f3n: 454 G216h Caja N\u00b03b Nota: Este ejemplar tiene escrito a mano con l\u00e1piz rojo \u201c454\u201d Falta una parte del documento. La lira aparece firmada como &#8220;Nicasia Garc\u00eda&#8221; y los dos primeros versos no corresponden con el estilo de escritura [&hellip;]<\/p>\n","protected":false},"author":1,"featured_media":0,"parent":0,"menu_order":0,"comment_status":"closed","ping_status":"closed","template":"","meta":{"footnotes":""},"class_list":["post-5639","page","type-page","status-publish","hentry"],"jetpack_sharing_enabled":true,"_links":{"self":[{"href":"https:\/\/www.lirapopular.cl\/lirapopularxix\/wp-json\/wp\/v2\/pages\/5639","targetHints":{"allow":["GET"]}}],"collection":[{"href":"https:\/\/www.lirapopular.cl\/lirapopularxix\/wp-json\/wp\/v2\/pages"}],"about":[{"href":"https:\/\/www.lirapopular.cl\/lirapopularxix\/wp-json\/wp\/v2\/types\/page"}],"author":[{"embeddable":true,"href":"https:\/\/www.lirapopular.cl\/lirapopularxix\/wp-json\/wp\/v2\/users\/1"}],"replies":[{"embeddable":true,"href":"https:\/\/www.lirapopular.cl\/lirapopularxix\/wp-json\/wp\/v2\/comments?post=5639"}],"version-history":[{"count":0,"href":"https:\/\/www.lirapopular.cl\/lirapopularxix\/wp-json\/wp\/v2\/pages\/5639\/revisions"}],"wp:attachment":[{"href":"https:\/\/www.lirapopular.cl\/lirapopularxix\/wp-json\/wp\/v2\/media?parent=5639"}],"curies":[{"name":"wp","href":"https:\/\/api.w.org\/{rel}","templated":true}]}}