{"id":555,"date":"2019-06-12T01:37:35","date_gmt":"2019-06-12T05:37:35","guid":{"rendered":"https:\/\/www.lirapopular.cl\/lirapopularxix\/?page_id=555"},"modified":"2019-06-12T01:37:35","modified_gmt":"2019-06-12T05:37:35","slug":"ahorcado-en-un-espino","status":"publish","type":"page","link":"https:\/\/www.lirapopular.cl\/lirapopularxix\/ahorcado-en-un-espino\/","title":{"rendered":"AHORCADO EN UN ESPINO <br>EN ACONCAGUA"},"content":{"rendered":"\n<div class=\"wp-block-image\"><figure class=\"alignright\"><a href=\"https:\/\/www.lirapopular.cl\/lirapopularxix\/wp-content\/uploads\/2019\/06\/359.jpg\"><img loading=\"lazy\" decoding=\"async\" width=\"220\" height=\"300\" src=\"https:\/\/www.lirapopular.cl\/lirapopularxix\/wp-content\/uploads\/2019\/06\/359-220x300.jpg\" alt=\"\" class=\"wp-image-556\" srcset=\"https:\/\/www.lirapopular.cl\/lirapopularxix\/wp-content\/uploads\/2019\/06\/359-220x300.jpg 220w, https:\/\/www.lirapopular.cl\/lirapopularxix\/wp-content\/uploads\/2019\/06\/359.jpg 733w\" sizes=\"auto, (max-width: 220px) 100vw, 220px\" \/><\/a><figcaption>Colecci\u00f3n Lira Popular de la<br>Universidad de Chile<\/figcaption><\/figure><\/div>\n\n\n\n<p>Autor: Jos\u00e9 Hip\u00f3lito Cordero,\u2013Autor<br>Impresor: Sin informaci\u00f3n.<br>Tama\u00f1o: 28,1 x 38 cm.<br>Clasificaci\u00f3n: 359 C794a Caja N\u00b01b, BN C\u00f3digo:\u00a0LO0012033<\/p>\n\n\n\n<ul class=\"wp-block-list\"><li><a href=\"https:\/\/www.lirapopular.cl\/lirapopularxix\/2019\/06\/12\/ahorcado-en-un-espinoen-aconcagua\/\">Ahorcado en un espino en Aconcagua<\/a><\/li><li><a href=\"https:\/\/www.lirapopular.cl\/lirapopularxix\/2019\/06\/12\/el-varon-mal-casado\/\">El var\u00f3n mal casado<\/a><\/li><li><a href=\"https:\/\/www.lirapopular.cl\/lirapopularxix\/2019\/06\/12\/adios-a-los-anjeles\/\">Adi\u00f3s a los \u00e1ngeles<\/a><\/li><li><a href=\"https:\/\/www.lirapopular.cl\/lirapopularxix\/2019\/06\/12\/brindis-de-un-futre\/\">Brindis de un futre<\/a><\/li><\/ul>\n\n\n\n<p>Nota: La lira no tiene t\u00edtulo, usamos el de su primer verso.<br>El 1er ejemplar tiene escrito a mano con l\u00e1piz rojo \u201c359\u201d<br>El 2\u00ba ejemplar tiene escrito a mano con l\u00e1piz rojo \u201c-4-\u201d, &#8220;8&#8221;., con l\u00e1piz grafito &#8220;D&#8221;, \u201c6\u201d y con timbre \u201c95\u201d<br>Documentos optimizados digitalmente.<\/p>\n\n\n\n<div class=\"wp-block-image\"><figure class=\"alignright size-medium\"><a href=\"https:\/\/www.lirapopular.cl\/lirapopularxix\/wp-content\/uploads\/2020\/07\/LO0012033.jpg\"><img loading=\"lazy\" decoding=\"async\" width=\"211\" height=\"300\" src=\"https:\/\/www.lirapopular.cl\/lirapopularxix\/wp-content\/uploads\/2020\/07\/LO0012033-211x300.jpg\" alt=\"\" class=\"wp-image-10272\" srcset=\"https:\/\/www.lirapopular.cl\/lirapopularxix\/wp-content\/uploads\/2020\/07\/LO0012033-211x300.jpg 211w, https:\/\/www.lirapopular.cl\/lirapopularxix\/wp-content\/uploads\/2020\/07\/LO0012033.jpg 704w\" sizes=\"auto, (max-width: 211px) 100vw, 211px\" \/><\/a><figcaption>Archivo de Literatura Oral<br>Fondo Rodolfo Lenz<\/figcaption><\/figure><\/div>\n","protected":false},"excerpt":{"rendered":"<p>Autor: Jos\u00e9 Hip\u00f3lito Cordero,\u2013AutorImpresor: Sin informaci\u00f3n.Tama\u00f1o: 28,1 x 38 cm.Clasificaci\u00f3n: 359 C794a Caja N\u00b01b, BN C\u00f3digo:\u00a0LO0012033 Ahorcado en un espino en Aconcagua El var\u00f3n mal casado Adi\u00f3s a los \u00e1ngeles Brindis de un futre Nota: La lira no tiene t\u00edtulo, usamos el de su primer verso.El 1er ejemplar tiene escrito a mano con l\u00e1piz rojo [&hellip;]<\/p>\n","protected":false},"author":1,"featured_media":0,"parent":0,"menu_order":0,"comment_status":"closed","ping_status":"closed","template":"","meta":{"footnotes":""},"class_list":["post-555","page","type-page","status-publish","hentry"],"jetpack_sharing_enabled":true,"_links":{"self":[{"href":"https:\/\/www.lirapopular.cl\/lirapopularxix\/wp-json\/wp\/v2\/pages\/555","targetHints":{"allow":["GET"]}}],"collection":[{"href":"https:\/\/www.lirapopular.cl\/lirapopularxix\/wp-json\/wp\/v2\/pages"}],"about":[{"href":"https:\/\/www.lirapopular.cl\/lirapopularxix\/wp-json\/wp\/v2\/types\/page"}],"author":[{"embeddable":true,"href":"https:\/\/www.lirapopular.cl\/lirapopularxix\/wp-json\/wp\/v2\/users\/1"}],"replies":[{"embeddable":true,"href":"https:\/\/www.lirapopular.cl\/lirapopularxix\/wp-json\/wp\/v2\/comments?post=555"}],"version-history":[{"count":0,"href":"https:\/\/www.lirapopular.cl\/lirapopularxix\/wp-json\/wp\/v2\/pages\/555\/revisions"}],"wp:attachment":[{"href":"https:\/\/www.lirapopular.cl\/lirapopularxix\/wp-json\/wp\/v2\/media?parent=555"}],"curies":[{"name":"wp","href":"https:\/\/api.w.org\/{rel}","templated":true}]}}