{"id":5535,"date":"2020-01-05T19:15:00","date_gmt":"2020-01-05T23:15:00","guid":{"rendered":"https:\/\/www.lirapopular.cl\/lirapopularxix\/?page_id=5535"},"modified":"2020-01-05T19:15:00","modified_gmt":"2020-01-05T23:15:00","slug":"asesinato-de-madre-e-hija","status":"publish","type":"page","link":"https:\/\/www.lirapopular.cl\/lirapopularxix\/asesinato-de-madre-e-hija\/","title":{"rendered":"[El] asesinato de madre e hija."},"content":{"rendered":"\n<div class=\"wp-block-image\"><figure class=\"alignright size-medium\"><a href=\"https:\/\/www.lirapopular.cl\/lirapopularxix\/wp-content\/uploads\/2020\/01\/448.jpg\"><img loading=\"lazy\" decoding=\"async\" width=\"227\" height=\"300\" src=\"https:\/\/www.lirapopular.cl\/lirapopularxix\/wp-content\/uploads\/2020\/01\/448-227x300.jpg\" alt=\"\" class=\"wp-image-5536\" srcset=\"https:\/\/www.lirapopular.cl\/lirapopularxix\/wp-content\/uploads\/2020\/01\/448-227x300.jpg 227w, https:\/\/www.lirapopular.cl\/lirapopularxix\/wp-content\/uploads\/2020\/01\/448.jpg 756w\" sizes=\"auto, (max-width: 227px) 100vw, 227px\" \/><\/a><figcaption>Colecci\u00f3n Lira Popular de la Universidad de Chile<\/figcaption><\/figure><\/div>\n\n\n\n<p>Autor: Nicasio Garc\u00eda<br>Impresor: Imp. Victoria<br>Tama\u00f1o: 25,7 x 34 cm<br>Clasificaci\u00f3n: 448 G216a Caja N\u00b02b<\/p>\n\n\n\n<ul class=\"wp-block-list\"><li><a href=\"https:\/\/www.lirapopular.cl\/lirapopularxix\/2020\/01\/07\/asesinato-de-madre-e-hija\/\">[El] asesinato de madre e hija.<\/a><\/li><li><a href=\"https:\/\/www.lirapopular.cl\/lirapopularxix\/2020\/01\/07\/decreto-de-nuestro-gobierno\/\">Decreto de nuestro gobierno<\/a><\/li><li><a href=\"https:\/\/www.lirapopular.cl\/lirapopularxix\/2020\/01\/07\/el-colera-morbo\/\">El c\u00f3lera morbo<\/a><\/li><li><a href=\"https:\/\/www.lirapopular.cl\/lirapopularxix\/2020\/01\/07\/el-colera-en-ciudades-i-aldeas-de-san-tiago-de-chile\/\">El c\u00f3lera en ciudades y aldeas de Santiago de Chile<\/a><\/li><\/ul>\n\n\n\n<p>Nota: Este ejemplar tiene escrito a mano con l\u00e1piz rojo \u201c448\u201d<\/p>\n\n\n\n<p>Este documento es muy similar a la <a href=\"https:\/\/www.lirapopular.cl\/lirapopularxix\/el-asesinato-de-madre-e-hija\/\">lira 451<\/a>.<\/p>\n","protected":false},"excerpt":{"rendered":"<p>Autor: Nicasio Garc\u00edaImpresor: Imp. VictoriaTama\u00f1o: 25,7 x 34 cmClasificaci\u00f3n: 448 G216a Caja N\u00b02b [El] asesinato de madre e hija. Decreto de nuestro gobierno El c\u00f3lera morbo El c\u00f3lera en ciudades y aldeas de Santiago de Chile Nota: Este ejemplar tiene escrito a mano con l\u00e1piz rojo \u201c448\u201d Este documento es muy similar a la lira [&hellip;]<\/p>\n","protected":false},"author":1,"featured_media":0,"parent":0,"menu_order":0,"comment_status":"closed","ping_status":"closed","template":"","meta":{"footnotes":""},"class_list":["post-5535","page","type-page","status-publish","hentry"],"jetpack_sharing_enabled":true,"_links":{"self":[{"href":"https:\/\/www.lirapopular.cl\/lirapopularxix\/wp-json\/wp\/v2\/pages\/5535","targetHints":{"allow":["GET"]}}],"collection":[{"href":"https:\/\/www.lirapopular.cl\/lirapopularxix\/wp-json\/wp\/v2\/pages"}],"about":[{"href":"https:\/\/www.lirapopular.cl\/lirapopularxix\/wp-json\/wp\/v2\/types\/page"}],"author":[{"embeddable":true,"href":"https:\/\/www.lirapopular.cl\/lirapopularxix\/wp-json\/wp\/v2\/users\/1"}],"replies":[{"embeddable":true,"href":"https:\/\/www.lirapopular.cl\/lirapopularxix\/wp-json\/wp\/v2\/comments?post=5535"}],"version-history":[{"count":0,"href":"https:\/\/www.lirapopular.cl\/lirapopularxix\/wp-json\/wp\/v2\/pages\/5535\/revisions"}],"wp:attachment":[{"href":"https:\/\/www.lirapopular.cl\/lirapopularxix\/wp-json\/wp\/v2\/media?parent=5535"}],"curies":[{"name":"wp","href":"https:\/\/api.w.org\/{rel}","templated":true}]}}