{"id":5525,"date":"2020-01-05T11:01:03","date_gmt":"2020-01-05T15:01:03","guid":{"rendered":"https:\/\/www.lirapopular.cl\/lirapopularxix\/?page_id=5525"},"modified":"2020-01-05T11:01:03","modified_gmt":"2020-01-05T15:01:03","slug":"miguel-jeronimo-trivino","status":"publish","type":"page","link":"https:\/\/www.lirapopular.cl\/lirapopularxix\/miguel-jeronimo-trivino\/","title":{"rendered":"Miguel Jer\u00f2nimo Trivi\u00f1o: su desgracia i su muerte."},"content":{"rendered":"\n<div class=\"wp-block-image\"><figure class=\"alignright size-medium\"><a href=\"https:\/\/www.lirapopular.cl\/lirapopularxix\/wp-content\/uploads\/2020\/01\/447.jpg\"><img decoding=\"async\" src=\"https:\/\/www.lirapopular.cl\/lirapopularxix\/wp-content\/uploads\/2020\/01\/447-300x228.jpg\" alt=\"\" class=\"wp-image-5526\"\/><\/a><figcaption>Colecci\u00f3n Lira Popular de la Universidad de Chile<\/figcaption><\/figure><\/div>\n\n\n\n<p>Autor: Nicasio Garc\u00eda<br>Impresor: Impreso por P. Ramirez.\u2014Ech\u00e1urren 6.<br>Tama\u00f1o: 26,1 x 34,1 cm<br>Clasificaci\u00f3n: 447 G216m Caja N\u00b02b<\/p>\n\n\n\n<ul class=\"wp-block-list\"><li><a href=\"https:\/\/www.lirapopular.cl\/lirapopularxix\/2020\/01\/05\/miguel-jeronimo-trivino-su-desgracia-i-su-muerte\/\">Miguel Jer\u00f3nimo Trivi\u00f1o: su desgracia i su muerte.<\/a><\/li><\/ul>\n\n\n\n<p>Nota: Este ejemplar tiene escrito a mano con l\u00e1piz rojo \u201c447\u201d y una tacha al lado izquierdo.<\/p>\n","protected":false},"excerpt":{"rendered":"<p>Autor: Nicasio Garc\u00edaImpresor: Impreso por P. Ramirez.\u2014Ech\u00e1urren 6.Tama\u00f1o: 26,1 x 34,1 cmClasificaci\u00f3n: 447 G216m Caja N\u00b02b Miguel Jer\u00f3nimo Trivi\u00f1o: su desgracia i su muerte. Nota: Este ejemplar tiene escrito a mano con l\u00e1piz rojo \u201c447\u201d y una tacha al lado izquierdo.<\/p>\n","protected":false},"author":1,"featured_media":0,"parent":0,"menu_order":0,"comment_status":"closed","ping_status":"closed","template":"","meta":{"footnotes":""},"class_list":["post-5525","page","type-page","status-publish","hentry"],"jetpack_sharing_enabled":true,"_links":{"self":[{"href":"https:\/\/www.lirapopular.cl\/lirapopularxix\/wp-json\/wp\/v2\/pages\/5525","targetHints":{"allow":["GET"]}}],"collection":[{"href":"https:\/\/www.lirapopular.cl\/lirapopularxix\/wp-json\/wp\/v2\/pages"}],"about":[{"href":"https:\/\/www.lirapopular.cl\/lirapopularxix\/wp-json\/wp\/v2\/types\/page"}],"author":[{"embeddable":true,"href":"https:\/\/www.lirapopular.cl\/lirapopularxix\/wp-json\/wp\/v2\/users\/1"}],"replies":[{"embeddable":true,"href":"https:\/\/www.lirapopular.cl\/lirapopularxix\/wp-json\/wp\/v2\/comments?post=5525"}],"version-history":[{"count":0,"href":"https:\/\/www.lirapopular.cl\/lirapopularxix\/wp-json\/wp\/v2\/pages\/5525\/revisions"}],"wp:attachment":[{"href":"https:\/\/www.lirapopular.cl\/lirapopularxix\/wp-json\/wp\/v2\/media?parent=5525"}],"curies":[{"name":"wp","href":"https:\/\/api.w.org\/{rel}","templated":true}]}}