{"id":5386,"date":"2019-12-28T14:38:19","date_gmt":"2019-12-28T18:38:19","guid":{"rendered":"https:\/\/www.lirapopular.cl\/lirapopularxix\/?page_id=5386"},"modified":"2019-12-28T14:38:19","modified_gmt":"2019-12-28T18:38:19","slug":"la-siembra-evanjelica","status":"publish","type":"page","link":"https:\/\/www.lirapopular.cl\/lirapopularxix\/la-siembra-evanjelica\/","title":{"rendered":"LA SIEMBRA <br>EVANJELICA"},"content":{"rendered":"\n<div class=\"wp-block-image\"><figure class=\"alignright size-medium\"><a href=\"https:\/\/www.lirapopular.cl\/lirapopularxix\/wp-content\/uploads\/2019\/12\/439-440.jpg\"><img decoding=\"async\" src=\"https:\/\/www.lirapopular.cl\/lirapopularxix\/wp-content\/uploads\/2019\/12\/439-440-225x300.jpg\" alt=\"\" class=\"wp-image-5387\"\/><\/a><figcaption>Colecci\u00f3n Lira Popular de la Universidad de Chile<\/figcaption><\/figure><\/div>\n\n\n\n<p>Autor: Es propiedad del autor Nicasio Garc\u00eda<br>Impresor: Lit. Schafer y C\u00aa. (440)<br>Tama\u00f1o: 37,4 x 50,2 cm<br>Clasificaci\u00f3n: <br>439 G216s Caja N\u00b05b<br>440 G216m Caja N\u00b05b<\/p>\n\n\n\n<p><strong>439<\/strong><\/p>\n\n\n\n<ul class=\"wp-block-list\"><li><a href=\"https:\/\/www.lirapopular.cl\/lirapopularxix\/2019\/12\/29\/la-siembra-evanjelica\/\">La siembra evang\u00e9lica<\/a><\/li><li><a href=\"https:\/\/www.lirapopular.cl\/lirapopularxix\/2019\/12\/29\/los-nacimientos\/\">Los nacimientos<\/a><\/li><li><a href=\"https:\/\/www.lirapopular.cl\/lirapopularxix\/2019\/12\/29\/un-cristiano-i-un-moro\/\">Un cristiano y un moro<\/a><\/li><li><a href=\"https:\/\/www.lirapopular.cl\/lirapopularxix\/2019\/12\/29\/los-segundos-embajadores\/\">Los segundos embajadores<\/a><\/li><\/ul>\n\n\n\n<p><strong>440<\/strong><\/p>\n\n\n\n<ul class=\"wp-block-list\"><li><a href=\"https:\/\/www.lirapopular.cl\/lirapopularxix\/2019\/12\/29\/los-martires\/\">Los m\u00e1rtires<\/a><\/li><li><a href=\"https:\/\/www.lirapopular.cl\/lirapopularxix\/2019\/12\/29\/la-perdida-de-lucifer\/\">Le p\u00e9rdida de Lucifer<\/a><\/li><li><a href=\"https:\/\/www.lirapopular.cl\/lirapopularxix\/2019\/12\/29\/la-desgollacion-de-san-juan-bautista\/\">Los degollaci\u00f3n de san Juan Bautista<\/a><\/li><li><a href=\"https:\/\/www.lirapopular.cl\/lirapopularxix\/2019\/12\/29\/contraresto\/\">Contrarresto<\/a><\/li><\/ul>\n\n\n\n<p>Nota: Este ejemplar tiene escrito a mano con l\u00e1piz rojo \u201c439\u201d y &#8220;440&#8221;<\/p>\n\n\n\n<p>El documento consta de dos impresos pegados en una misma hoja, ignoramos si fueron vendidos como una lira individual o por separado. La <em>Colecci\u00f3n Lira Popular de la Universidad de Chile<\/em> la mide como un solo documento, pero le da n\u00fameros de cat\u00e1logo diferentes.<\/p>\n\n\n\n<p>Los impresos pertenecen a dos imprentas diferentes. La 440, impresa por Lit. Schafer y C\u00aa. incluye pie de imprenta y presenta una impresi\u00f3n m\u00e1s cuidada.<\/p>\n","protected":false},"excerpt":{"rendered":"<p>Autor: Es propiedad del autor Nicasio Garc\u00edaImpresor: Lit. Schafer y C\u00aa. (440)Tama\u00f1o: 37,4 x 50,2 cmClasificaci\u00f3n: 439 G216s Caja N\u00b05b440 G216m Caja N\u00b05b 439 La siembra evang\u00e9lica Los nacimientos Un cristiano y un moro Los segundos embajadores 440 Los m\u00e1rtires Le p\u00e9rdida de Lucifer Los degollaci\u00f3n de san Juan Bautista Contrarresto Nota: Este ejemplar tiene [&hellip;]<\/p>\n","protected":false},"author":1,"featured_media":0,"parent":0,"menu_order":0,"comment_status":"closed","ping_status":"closed","template":"","meta":{"footnotes":""},"class_list":["post-5386","page","type-page","status-publish","hentry"],"jetpack_sharing_enabled":true,"_links":{"self":[{"href":"https:\/\/www.lirapopular.cl\/lirapopularxix\/wp-json\/wp\/v2\/pages\/5386","targetHints":{"allow":["GET"]}}],"collection":[{"href":"https:\/\/www.lirapopular.cl\/lirapopularxix\/wp-json\/wp\/v2\/pages"}],"about":[{"href":"https:\/\/www.lirapopular.cl\/lirapopularxix\/wp-json\/wp\/v2\/types\/page"}],"author":[{"embeddable":true,"href":"https:\/\/www.lirapopular.cl\/lirapopularxix\/wp-json\/wp\/v2\/users\/1"}],"replies":[{"embeddable":true,"href":"https:\/\/www.lirapopular.cl\/lirapopularxix\/wp-json\/wp\/v2\/comments?post=5386"}],"version-history":[{"count":0,"href":"https:\/\/www.lirapopular.cl\/lirapopularxix\/wp-json\/wp\/v2\/pages\/5386\/revisions"}],"wp:attachment":[{"href":"https:\/\/www.lirapopular.cl\/lirapopularxix\/wp-json\/wp\/v2\/media?parent=5386"}],"curies":[{"name":"wp","href":"https:\/\/api.w.org\/{rel}","templated":true}]}}