{"id":5371,"date":"2019-12-25T12:47:39","date_gmt":"2019-12-25T16:47:39","guid":{"rendered":"https:\/\/www.lirapopular.cl\/lirapopularxix\/?page_id=5371"},"modified":"2019-12-25T12:47:39","modified_gmt":"2019-12-25T16:47:39","slug":"nuevo-y-lastimero-romance","status":"publish","type":"page","link":"https:\/\/www.lirapopular.cl\/lirapopularxix\/nuevo-y-lastimero-romance\/","title":{"rendered":"NUEVO Y LASTIMERO ROMANCE <BR>DE<BR>LAS FECHORIAS QUE HIZO EL DICTADOR BALMACEDA <BR> EN LOS <BR> Siete Meses de Esterminio a la Nacion <br> Y ALGO SOBRE LA CARNICERIA DE LO CA\u00d1AS"},"content":{"rendered":"\n<div class=\"wp-block-image\"><figure class=\"alignright size-medium\"><a href=\"https:\/\/www.lirapopular.cl\/lirapopularxix\/wp-content\/uploads\/2019\/12\/437.jpg\"><img loading=\"lazy\" decoding=\"async\" width=\"214\" height=\"300\" src=\"https:\/\/www.lirapopular.cl\/lirapopularxix\/wp-content\/uploads\/2019\/12\/437-214x300.jpg\" alt=\"\" class=\"wp-image-5372\" srcset=\"https:\/\/www.lirapopular.cl\/lirapopularxix\/wp-content\/uploads\/2019\/12\/437-214x300.jpg 214w, https:\/\/www.lirapopular.cl\/lirapopularxix\/wp-content\/uploads\/2019\/12\/437.jpg 712w\" sizes=\"auto, (max-width: 214px) 100vw, 214px\" \/><\/a><figcaption>Colecci\u00f3n Lira Popular de la Universidad de Chile<\/figcaption><\/figure><\/div>\n\n\n\n<p>Autor: Es propiedad de Nicasio Garc\u00eda<br>Impresor: Sin informaci\u00f3n<br>Tama\u00f1o: 24,5 x 34,9 cm<br>Clasificaci\u00f3n: 437 G216n Caja N\u00b02b<\/p>\n\n\n\n<ul class=\"wp-block-list\"><li><a href=\"https:\/\/www.lirapopular.cl\/lirapopularxix\/2019\/12\/27\/nuevo-y-lastimero-romance\/\">Nuevo y lastimero romance\u2026<\/a><\/li><\/ul>\n\n\n\n<p>Nota: Este ejemplar tiene escrito a mano con l\u00e1piz rojo \u201c437\u201d y un tachado en rojo en la parte superior izquierda.<\/p>\n","protected":false},"excerpt":{"rendered":"<p>Autor: Es propiedad de Nicasio Garc\u00edaImpresor: Sin informaci\u00f3nTama\u00f1o: 24,5 x 34,9 cmClasificaci\u00f3n: 437 G216n Caja N\u00b02b Nuevo y lastimero romance\u2026 Nota: Este ejemplar tiene escrito a mano con l\u00e1piz rojo \u201c437\u201d y un tachado en rojo en la parte superior izquierda.<\/p>\n","protected":false},"author":1,"featured_media":0,"parent":0,"menu_order":0,"comment_status":"closed","ping_status":"closed","template":"","meta":{"footnotes":""},"class_list":["post-5371","page","type-page","status-publish","hentry"],"jetpack_sharing_enabled":true,"_links":{"self":[{"href":"https:\/\/www.lirapopular.cl\/lirapopularxix\/wp-json\/wp\/v2\/pages\/5371","targetHints":{"allow":["GET"]}}],"collection":[{"href":"https:\/\/www.lirapopular.cl\/lirapopularxix\/wp-json\/wp\/v2\/pages"}],"about":[{"href":"https:\/\/www.lirapopular.cl\/lirapopularxix\/wp-json\/wp\/v2\/types\/page"}],"author":[{"embeddable":true,"href":"https:\/\/www.lirapopular.cl\/lirapopularxix\/wp-json\/wp\/v2\/users\/1"}],"replies":[{"embeddable":true,"href":"https:\/\/www.lirapopular.cl\/lirapopularxix\/wp-json\/wp\/v2\/comments?post=5371"}],"version-history":[{"count":0,"href":"https:\/\/www.lirapopular.cl\/lirapopularxix\/wp-json\/wp\/v2\/pages\/5371\/revisions"}],"wp:attachment":[{"href":"https:\/\/www.lirapopular.cl\/lirapopularxix\/wp-json\/wp\/v2\/media?parent=5371"}],"curies":[{"name":"wp","href":"https:\/\/api.w.org\/{rel}","templated":true}]}}