{"id":5293,"date":"2019-12-17T15:55:07","date_gmt":"2019-12-17T19:55:07","guid":{"rendered":"https:\/\/www.lirapopular.cl\/lirapopularxix\/?page_id=5293"},"modified":"2019-12-17T15:55:07","modified_gmt":"2019-12-17T19:55:07","slug":"la-muerte-del-contra-almirante","status":"publish","type":"page","link":"https:\/\/www.lirapopular.cl\/lirapopularxix\/la-muerte-del-contra-almirante\/","title":{"rendered":"LA MUERTE <BR>DEL CONTRA-ALMIRANTE"},"content":{"rendered":"\n<div class=\"wp-block-image\"><figure class=\"alignright size-medium\"><a href=\"https:\/\/www.lirapopular.cl\/lirapopularxix\/wp-content\/uploads\/2019\/12\/433.jpg\"><img loading=\"lazy\" decoding=\"async\" width=\"243\" height=\"300\" src=\"https:\/\/www.lirapopular.cl\/lirapopularxix\/wp-content\/uploads\/2019\/12\/433-243x300.jpg\" alt=\"\" class=\"wp-image-5294\" srcset=\"https:\/\/www.lirapopular.cl\/lirapopularxix\/wp-content\/uploads\/2019\/12\/433-243x300.jpg 243w, https:\/\/www.lirapopular.cl\/lirapopularxix\/wp-content\/uploads\/2019\/12\/433-768x949.jpg 768w, https:\/\/www.lirapopular.cl\/lirapopularxix\/wp-content\/uploads\/2019\/12\/433.jpg 809w\" sizes=\"auto, (max-width: 243px) 100vw, 243px\" \/><\/a><figcaption>Colecci\u00f3n Lira Popular de la Universidad de Chile<\/figcaption><\/figure><\/div>\n\n\n\n<p>Autor: Nicacio Garc\u00eda<br>Impresor: Imp. de La Igualdad, Lastra 12.<br>Tama\u00f1o: 27,5 x 34,4 cm<br>Clasificaci\u00f3n: 433 G216m Caja N\u00b02b<\/p>\n\n\n\n<ul class=\"wp-block-list\"><li><a href=\"https:\/\/www.lirapopular.cl\/lirapopularxix\/2019\/12\/18\/la-muerte-del-contra-almirante-2\/\">La muerte del Contra-Almirante<\/a><\/li><li><a href=\"https:\/\/www.lirapopular.cl\/lirapopularxix\/2019\/12\/18\/mas-detalles-2\/\">M\u00e1s detalles<\/a><\/li><li><a href=\"https:\/\/www.lirapopular.cl\/lirapopularxix\/2019\/12\/18\/el-fin\/\">El fin<\/a><\/li><li><a href=\"https:\/\/www.lirapopular.cl\/lirapopularxix\/2019\/12\/18\/himno-al-heroico-marino-carlos-condell\/\">Himno Al heroico marino Carlos Condell<\/a><\/li><\/ul>\n\n\n\n<p>Nota: Este ejemplar tiene escrito a mano con l\u00e1piz rojo \u201c433\u201d<\/p>\n","protected":false},"excerpt":{"rendered":"<p>Autor: Nicacio Garc\u00edaImpresor: Imp. de La Igualdad, Lastra 12.Tama\u00f1o: 27,5 x 34,4 cmClasificaci\u00f3n: 433 G216m Caja N\u00b02b La muerte del Contra-Almirante M\u00e1s detalles El fin Himno Al heroico marino Carlos Condell Nota: Este ejemplar tiene escrito a mano con l\u00e1piz rojo \u201c433\u201d<\/p>\n","protected":false},"author":1,"featured_media":0,"parent":0,"menu_order":0,"comment_status":"closed","ping_status":"closed","template":"","meta":{"footnotes":""},"class_list":["post-5293","page","type-page","status-publish","hentry"],"jetpack_sharing_enabled":true,"_links":{"self":[{"href":"https:\/\/www.lirapopular.cl\/lirapopularxix\/wp-json\/wp\/v2\/pages\/5293","targetHints":{"allow":["GET"]}}],"collection":[{"href":"https:\/\/www.lirapopular.cl\/lirapopularxix\/wp-json\/wp\/v2\/pages"}],"about":[{"href":"https:\/\/www.lirapopular.cl\/lirapopularxix\/wp-json\/wp\/v2\/types\/page"}],"author":[{"embeddable":true,"href":"https:\/\/www.lirapopular.cl\/lirapopularxix\/wp-json\/wp\/v2\/users\/1"}],"replies":[{"embeddable":true,"href":"https:\/\/www.lirapopular.cl\/lirapopularxix\/wp-json\/wp\/v2\/comments?post=5293"}],"version-history":[{"count":0,"href":"https:\/\/www.lirapopular.cl\/lirapopularxix\/wp-json\/wp\/v2\/pages\/5293\/revisions"}],"wp:attachment":[{"href":"https:\/\/www.lirapopular.cl\/lirapopularxix\/wp-json\/wp\/v2\/media?parent=5293"}],"curies":[{"name":"wp","href":"https:\/\/api.w.org\/{rel}","templated":true}]}}