{"id":5244,"date":"2019-12-15T10:20:20","date_gmt":"2019-12-15T14:20:20","guid":{"rendered":"https:\/\/www.lirapopular.cl\/lirapopularxix\/?page_id=5244"},"modified":"2019-12-15T10:20:20","modified_gmt":"2019-12-15T14:20:20","slug":"la-montana-rusa-en-valparaiso","status":"publish","type":"page","link":"https:\/\/www.lirapopular.cl\/lirapopularxix\/la-montana-rusa-en-valparaiso\/","title":{"rendered":"LA MONTA\u00d1A RUSA <br>EN VALPARAISO"},"content":{"rendered":"\n<div class=\"wp-block-image\"><figure class=\"alignright size-medium is-resized\"><a href=\"https:\/\/www.lirapopular.cl\/lirapopularxix\/wp-content\/uploads\/2019\/12\/429recto.jpg\"><img loading=\"lazy\" decoding=\"async\" src=\"https:\/\/www.lirapopular.cl\/lirapopularxix\/wp-content\/uploads\/2019\/12\/429recto-251x300.jpg\" alt=\"\" class=\"wp-image-5245\" width=\"251\" height=\"300\" srcset=\"https:\/\/www.lirapopular.cl\/lirapopularxix\/wp-content\/uploads\/2019\/12\/429recto-251x300.jpg 251w, https:\/\/www.lirapopular.cl\/lirapopularxix\/wp-content\/uploads\/2019\/12\/429recto-768x920.jpg 768w, https:\/\/www.lirapopular.cl\/lirapopularxix\/wp-content\/uploads\/2019\/12\/429recto.jpg 835w\" sizes=\"auto, (max-width: 251px) 100vw, 251px\" \/><\/a><figcaption>Recto<br>Colecci\u00f3n Lira Popular de la Universidad de Chile<\/figcaption><\/figure><\/div>\n\n\n\n<p>Autor: Es propiedad del autor Nicasio Garc\u00eda<br> Impresor: Sin informaci\u00f3n<br> Tama\u00f1o: 20,2 x 25,3 cm<br> Clasificaci\u00f3n: 429 G216c Caja N\u00b02b<\/p>\n\n\n\n<ul class=\"wp-block-list\"><li><a href=\"https:\/\/www.lirapopular.cl\/lirapopularxix\/2019\/12\/15\/la-montana-rusa-en-valparaiso\/\">La monta\u00f1a rusa en Valpara\u00edso<\/a><\/li><li><a href=\"https:\/\/www.lirapopular.cl\/lirapopularxix\/2019\/12\/15\/lo-del-universo\/\">Lo del universo<\/a><\/li><li><a href=\"https:\/\/www.lirapopular.cl\/lirapopularxix\/2019\/12\/15\/la-confusion-de-un-joven\/\">La confusi\u00f3n de un joven<\/a><\/li><li><a href=\"https:\/\/www.lirapopular.cl\/lirapopularxix\/2019\/12\/15\/astucias-de-bertoldo\/\">Astucias de Bertoldo<\/a><\/li><\/ul>\n\n\n\n<p>Nota: Este ejemplar tiene escrito a mano con l\u00e1piz rojo \u201c429\u201d en el verso (reverso).<\/p>\n\n\n\n<p class=\"has-white-color has-text-color\">.<\/p>\n\n\n\n<p class=\"has-white-color has-text-color\">.<\/p>\n\n\n\n<p class=\"has-white-color has-text-color\">.<\/p>\n\n\n\n<p class=\"has-white-color has-text-color\">.<\/p>\n\n\n\n<div class=\"wp-block-image\"><figure class=\"alignright size-medium\"><a href=\"https:\/\/www.lirapopular.cl\/lirapopularxix\/wp-content\/uploads\/2019\/12\/429verso.jpg\"><img loading=\"lazy\" decoding=\"async\" width=\"255\" height=\"300\" src=\"https:\/\/www.lirapopular.cl\/lirapopularxix\/wp-content\/uploads\/2019\/12\/429verso-255x300.jpg\" alt=\"\" class=\"wp-image-5246\" srcset=\"https:\/\/www.lirapopular.cl\/lirapopularxix\/wp-content\/uploads\/2019\/12\/429verso-255x300.jpg 255w, https:\/\/www.lirapopular.cl\/lirapopularxix\/wp-content\/uploads\/2019\/12\/429verso-768x902.jpg 768w, https:\/\/www.lirapopular.cl\/lirapopularxix\/wp-content\/uploads\/2019\/12\/429verso.jpg 851w\" sizes=\"auto, (max-width: 255px) 100vw, 255px\" \/><\/a><figcaption>Verso<br>Colecci\u00f3n Lira Popular de la Universidad de Chile<\/figcaption><\/figure><\/div>\n","protected":false},"excerpt":{"rendered":"<p>Autor: Es propiedad del autor Nicasio Garc\u00eda Impresor: Sin informaci\u00f3n Tama\u00f1o: 20,2 x 25,3 cm Clasificaci\u00f3n: 429 G216c Caja N\u00b02b La monta\u00f1a rusa en Valpara\u00edso Lo del universo La confusi\u00f3n de un joven Astucias de Bertoldo Nota: Este ejemplar tiene escrito a mano con l\u00e1piz rojo \u201c429\u201d en el verso (reverso). . . . .<\/p>\n","protected":false},"author":1,"featured_media":0,"parent":0,"menu_order":0,"comment_status":"closed","ping_status":"closed","template":"","meta":{"footnotes":""},"class_list":["post-5244","page","type-page","status-publish","hentry"],"jetpack_sharing_enabled":true,"_links":{"self":[{"href":"https:\/\/www.lirapopular.cl\/lirapopularxix\/wp-json\/wp\/v2\/pages\/5244","targetHints":{"allow":["GET"]}}],"collection":[{"href":"https:\/\/www.lirapopular.cl\/lirapopularxix\/wp-json\/wp\/v2\/pages"}],"about":[{"href":"https:\/\/www.lirapopular.cl\/lirapopularxix\/wp-json\/wp\/v2\/types\/page"}],"author":[{"embeddable":true,"href":"https:\/\/www.lirapopular.cl\/lirapopularxix\/wp-json\/wp\/v2\/users\/1"}],"replies":[{"embeddable":true,"href":"https:\/\/www.lirapopular.cl\/lirapopularxix\/wp-json\/wp\/v2\/comments?post=5244"}],"version-history":[{"count":0,"href":"https:\/\/www.lirapopular.cl\/lirapopularxix\/wp-json\/wp\/v2\/pages\/5244\/revisions"}],"wp:attachment":[{"href":"https:\/\/www.lirapopular.cl\/lirapopularxix\/wp-json\/wp\/v2\/media?parent=5244"}],"curies":[{"name":"wp","href":"https:\/\/api.w.org\/{rel}","templated":true}]}}