{"id":5212,"date":"2019-12-14T16:53:19","date_gmt":"2019-12-14T20:53:19","guid":{"rendered":"https:\/\/www.lirapopular.cl\/lirapopularxix\/?page_id=5212"},"modified":"2019-12-14T16:53:19","modified_gmt":"2019-12-14T20:53:19","slug":"viaje-de-colon","status":"publish","type":"page","link":"https:\/\/www.lirapopular.cl\/lirapopularxix\/viaje-de-colon\/","title":{"rendered":"Viaje de Colon"},"content":{"rendered":"\n<div class=\"wp-block-image\"><figure class=\"alignright size-medium\"><a href=\"https:\/\/www.lirapopular.cl\/lirapopularxix\/wp-content\/uploads\/2019\/12\/426.jpg\"><img loading=\"lazy\" decoding=\"async\" width=\"266\" height=\"300\" src=\"https:\/\/www.lirapopular.cl\/lirapopularxix\/wp-content\/uploads\/2019\/12\/426-266x300.jpg\" alt=\"\" class=\"wp-image-5213\" srcset=\"https:\/\/www.lirapopular.cl\/lirapopularxix\/wp-content\/uploads\/2019\/12\/426-266x300.jpg 266w, https:\/\/www.lirapopular.cl\/lirapopularxix\/wp-content\/uploads\/2019\/12\/426-768x868.jpg 768w, https:\/\/www.lirapopular.cl\/lirapopularxix\/wp-content\/uploads\/2019\/12\/426.jpg 885w\" sizes=\"auto, (max-width: 266px) 100vw, 266px\" \/><\/a><figcaption>Colecci\u00f3n Lira Popular de la Universidad de Chile<\/figcaption><\/figure><\/div>\n\n\n\n<p>Autor: Es propiedad de Nicasio Garc\u00eda<br>Impresor: Sin informaci\u00f3n<br>Tama\u00f1o: 26,5 x 29,8 cm<br>Clasificaci\u00f3n: 426 G216v Caja N\u00b02b<\/p>\n\n\n\n<ul class=\"wp-block-list\"><li><a href=\"https:\/\/www.lirapopular.cl\/lirapopularxix\/2019\/12\/14\/el-viaje-de-colon-del-peru-a-chile\/\">El viaje de Col\u00f3n del Per\u00fa a Chile<\/a><\/li><li><a href=\"https:\/\/www.lirapopular.cl\/lirapopularxix\/2019\/12\/14\/la-brisca-robada\/\">La brisca robada<\/a><\/li><li><a href=\"https:\/\/www.lirapopular.cl\/lirapopularxix\/2019\/12\/14\/el-cisne-antes-de-morir\/\">El cisne antes de morir<\/a><\/li><li><a href=\"https:\/\/www.lirapopular.cl\/lirapopularxix\/2019\/12\/14\/el-diablo-en-la-carcel-de-buenos-aires\/\">El diablo en la c\u00e1rcel de Buenos Aires<\/a><\/li><\/ul>\n\n\n\n<p>Nota: La lira conmemora los 400 a\u00f1os de la llegada de Col\u00f3n (1892).<\/p>\n\n\n\n<p>Nota: Este ejemplar tiene escrito a mano con l\u00e1piz rojo \u201c426\u201d<\/p>\n","protected":false},"excerpt":{"rendered":"<p>Autor: Es propiedad de Nicasio Garc\u00edaImpresor: Sin informaci\u00f3nTama\u00f1o: 26,5 x 29,8 cmClasificaci\u00f3n: 426 G216v Caja N\u00b02b El viaje de Col\u00f3n del Per\u00fa a Chile La brisca robada El cisne antes de morir El diablo en la c\u00e1rcel de Buenos Aires Nota: La lira conmemora los 400 a\u00f1os de la llegada de Col\u00f3n (1892). Nota: Este [&hellip;]<\/p>\n","protected":false},"author":1,"featured_media":0,"parent":0,"menu_order":0,"comment_status":"closed","ping_status":"closed","template":"","meta":{"footnotes":""},"class_list":["post-5212","page","type-page","status-publish","hentry"],"jetpack_sharing_enabled":true,"_links":{"self":[{"href":"https:\/\/www.lirapopular.cl\/lirapopularxix\/wp-json\/wp\/v2\/pages\/5212","targetHints":{"allow":["GET"]}}],"collection":[{"href":"https:\/\/www.lirapopular.cl\/lirapopularxix\/wp-json\/wp\/v2\/pages"}],"about":[{"href":"https:\/\/www.lirapopular.cl\/lirapopularxix\/wp-json\/wp\/v2\/types\/page"}],"author":[{"embeddable":true,"href":"https:\/\/www.lirapopular.cl\/lirapopularxix\/wp-json\/wp\/v2\/users\/1"}],"replies":[{"embeddable":true,"href":"https:\/\/www.lirapopular.cl\/lirapopularxix\/wp-json\/wp\/v2\/comments?post=5212"}],"version-history":[{"count":0,"href":"https:\/\/www.lirapopular.cl\/lirapopularxix\/wp-json\/wp\/v2\/pages\/5212\/revisions"}],"wp:attachment":[{"href":"https:\/\/www.lirapopular.cl\/lirapopularxix\/wp-json\/wp\/v2\/media?parent=5212"}],"curies":[{"name":"wp","href":"https:\/\/api.w.org\/{rel}","templated":true}]}}