{"id":5153,"date":"2019-12-11T16:03:24","date_gmt":"2019-12-11T20:03:24","guid":{"rendered":"https:\/\/www.lirapopular.cl\/lirapopularxix\/?page_id=5153"},"modified":"2019-12-11T16:03:24","modified_gmt":"2019-12-11T20:03:24","slug":"salomon","status":"publish","type":"page","link":"https:\/\/www.lirapopular.cl\/lirapopularxix\/salomon\/","title":{"rendered":"SALOMON"},"content":{"rendered":"\n<div class=\"wp-block-image\"><figure class=\"alignright size-medium\"><a href=\"https:\/\/www.lirapopular.cl\/lirapopularxix\/wp-content\/uploads\/2019\/12\/421.jpg\"><img loading=\"lazy\" decoding=\"async\" width=\"257\" height=\"300\" src=\"https:\/\/www.lirapopular.cl\/lirapopularxix\/wp-content\/uploads\/2019\/12\/421-257x300.jpg\" alt=\"\" class=\"wp-image-5154\" srcset=\"https:\/\/www.lirapopular.cl\/lirapopularxix\/wp-content\/uploads\/2019\/12\/421-257x300.jpg 257w, https:\/\/www.lirapopular.cl\/lirapopularxix\/wp-content\/uploads\/2019\/12\/421-768x895.jpg 768w, https:\/\/www.lirapopular.cl\/lirapopularxix\/wp-content\/uploads\/2019\/12\/421.jpg 858w\" sizes=\"auto, (max-width: 257px) 100vw, 257px\" \/><\/a><figcaption>Colecci\u00f3n Lira Popular de la Universidad de Chile<\/figcaption><\/figure><\/div>\n\n\n\n<p>Autor: Nicasio Garc\u00eda<br>Impresor: Sin informaci\u00f3n<br>Tama\u00f1o: 22,3 x 26 cm<br>Clasificaci\u00f3n: 421 G216s Caja N\u00b02b<\/p>\n\n\n\n<ul class=\"wp-block-list\"><li><a href=\"https:\/\/www.lirapopular.cl\/lirapopularxix\/2019\/12\/11\/salomon\/\">Salom\u00f3n<\/a><\/li><li><a href=\"https:\/\/www.lirapopular.cl\/lirapopularxix\/2019\/12\/11\/a-israel\/\">A Israel<\/a><\/li><li><a href=\"https:\/\/www.lirapopular.cl\/lirapopularxix\/2019\/12\/11\/nuebo-i-viejo-testamento\/\">Nuevo y Viejo Testamento<\/a><\/li><li><a href=\"https:\/\/www.lirapopular.cl\/lirapopularxix\/2019\/12\/11\/las-plagas-de-ejipto\/\">Las plagas de Egipto<\/a><\/li><\/ul>\n\n\n\n<p>Nota: Este ejemplar tiene escrito a mano con l\u00e1piz rojo \u201c421\u201d<\/p>\n","protected":false},"excerpt":{"rendered":"<p>Autor: Nicasio Garc\u00edaImpresor: Sin informaci\u00f3nTama\u00f1o: 22,3 x 26 cmClasificaci\u00f3n: 421 G216s Caja N\u00b02b Salom\u00f3n A Israel Nuevo y Viejo Testamento Las plagas de Egipto Nota: Este ejemplar tiene escrito a mano con l\u00e1piz rojo \u201c421\u201d<\/p>\n","protected":false},"author":1,"featured_media":0,"parent":0,"menu_order":0,"comment_status":"closed","ping_status":"closed","template":"","meta":{"footnotes":""},"class_list":["post-5153","page","type-page","status-publish","hentry"],"jetpack_sharing_enabled":true,"_links":{"self":[{"href":"https:\/\/www.lirapopular.cl\/lirapopularxix\/wp-json\/wp\/v2\/pages\/5153","targetHints":{"allow":["GET"]}}],"collection":[{"href":"https:\/\/www.lirapopular.cl\/lirapopularxix\/wp-json\/wp\/v2\/pages"}],"about":[{"href":"https:\/\/www.lirapopular.cl\/lirapopularxix\/wp-json\/wp\/v2\/types\/page"}],"author":[{"embeddable":true,"href":"https:\/\/www.lirapopular.cl\/lirapopularxix\/wp-json\/wp\/v2\/users\/1"}],"replies":[{"embeddable":true,"href":"https:\/\/www.lirapopular.cl\/lirapopularxix\/wp-json\/wp\/v2\/comments?post=5153"}],"version-history":[{"count":0,"href":"https:\/\/www.lirapopular.cl\/lirapopularxix\/wp-json\/wp\/v2\/pages\/5153\/revisions"}],"wp:attachment":[{"href":"https:\/\/www.lirapopular.cl\/lirapopularxix\/wp-json\/wp\/v2\/media?parent=5153"}],"curies":[{"name":"wp","href":"https:\/\/api.w.org\/{rel}","templated":true}]}}