{"id":515,"date":"2019-06-10T13:37:17","date_gmt":"2019-06-10T17:37:17","guid":{"rendered":"https:\/\/www.lirapopular.cl\/lirapopularxix\/?page_id=515"},"modified":"2019-06-10T13:37:17","modified_gmt":"2019-06-10T17:37:17","slug":"fusilamiento-de-los-reos-salas-y-belmar","status":"publish","type":"page","link":"https:\/\/www.lirapopular.cl\/lirapopularxix\/fusilamiento-de-los-reos-salas-y-belmar\/","title":{"rendered":"Fusilamiento de los reos Salas y Belmar"},"content":{"rendered":"<div class=\"wp-block-image\">\n<figure class=\"alignright\"><a href=\"https:\/\/www.lirapopular.cl\/lirapopularxix\/wp-content\/uploads\/2019\/06\/358.jpg\"><img loading=\"lazy\" decoding=\"async\" width=\"224\" height=\"300\" src=\"https:\/\/www.lirapopular.cl\/lirapopularxix\/wp-content\/uploads\/2019\/06\/358-224x300.jpg\" alt=\"\" class=\"wp-image-516\" srcset=\"https:\/\/www.lirapopular.cl\/lirapopularxix\/wp-content\/uploads\/2019\/06\/358-224x300.jpg 224w, https:\/\/www.lirapopular.cl\/lirapopularxix\/wp-content\/uploads\/2019\/06\/358.jpg 746w\" sizes=\"auto, (max-width: 224px) 100vw, 224px\" \/><\/a><figcaption>Colecci\u00f3n Lira Popular de la <br>Universidad de Chile<\/figcaption><\/figure>\n<\/div>\n\n\n<p>Autor: Jos\u00e9 Hip\u00f3lito Cordero<br>Impresor: Sin informaci\u00f3n.<br>Tama\u00f1o: 25,2 x 35,3 cm<br>Clasificaci\u00f3n: 358 C794f Caja N\u00b01b, BN C\u00f3digo:&nbsp;LO0012035<\/p>\n\n\n\n<ul class=\"wp-block-list\"><li><a href=\"https:\/\/www.lirapopular.cl\/lirapopularxix\/2019\/06\/10\/fusilamiento-de-los-reos-salas-y-belmar\/\">Fusilamiento de los reos Salas y Belmar<\/a><\/li><li><a href=\"https:\/\/www.lirapopular.cl\/lirapopularxix\/2019\/06\/10\/la-mujer-celosa-3\/\">La mujer celosa<\/a><\/li><li><a href=\"https:\/\/www.lirapopular.cl\/lirapopularxix\/2019\/06\/10\/versos-del-vaquero\/\">Versos del vaquero<\/a><\/li><li><a href=\"https:\/\/www.lirapopular.cl\/lirapopularxix\/2019\/06\/10\/literatura-2\/\">Literatura<\/a><\/li><\/ul>\n\n\n\n<p>Nota: Usa la misma imagen que lira de R. Araneda, <a href=\"https:\/\/www.lirapopular.cl\/lirapopularxix\/los-reos-en-el-banco\/\" target=\"_blank\" rel=\"noreferrer noopener\">ver<\/a>.<br>El 1er ejemplar tiene escrito a mano con l\u00e1piz rojo \u201c358\u201d<br>El 2\u00ba ejemplar tiene escrito a mano con l\u00e1piz rojo \u201c-6-\u201d, con l\u00e1piz grafito &#8220;14&#8221; y con un timbre &#8220;103&#8221;. Varios versos aparecen corregidos manualmente.<br>Documentos optimizados digitalmente.<\/p>\n\n\n<div class=\"wp-block-image\">\n<figure class=\"alignright size-medium\"><a href=\"https:\/\/www.lirapopular.cl\/lirapopularxix\/wp-content\/uploads\/2020\/07\/LO0012035.jpg\"><img loading=\"lazy\" decoding=\"async\" width=\"210\" height=\"300\" src=\"https:\/\/www.lirapopular.cl\/lirapopularxix\/wp-content\/uploads\/2020\/07\/LO0012035-210x300.jpg\" alt=\"\" class=\"wp-image-10838\" srcset=\"https:\/\/www.lirapopular.cl\/lirapopularxix\/wp-content\/uploads\/2020\/07\/LO0012035-210x300.jpg 210w, https:\/\/www.lirapopular.cl\/lirapopularxix\/wp-content\/uploads\/2020\/07\/LO0012035.jpg 699w\" sizes=\"auto, (max-width: 210px) 100vw, 210px\" \/><\/a><figcaption>Archivo de Literatura Oral<br>Fondo Rodolfo Lenz<\/figcaption><\/figure>\n<\/div>\n\n\n<p>La lira no tiene t\u00edtulo, usamos el de su primer verso.<\/p>\n","protected":false},"excerpt":{"rendered":"<p>Autor: Jos\u00e9 Hip\u00f3lito CorderoImpresor: Sin informaci\u00f3n.Tama\u00f1o: 25,2 x 35,3 cmClasificaci\u00f3n: 358 C794f Caja N\u00b01b, BN C\u00f3digo:&nbsp;LO0012035 Fusilamiento de los reos Salas y Belmar La mujer celosa Versos del vaquero Literatura Nota: Usa la misma imagen que lira de R. Araneda, ver.El 1er ejemplar tiene escrito a mano con l\u00e1piz rojo \u201c358\u201dEl 2\u00ba ejemplar tiene escrito [&hellip;]<\/p>\n","protected":false},"author":1,"featured_media":0,"parent":0,"menu_order":0,"comment_status":"closed","ping_status":"closed","template":"","meta":{"footnotes":""},"class_list":["post-515","page","type-page","status-publish","hentry"],"jetpack_sharing_enabled":true,"_links":{"self":[{"href":"https:\/\/www.lirapopular.cl\/lirapopularxix\/wp-json\/wp\/v2\/pages\/515","targetHints":{"allow":["GET"]}}],"collection":[{"href":"https:\/\/www.lirapopular.cl\/lirapopularxix\/wp-json\/wp\/v2\/pages"}],"about":[{"href":"https:\/\/www.lirapopular.cl\/lirapopularxix\/wp-json\/wp\/v2\/types\/page"}],"author":[{"embeddable":true,"href":"https:\/\/www.lirapopular.cl\/lirapopularxix\/wp-json\/wp\/v2\/users\/1"}],"replies":[{"embeddable":true,"href":"https:\/\/www.lirapopular.cl\/lirapopularxix\/wp-json\/wp\/v2\/comments?post=515"}],"version-history":[{"count":0,"href":"https:\/\/www.lirapopular.cl\/lirapopularxix\/wp-json\/wp\/v2\/pages\/515\/revisions"}],"wp:attachment":[{"href":"https:\/\/www.lirapopular.cl\/lirapopularxix\/wp-json\/wp\/v2\/media?parent=515"}],"curies":[{"name":"wp","href":"https:\/\/api.w.org\/{rel}","templated":true}]}}