{"id":5114,"date":"2019-12-10T12:15:19","date_gmt":"2019-12-10T16:15:19","guid":{"rendered":"https:\/\/www.lirapopular.cl\/lirapopularxix\/?page_id=5114"},"modified":"2019-12-10T12:15:19","modified_gmt":"2019-12-10T16:15:19","slug":"el-sueno-de-un-apasionado","status":"publish","type":"page","link":"https:\/\/www.lirapopular.cl\/lirapopularxix\/el-sueno-de-un-apasionado\/","title":{"rendered":"El sue\u00f1o de un apasionado"},"content":{"rendered":"\n<div class=\"wp-block-image\"><figure class=\"alignright size-medium\"><a href=\"https:\/\/www.lirapopular.cl\/lirapopularxix\/wp-content\/uploads\/2019\/12\/422.jpg\"><img decoding=\"async\" src=\"https:\/\/www.lirapopular.cl\/lirapopularxix\/wp-content\/uploads\/2019\/12\/422-228x300.jpg\" alt=\"\" class=\"wp-image-5115\"\/><\/a><figcaption>Colecci\u00f3n Lira Popular de la Universidad de Chile<\/figcaption><\/figure><\/div>\n\n\n\n<p>Autor: An\u00f3nimo (Catalogada en Archivo Central como S.A.)<br>Impresor: Sin informaci\u00f3n<br>Tama\u00f1o: 18,5 x 25 cm<br>Clasificaci\u00f3n: 422 S944 Caja N\u00b02b<\/p>\n\n\n\n<ul class=\"wp-block-list\"><li><a href=\"https:\/\/www.lirapopular.cl\/lirapopularxix\/2019\/12\/10\/el-sueno-de-un-apasionado-2\/\">El sue\u00f1o de un apasionado<\/a><\/li><li><a href=\"https:\/\/www.lirapopular.cl\/lirapopularxix\/2019\/12\/09\/dichos-de-un-amante-2\/\">Dichos de un amante<\/a><\/li><li><a href=\"https:\/\/www.lirapopular.cl\/lirapopularxix\/2019\/08\/17\/la-balanzadel-amor\/\">Las balanza del amor<\/a><\/li><\/ul>\n\n\n\n<p>Nota: Este ejemplar tiene escrito a mano con l\u00e1piz rojo \u201c422\u201d<\/p>\n","protected":false},"excerpt":{"rendered":"<p>Autor: An\u00f3nimo (Catalogada en Archivo Central como S.A.)Impresor: Sin informaci\u00f3nTama\u00f1o: 18,5 x 25 cmClasificaci\u00f3n: 422 S944 Caja N\u00b02b El sue\u00f1o de un apasionado Dichos de un amante Las balanza del amor Nota: Este ejemplar tiene escrito a mano con l\u00e1piz rojo \u201c422\u201d<\/p>\n","protected":false},"author":1,"featured_media":0,"parent":0,"menu_order":0,"comment_status":"closed","ping_status":"closed","template":"","meta":{"footnotes":""},"class_list":["post-5114","page","type-page","status-publish","hentry"],"jetpack_sharing_enabled":true,"_links":{"self":[{"href":"https:\/\/www.lirapopular.cl\/lirapopularxix\/wp-json\/wp\/v2\/pages\/5114","targetHints":{"allow":["GET"]}}],"collection":[{"href":"https:\/\/www.lirapopular.cl\/lirapopularxix\/wp-json\/wp\/v2\/pages"}],"about":[{"href":"https:\/\/www.lirapopular.cl\/lirapopularxix\/wp-json\/wp\/v2\/types\/page"}],"author":[{"embeddable":true,"href":"https:\/\/www.lirapopular.cl\/lirapopularxix\/wp-json\/wp\/v2\/users\/1"}],"replies":[{"embeddable":true,"href":"https:\/\/www.lirapopular.cl\/lirapopularxix\/wp-json\/wp\/v2\/comments?post=5114"}],"version-history":[{"count":0,"href":"https:\/\/www.lirapopular.cl\/lirapopularxix\/wp-json\/wp\/v2\/pages\/5114\/revisions"}],"wp:attachment":[{"href":"https:\/\/www.lirapopular.cl\/lirapopularxix\/wp-json\/wp\/v2\/media?parent=5114"}],"curies":[{"name":"wp","href":"https:\/\/api.w.org\/{rel}","templated":true}]}}