{"id":5084,"date":"2019-12-09T13:54:37","date_gmt":"2019-12-09T17:54:37","guid":{"rendered":"https:\/\/www.lirapopular.cl\/lirapopularxix\/?page_id=5084"},"modified":"2019-12-09T13:54:37","modified_gmt":"2019-12-09T17:54:37","slug":"fusilamiento-del-reo-santiago-2o-rojas","status":"publish","type":"page","link":"https:\/\/www.lirapopular.cl\/lirapopularxix\/fusilamiento-del-reo-santiago-2o-rojas\/","title":{"rendered":"Fusilamiento del reo <br> Santiago 2\u00ba Rojas"},"content":{"rendered":"\n<div class=\"wp-block-image\"><figure class=\"alignright size-medium\"><a href=\"https:\/\/www.lirapopular.cl\/lirapopularxix\/wp-content\/uploads\/2019\/12\/487.jpg\"><img loading=\"lazy\" decoding=\"async\" width=\"300\" height=\"234\" src=\"https:\/\/www.lirapopular.cl\/lirapopularxix\/wp-content\/uploads\/2019\/12\/487-300x234.jpg\" alt=\"\" class=\"wp-image-5085\" srcset=\"https:\/\/www.lirapopular.cl\/lirapopularxix\/wp-content\/uploads\/2019\/12\/487-300x234.jpg 300w, https:\/\/www.lirapopular.cl\/lirapopularxix\/wp-content\/uploads\/2019\/12\/487-768x598.jpg 768w, https:\/\/www.lirapopular.cl\/lirapopularxix\/wp-content\/uploads\/2019\/12\/487.jpg 1000w\" sizes=\"auto, (max-width: 300px) 100vw, 300px\" \/><\/a><\/figure><\/div>\n\n\n\n<p>Autor: Pedro Villegas (Catalogada en Archivo Central como S.A.)<br>Impresor: Imprenta de P. Ram\u00edrez &#8211; Ech\u00e1urren. 6.<br>Tama\u00f1o: 26 x 33 cm<br>Clasificaci\u00f3n: 487 F993 Caja N\u00b03b<\/p>\n\n\n\n<ul class=\"wp-block-list\"><li><a href=\"https:\/\/www.lirapopular.cl\/lirapopularxix\/2019\/12\/09\/el-condenado-a-muerte\/\">El condenado a muerte<\/a><\/li><li><a href=\"https:\/\/www.lirapopular.cl\/lirapopularxix\/2019\/12\/09\/fusilamiento-del-reo-santiago-2o-rojas\/\">Fusilamiento del reo Santiago 2\u00ba Rojas.<\/a><\/li><li><a href=\"https:\/\/www.lirapopular.cl\/lirapopularxix\/2019\/12\/09\/la-lei-del-embudo-2\/\">La ley del embudo<\/a><\/li><li><a href=\"https:\/\/www.lirapopular.cl\/lirapopularxix\/2019\/12\/09\/el-invierno-i-sus-rigores\/\">El invierno y sus rigores<\/a><\/li><\/ul>\n\n\n\n<p>Nota: Este ejemplar tiene escrito a mano con l\u00e1piz rojo \u201c487\u201d<\/p>\n","protected":false},"excerpt":{"rendered":"<p>Autor: Pedro Villegas (Catalogada en Archivo Central como S.A.)Impresor: Imprenta de P. Ram\u00edrez &#8211; Ech\u00e1urren. 6.Tama\u00f1o: 26 x 33 cmClasificaci\u00f3n: 487 F993 Caja N\u00b03b El condenado a muerte Fusilamiento del reo Santiago 2\u00ba Rojas. La ley del embudo El invierno y sus rigores Nota: Este ejemplar tiene escrito a mano con l\u00e1piz rojo \u201c487\u201d<\/p>\n","protected":false},"author":1,"featured_media":0,"parent":0,"menu_order":0,"comment_status":"closed","ping_status":"closed","template":"","meta":{"footnotes":""},"class_list":["post-5084","page","type-page","status-publish","hentry"],"jetpack_sharing_enabled":true,"_links":{"self":[{"href":"https:\/\/www.lirapopular.cl\/lirapopularxix\/wp-json\/wp\/v2\/pages\/5084","targetHints":{"allow":["GET"]}}],"collection":[{"href":"https:\/\/www.lirapopular.cl\/lirapopularxix\/wp-json\/wp\/v2\/pages"}],"about":[{"href":"https:\/\/www.lirapopular.cl\/lirapopularxix\/wp-json\/wp\/v2\/types\/page"}],"author":[{"embeddable":true,"href":"https:\/\/www.lirapopular.cl\/lirapopularxix\/wp-json\/wp\/v2\/users\/1"}],"replies":[{"embeddable":true,"href":"https:\/\/www.lirapopular.cl\/lirapopularxix\/wp-json\/wp\/v2\/comments?post=5084"}],"version-history":[{"count":0,"href":"https:\/\/www.lirapopular.cl\/lirapopularxix\/wp-json\/wp\/v2\/pages\/5084\/revisions"}],"wp:attachment":[{"href":"https:\/\/www.lirapopular.cl\/lirapopularxix\/wp-json\/wp\/v2\/media?parent=5084"}],"curies":[{"name":"wp","href":"https:\/\/api.w.org\/{rel}","templated":true}]}}