{"id":5069,"date":"2019-12-09T13:13:57","date_gmt":"2019-12-09T17:13:57","guid":{"rendered":"https:\/\/www.lirapopular.cl\/lirapopularxix\/?page_id=5069"},"modified":"2019-12-09T13:13:57","modified_gmt":"2019-12-09T17:13:57","slug":"himno-guerrero","status":"publish","type":"page","link":"https:\/\/www.lirapopular.cl\/lirapopularxix\/himno-guerrero\/","title":{"rendered":"HIMNO GUERRERO"},"content":{"rendered":"\n<div class=\"wp-block-image\"><figure class=\"alignright size-medium\"><a href=\"https:\/\/www.lirapopular.cl\/lirapopularxix\/wp-content\/uploads\/2019\/12\/419-scaled.jpg\"><img decoding=\"async\" src=\"https:\/\/www.lirapopular.cl\/lirapopularxix\/wp-content\/uploads\/2019\/12\/419-246x300.jpg\" alt=\"\" class=\"wp-image-5070\"\/><\/a><figcaption>Colecci\u00f3n Lira Popular de la Universidad de Chile<\/figcaption><\/figure><\/div>\n\n\n\n<p>Autor: An\u00f3nimo (Catalogada en Archivo Central como S.A.)<br>Impresor: Sin informaci\u00f3n<br>Tama\u00f1o: 21,4 x 26 cm<br>Clasificaci\u00f3n: 419 H659 Caja N\u00b02b<\/p>\n\n\n\n<ul class=\"wp-block-list\"><li><a href=\"https:\/\/www.lirapopular.cl\/lirapopularxix\/2019\/12\/09\/himno-guerrero-coro\/\">Himno guerrero Coro<\/a><\/li><li><a href=\"https:\/\/www.lirapopular.cl\/lirapopularxix\/2019\/12\/09\/himno-guerrero-coro-2\/\">Himno guerrero Coro<\/a><\/li><li><a href=\"https:\/\/www.lirapopular.cl\/lirapopularxix\/2019\/12\/09\/himno-al-heroico-marino-carlo-condell-coro\/\">Himno al heroico marino Carlos Condell Coro<\/a><\/li><\/ul>\n\n\n\n<p>Nota: Este ejemplar tiene escrito a mano con l\u00e1piz rojo \u201c419\u201d<\/p>\n\n\n\n<p>Ejemplar mal scaneado y corregido digitalmente.<\/p>\n","protected":false},"excerpt":{"rendered":"<p>Autor: An\u00f3nimo (Catalogada en Archivo Central como S.A.)Impresor: Sin informaci\u00f3nTama\u00f1o: 21,4 x 26 cmClasificaci\u00f3n: 419 H659 Caja N\u00b02b Himno guerrero Coro Himno guerrero Coro Himno al heroico marino Carlos Condell Coro Nota: Este ejemplar tiene escrito a mano con l\u00e1piz rojo \u201c419\u201d Ejemplar mal scaneado y corregido digitalmente.<\/p>\n","protected":false},"author":1,"featured_media":0,"parent":0,"menu_order":0,"comment_status":"closed","ping_status":"closed","template":"","meta":{"footnotes":""},"class_list":["post-5069","page","type-page","status-publish","hentry"],"jetpack_sharing_enabled":true,"_links":{"self":[{"href":"https:\/\/www.lirapopular.cl\/lirapopularxix\/wp-json\/wp\/v2\/pages\/5069","targetHints":{"allow":["GET"]}}],"collection":[{"href":"https:\/\/www.lirapopular.cl\/lirapopularxix\/wp-json\/wp\/v2\/pages"}],"about":[{"href":"https:\/\/www.lirapopular.cl\/lirapopularxix\/wp-json\/wp\/v2\/types\/page"}],"author":[{"embeddable":true,"href":"https:\/\/www.lirapopular.cl\/lirapopularxix\/wp-json\/wp\/v2\/users\/1"}],"replies":[{"embeddable":true,"href":"https:\/\/www.lirapopular.cl\/lirapopularxix\/wp-json\/wp\/v2\/comments?post=5069"}],"version-history":[{"count":0,"href":"https:\/\/www.lirapopular.cl\/lirapopularxix\/wp-json\/wp\/v2\/pages\/5069\/revisions"}],"wp:attachment":[{"href":"https:\/\/www.lirapopular.cl\/lirapopularxix\/wp-json\/wp\/v2\/media?parent=5069"}],"curies":[{"name":"wp","href":"https:\/\/api.w.org\/{rel}","templated":true}]}}