{"id":5025,"date":"2019-12-08T19:59:41","date_gmt":"2019-12-08T23:59:41","guid":{"rendered":"https:\/\/www.lirapopular.cl\/lirapopularxix\/?page_id=5025"},"modified":"2019-12-08T19:59:41","modified_gmt":"2019-12-08T23:59:41","slug":"las-grandes-inundaciones-de-valparaiso","status":"publish","type":"page","link":"https:\/\/www.lirapopular.cl\/lirapopularxix\/las-grandes-inundaciones-de-valparaiso\/","title":{"rendered":"Las grandes Inundaciones <br>DE VALPARAISO"},"content":{"rendered":"\n<div class=\"wp-block-image\"><figure class=\"alignright size-medium\"><a href=\"https:\/\/www.lirapopular.cl\/lirapopularxix\/wp-content\/uploads\/2019\/12\/418.jpg\"><img loading=\"lazy\" decoding=\"async\" width=\"300\" height=\"239\" src=\"https:\/\/www.lirapopular.cl\/lirapopularxix\/wp-content\/uploads\/2019\/12\/418-300x239.jpg\" alt=\"\" class=\"wp-image-5026\" srcset=\"https:\/\/www.lirapopular.cl\/lirapopularxix\/wp-content\/uploads\/2019\/12\/418-300x239.jpg 300w, https:\/\/www.lirapopular.cl\/lirapopularxix\/wp-content\/uploads\/2019\/12\/418-768x611.jpg 768w, https:\/\/www.lirapopular.cl\/lirapopularxix\/wp-content\/uploads\/2019\/12\/418.jpg 1000w\" sizes=\"auto, (max-width: 300px) 100vw, 300px\" \/><\/a><figcaption>Colecci\u00f3n Lira Popular de la Universidad de Chile<\/figcaption><\/figure><\/div>\n\n\n\n<p>Autor: Es propiedad de Nicacio Garc\u00eda<br>Impresor: Sin informaci\u00f3n<br>Tama\u00f1o: 23,4 x 30 cm<br>Clasificaci\u00f3n: 418 G751 Caja N\u00b02b<\/p>\n\n\n\n<ul class=\"wp-block-list\"><li><a href=\"https:\/\/www.lirapopular.cl\/lirapopularxix\/2019\/12\/09\/las-grandes-inundaciones-de-valparaiso\/\">Las grandes inundaciones de Valpara\u00edso<\/a><\/li><li><a href=\"https:\/\/www.lirapopular.cl\/lirapopularxix\/2019\/12\/09\/el-sueno-de-un-apasionado\/\">El sue\u00f1o de un apasionado.<\/a><\/li><li><a href=\"https:\/\/www.lirapopular.cl\/lirapopularxix\/2019\/12\/09\/dichos-de-un-amante-2\/\">Dichos de un amante<\/a><\/li><li><a href=\"https:\/\/www.lirapopular.cl\/lirapopularxix\/2019\/12\/09\/la-balanza-de-amor\/\">La balanza del amor<\/a><\/li><\/ul>\n\n\n\n<p>Nota: Este ejemplar tiene escrito a mano con l\u00e1piz rojo \u201c418\u201d<\/p>\n\n\n\n<p>Nota: El relato se refiere las inundaciones del 13 junio de 1891, posible \u00e9poca de la publicaci\u00f3n.<\/p>\n","protected":false},"excerpt":{"rendered":"<p>Autor: Es propiedad de Nicacio Garc\u00edaImpresor: Sin informaci\u00f3nTama\u00f1o: 23,4 x 30 cmClasificaci\u00f3n: 418 G751 Caja N\u00b02b Las grandes inundaciones de Valpara\u00edso El sue\u00f1o de un apasionado. Dichos de un amante La balanza del amor Nota: Este ejemplar tiene escrito a mano con l\u00e1piz rojo \u201c418\u201d Nota: El relato se refiere las inundaciones del 13 junio [&hellip;]<\/p>\n","protected":false},"author":1,"featured_media":0,"parent":0,"menu_order":0,"comment_status":"closed","ping_status":"closed","template":"","meta":{"footnotes":""},"class_list":["post-5025","page","type-page","status-publish","hentry"],"jetpack_sharing_enabled":true,"_links":{"self":[{"href":"https:\/\/www.lirapopular.cl\/lirapopularxix\/wp-json\/wp\/v2\/pages\/5025","targetHints":{"allow":["GET"]}}],"collection":[{"href":"https:\/\/www.lirapopular.cl\/lirapopularxix\/wp-json\/wp\/v2\/pages"}],"about":[{"href":"https:\/\/www.lirapopular.cl\/lirapopularxix\/wp-json\/wp\/v2\/types\/page"}],"author":[{"embeddable":true,"href":"https:\/\/www.lirapopular.cl\/lirapopularxix\/wp-json\/wp\/v2\/users\/1"}],"replies":[{"embeddable":true,"href":"https:\/\/www.lirapopular.cl\/lirapopularxix\/wp-json\/wp\/v2\/comments?post=5025"}],"version-history":[{"count":0,"href":"https:\/\/www.lirapopular.cl\/lirapopularxix\/wp-json\/wp\/v2\/pages\/5025\/revisions"}],"wp:attachment":[{"href":"https:\/\/www.lirapopular.cl\/lirapopularxix\/wp-json\/wp\/v2\/media?parent=5025"}],"curies":[{"name":"wp","href":"https:\/\/api.w.org\/{rel}","templated":true}]}}