{"id":5007,"date":"2019-12-03T16:28:59","date_gmt":"2019-12-03T20:28:59","guid":{"rendered":"https:\/\/www.lirapopular.cl\/lirapopularxix\/?page_id=5007"},"modified":"2019-12-03T16:28:59","modified_gmt":"2019-12-03T20:28:59","slug":"la-conductora-y-el-pajarito","status":"publish","type":"page","link":"https:\/\/www.lirapopular.cl\/lirapopularxix\/la-conductora-y-el-pajarito\/","title":{"rendered":"La conductora y el pajarito"},"content":{"rendered":"\n<div class=\"wp-block-image\"><figure class=\"alignright size-medium\"><a href=\"https:\/\/www.lirapopular.cl\/lirapopularxix\/wp-content\/uploads\/2019\/12\/416.jpg\"><img loading=\"lazy\" decoding=\"async\" width=\"273\" height=\"300\" src=\"https:\/\/www.lirapopular.cl\/lirapopularxix\/wp-content\/uploads\/2019\/12\/416-273x300.jpg\" alt=\"\" class=\"wp-image-5008\" srcset=\"https:\/\/www.lirapopular.cl\/lirapopularxix\/wp-content\/uploads\/2019\/12\/416-273x300.jpg 273w, https:\/\/www.lirapopular.cl\/lirapopularxix\/wp-content\/uploads\/2019\/12\/416-768x845.jpg 768w, https:\/\/www.lirapopular.cl\/lirapopularxix\/wp-content\/uploads\/2019\/12\/416.jpg 909w\" sizes=\"auto, (max-width: 273px) 100vw, 273px\" \/><\/a><figcaption>Colecci\u00f3n Lira Popular de la Universidad de Chile<\/figcaption><\/figure><\/div>\n\n\n\n<p>Autor: Es propiedad de Nicasio Garc\u00eda<br>Impresor: Sin informaci\u00f3n<br>Tama\u00f1o: 25,6 x 27,6 cm<br>Clasificaci\u00f3n: 416 G216c Caja N\u00b01b<\/p>\n\n\n\n<ul class=\"wp-block-list\"><li><a href=\"https:\/\/www.lirapopular.cl\/lirapopularxix\/2019\/12\/08\/la-conductora-y-el-pajarito\/\">La conductora y el pajarito<\/a><\/li><li><a href=\"https:\/\/www.lirapopular.cl\/lirapopularxix\/2019\/12\/08\/la-reunion-de-las-aves-2\/\">La reuni\u00f3n de las aves.<\/a><\/li><li><a href=\"https:\/\/www.lirapopular.cl\/lirapopularxix\/2019\/12\/08\/el-prometimiento\/\">El prometimiento<\/a><\/li><li><a href=\"https:\/\/www.lirapopular.cl\/lirapopularxix\/2019\/12\/08\/sentimientos\/\">Sentimientos<\/a><\/li><\/ul>\n\n\n\n<p>Nota: Este ejemplar tiene escrito a mano con l\u00e1piz rojo \u201c416\u201d<\/p>\n","protected":false},"excerpt":{"rendered":"<p>Autor: Es propiedad de Nicasio Garc\u00edaImpresor: Sin informaci\u00f3nTama\u00f1o: 25,6 x 27,6 cmClasificaci\u00f3n: 416 G216c Caja N\u00b01b La conductora y el pajarito La reuni\u00f3n de las aves. El prometimiento Sentimientos Nota: Este ejemplar tiene escrito a mano con l\u00e1piz rojo \u201c416\u201d<\/p>\n","protected":false},"author":1,"featured_media":0,"parent":0,"menu_order":0,"comment_status":"closed","ping_status":"closed","template":"","meta":{"footnotes":""},"class_list":["post-5007","page","type-page","status-publish","hentry"],"jetpack_sharing_enabled":true,"_links":{"self":[{"href":"https:\/\/www.lirapopular.cl\/lirapopularxix\/wp-json\/wp\/v2\/pages\/5007","targetHints":{"allow":["GET"]}}],"collection":[{"href":"https:\/\/www.lirapopular.cl\/lirapopularxix\/wp-json\/wp\/v2\/pages"}],"about":[{"href":"https:\/\/www.lirapopular.cl\/lirapopularxix\/wp-json\/wp\/v2\/types\/page"}],"author":[{"embeddable":true,"href":"https:\/\/www.lirapopular.cl\/lirapopularxix\/wp-json\/wp\/v2\/users\/1"}],"replies":[{"embeddable":true,"href":"https:\/\/www.lirapopular.cl\/lirapopularxix\/wp-json\/wp\/v2\/comments?post=5007"}],"version-history":[{"count":0,"href":"https:\/\/www.lirapopular.cl\/lirapopularxix\/wp-json\/wp\/v2\/pages\/5007\/revisions"}],"wp:attachment":[{"href":"https:\/\/www.lirapopular.cl\/lirapopularxix\/wp-json\/wp\/v2\/media?parent=5007"}],"curies":[{"name":"wp","href":"https:\/\/api.w.org\/{rel}","templated":true}]}}