{"id":4972,"date":"2019-11-29T16:46:30","date_gmt":"2019-11-29T20:46:30","guid":{"rendered":"https:\/\/www.lirapopular.cl\/lirapopularxix\/?page_id=4972"},"modified":"2019-11-29T16:46:30","modified_gmt":"2019-11-29T20:46:30","slug":"el-eclipse-del-sol","status":"publish","type":"page","link":"https:\/\/www.lirapopular.cl\/lirapopularxix\/el-eclipse-del-sol\/","title":{"rendered":"EL ECLIPSE DEL SOL"},"content":{"rendered":"\n<div class=\"wp-block-image\"><figure class=\"alignright size-medium\"><a href=\"https:\/\/www.lirapopular.cl\/lirapopularxix\/wp-content\/uploads\/2019\/11\/414.jpg\"><img loading=\"lazy\" decoding=\"async\" width=\"226\" height=\"300\" src=\"https:\/\/www.lirapopular.cl\/lirapopularxix\/wp-content\/uploads\/2019\/11\/414-226x300.jpg\" alt=\"\" class=\"wp-image-4974\" srcset=\"https:\/\/www.lirapopular.cl\/lirapopularxix\/wp-content\/uploads\/2019\/11\/414-226x300.jpg 226w, https:\/\/www.lirapopular.cl\/lirapopularxix\/wp-content\/uploads\/2019\/11\/414.jpg 754w\" sizes=\"auto, (max-width: 226px) 100vw, 226px\" \/><\/a><figcaption>Colecci\u00f3n Lira Popular de la Universidad de Chile<\/figcaption><\/figure><\/div>\n\n\n\n<p>Autor: Es propiedad de Nicasio Garc\u00eda<br>Impresor: Sin informaci\u00f3n<br>Tama\u00f1o: 28,2 x 37,5 cm<br>Clasificaci\u00f3n: 414 G216e Caja N\u00b01b<\/p>\n\n\n\n<ul class=\"wp-block-list\"><li><a href=\"https:\/\/www.lirapopular.cl\/lirapopularxix\/2019\/12\/01\/el-anuncio-del-eclipse-de-sol-el-16-de-abril\/\">El anuncio del eclipse de sol el 16 de abril<\/a><\/li><li><a href=\"https:\/\/www.lirapopular.cl\/lirapopularxix\/2019\/12\/01\/adivinanzas\/\">Adivinanza<\/a><\/li><li><a href=\"https:\/\/www.lirapopular.cl\/lirapopularxix\/2019\/12\/01\/despedida-3\/\">Despedida<\/a><\/li><li><a href=\"https:\/\/www.lirapopular.cl\/lirapopularxix\/2019\/12\/01\/despedida-de-un-anjel\/\">Despedida de un anjel<\/a><\/li><\/ul>\n\n\n\n<p>Nota: Este ejemplar tiene escrito a mano con l\u00e1piz rojo \u201c414\u201d<\/p>\n\n\n\n<p>Nota: se refiere al eclipse total del sol acontecido el 16 de abril de 1893 y que fue registrado cient\u00edficamente por el director el Observatorio Astron\u00f3mico Nacional de Chile, Alberto Obrecht, y el chileno Carlos Barrios. <\/p>\n","protected":false},"excerpt":{"rendered":"<p>Autor: Es propiedad de Nicasio Garc\u00edaImpresor: Sin informaci\u00f3nTama\u00f1o: 28,2 x 37,5 cmClasificaci\u00f3n: 414 G216e Caja N\u00b01b El anuncio del eclipse de sol el 16 de abril Adivinanza Despedida Despedida de un anjel Nota: Este ejemplar tiene escrito a mano con l\u00e1piz rojo \u201c414\u201d Nota: se refiere al eclipse total del sol acontecido el 16 de [&hellip;]<\/p>\n","protected":false},"author":1,"featured_media":0,"parent":0,"menu_order":0,"comment_status":"closed","ping_status":"closed","template":"","meta":{"footnotes":""},"class_list":["post-4972","page","type-page","status-publish","hentry"],"jetpack_sharing_enabled":true,"_links":{"self":[{"href":"https:\/\/www.lirapopular.cl\/lirapopularxix\/wp-json\/wp\/v2\/pages\/4972","targetHints":{"allow":["GET"]}}],"collection":[{"href":"https:\/\/www.lirapopular.cl\/lirapopularxix\/wp-json\/wp\/v2\/pages"}],"about":[{"href":"https:\/\/www.lirapopular.cl\/lirapopularxix\/wp-json\/wp\/v2\/types\/page"}],"author":[{"embeddable":true,"href":"https:\/\/www.lirapopular.cl\/lirapopularxix\/wp-json\/wp\/v2\/users\/1"}],"replies":[{"embeddable":true,"href":"https:\/\/www.lirapopular.cl\/lirapopularxix\/wp-json\/wp\/v2\/comments?post=4972"}],"version-history":[{"count":0,"href":"https:\/\/www.lirapopular.cl\/lirapopularxix\/wp-json\/wp\/v2\/pages\/4972\/revisions"}],"wp:attachment":[{"href":"https:\/\/www.lirapopular.cl\/lirapopularxix\/wp-json\/wp\/v2\/media?parent=4972"}],"curies":[{"name":"wp","href":"https:\/\/api.w.org\/{rel}","templated":true}]}}