{"id":496,"date":"2019-06-10T12:05:38","date_gmt":"2019-06-10T16:05:38","guid":{"rendered":"https:\/\/www.lirapopular.cl\/lirapopularxix\/?page_id=496"},"modified":"2019-06-10T12:05:38","modified_gmt":"2019-06-10T16:05:38","slug":"gran-fenomeno-marino","status":"publish","type":"page","link":"https:\/\/www.lirapopular.cl\/lirapopularxix\/gran-fenomeno-marino\/","title":{"rendered":"GRAN FEN\u00d3MENO MARINO"},"content":{"rendered":"\n<div class=\"wp-block-image\"><figure class=\"alignright\"><a href=\"https:\/\/www.lirapopular.cl\/lirapopularxix\/wp-content\/uploads\/2019\/06\/357.jpg\"><img loading=\"lazy\" decoding=\"async\" width=\"235\" height=\"300\" src=\"https:\/\/www.lirapopular.cl\/lirapopularxix\/wp-content\/uploads\/2019\/06\/357-235x300.jpg\" alt=\"\" class=\"wp-image-497\" srcset=\"https:\/\/www.lirapopular.cl\/lirapopularxix\/wp-content\/uploads\/2019\/06\/357-235x300.jpg 235w, https:\/\/www.lirapopular.cl\/lirapopularxix\/wp-content\/uploads\/2019\/06\/357-768x980.jpg 768w, https:\/\/www.lirapopular.cl\/lirapopularxix\/wp-content\/uploads\/2019\/06\/357.jpg 784w\" sizes=\"auto, (max-width: 235px) 100vw, 235px\" \/><\/a><figcaption>Colecci\u00f3n Lira Popular de la <br>Universidad de Chile<\/figcaption><\/figure><\/div>\n\n\n\n<p>Autor: J. Hip\u00f3lito Cordero. Calle de Benavente, n\u00fam. 24.<br>Impresor: Sin informaci\u00f3n.<br>Tama\u00f1o: 27,5 x 35,6 cm<br>Clasificaci\u00f3n: 357 C794g Caja N\u00b01b, BN C\u00f3digo:&nbsp;&nbsp;LO0012616, BN C\u00f3digo: LO0012621<\/p>\n\n\n\n<ul class=\"wp-block-list\"><li><a href=\"https:\/\/www.lirapopular.cl\/lirapopularxix\/2019\/06\/10\/grn-fenomenomarino-visto-en-el-callao\/\"><\/a><a href=\"https:\/\/www.lirapopular.cl\/lirapopularxix\/2019\/06\/10\/grn-fenomenomarino-visto-en-el-callao\/\">Gran fen\u00f3meno marino visto en el Callao<\/a><\/li><li><a href=\"https:\/\/www.lirapopular.cl\/lirapopularxix\/2019\/06\/10\/contestaciona-la-pregunta-del-poetameneses\/\">Constestaci\u00f3n a la pregunta del poeta Meneses<\/a><\/li><li><a href=\"https:\/\/www.lirapopular.cl\/lirapopularxix\/2019\/06\/10\/al-mismo-poeta-2\/\">Al mismo poeta<\/a><\/li><li><a href=\"https:\/\/www.lirapopular.cl\/lirapopularxix\/2019\/06\/10\/testamentodel-ya-nombrado-poeta-meneses\/\">Testamento del ya nombrado poeta Meneses<\/a><\/li><\/ul>\n\n\n\n<p><span style=\"color:#ffffff\" class=\"has-inline-color\">.<\/span><\/p>\n\n\n\n<p><span style=\"color:#ffffff\" class=\"has-inline-color\">.<\/span><\/p>\n\n\n\n<p><span style=\"color:#ffffff\" class=\"has-inline-color\">.<\/span><\/p>\n\n\n\n<div class=\"wp-block-image\"><figure class=\"alignright size-medium\"><a href=\"https:\/\/www.lirapopular.cl\/lirapopularxix\/wp-content\/uploads\/2020\/07\/LO0012616.jpg\"><img loading=\"lazy\" decoding=\"async\" width=\"300\" height=\"191\" src=\"https:\/\/www.lirapopular.cl\/lirapopularxix\/wp-content\/uploads\/2020\/07\/LO0012616-300x191.jpg\" alt=\"\" class=\"wp-image-10903\" srcset=\"https:\/\/www.lirapopular.cl\/lirapopularxix\/wp-content\/uploads\/2020\/07\/LO0012616-300x191.jpg 300w, https:\/\/www.lirapopular.cl\/lirapopularxix\/wp-content\/uploads\/2020\/07\/LO0012616-768x488.jpg 768w, https:\/\/www.lirapopular.cl\/lirapopularxix\/wp-content\/uploads\/2020\/07\/LO0012616.jpg 1000w\" sizes=\"auto, (max-width: 300px) 100vw, 300px\" \/><\/a><figcaption>Archivo de Literatura Oral<br>Colecci\u00f3n Alamiro de \u00c1vila<\/figcaption><\/figure><\/div>\n\n\n\n<p>Nota: El 1er ejemplar tiene escrito a mano con l\u00e1piz rojo \u201c357\u201d<br>El 2\u00ba ejemplar tiene escrito a mano con l\u00e1piz azul \u201c51\u201d y con plum\u00f3n &#8220;290&#8221;. En el reverso con l\u00e1piz &#8220;112&#8221;.<br>El 3er ejemplar tiene escrito a mano con plum\u00f3n \u201c295\u201d. En el reverso con l\u00e1piz &#8220;290&#8221;.<\/p>\n\n\n\n<p>Documentos optimizados digitalmente.<\/p>\n\n\n\n<p><span style=\"color:#ffffff\" class=\"has-inline-color\">.<\/span><\/p>\n\n\n\n<div class=\"wp-block-image\"><figure class=\"alignright size-medium\"><a href=\"https:\/\/www.lirapopular.cl\/lirapopularxix\/wp-content\/uploads\/2020\/07\/LO0012621.jpg\"><img loading=\"lazy\" decoding=\"async\" width=\"300\" height=\"202\" src=\"https:\/\/www.lirapopular.cl\/lirapopularxix\/wp-content\/uploads\/2020\/07\/LO0012621-300x202.jpg\" alt=\"\" class=\"wp-image-10905\" srcset=\"https:\/\/www.lirapopular.cl\/lirapopularxix\/wp-content\/uploads\/2020\/07\/LO0012621-300x202.jpg 300w, https:\/\/www.lirapopular.cl\/lirapopularxix\/wp-content\/uploads\/2020\/07\/LO0012621-768x518.jpg 768w, https:\/\/www.lirapopular.cl\/lirapopularxix\/wp-content\/uploads\/2020\/07\/LO0012621.jpg 1000w\" sizes=\"auto, (max-width: 300px) 100vw, 300px\" \/><\/a><figcaption>Archivo de Literatura Oral<br>Colecci\u00f3n Alamiro de \u00c1vila<\/figcaption><\/figure><\/div>\n","protected":false},"excerpt":{"rendered":"<p>Autor: J. Hip\u00f3lito Cordero. Calle de Benavente, n\u00fam. 24.Impresor: Sin informaci\u00f3n.Tama\u00f1o: 27,5 x 35,6 cmClasificaci\u00f3n: 357 C794g Caja N\u00b01b, BN C\u00f3digo:&nbsp;&nbsp;LO0012616, BN C\u00f3digo: LO0012621 Gran fen\u00f3meno marino visto en el Callao Constestaci\u00f3n a la pregunta del poeta Meneses Al mismo poeta Testamento del ya nombrado poeta Meneses . . . Nota: El 1er ejemplar tiene [&hellip;]<\/p>\n","protected":false},"author":1,"featured_media":0,"parent":0,"menu_order":0,"comment_status":"closed","ping_status":"closed","template":"","meta":{"footnotes":""},"class_list":["post-496","page","type-page","status-publish","hentry"],"jetpack_sharing_enabled":true,"_links":{"self":[{"href":"https:\/\/www.lirapopular.cl\/lirapopularxix\/wp-json\/wp\/v2\/pages\/496","targetHints":{"allow":["GET"]}}],"collection":[{"href":"https:\/\/www.lirapopular.cl\/lirapopularxix\/wp-json\/wp\/v2\/pages"}],"about":[{"href":"https:\/\/www.lirapopular.cl\/lirapopularxix\/wp-json\/wp\/v2\/types\/page"}],"author":[{"embeddable":true,"href":"https:\/\/www.lirapopular.cl\/lirapopularxix\/wp-json\/wp\/v2\/users\/1"}],"replies":[{"embeddable":true,"href":"https:\/\/www.lirapopular.cl\/lirapopularxix\/wp-json\/wp\/v2\/comments?post=496"}],"version-history":[{"count":0,"href":"https:\/\/www.lirapopular.cl\/lirapopularxix\/wp-json\/wp\/v2\/pages\/496\/revisions"}],"wp:attachment":[{"href":"https:\/\/www.lirapopular.cl\/lirapopularxix\/wp-json\/wp\/v2\/media?parent=496"}],"curies":[{"name":"wp","href":"https:\/\/api.w.org\/{rel}","templated":true}]}}