{"id":4957,"date":"2019-11-29T15:57:04","date_gmt":"2019-11-29T19:57:04","guid":{"rendered":"https:\/\/www.lirapopular.cl\/lirapopularxix\/?page_id=4957"},"modified":"2019-11-29T15:57:04","modified_gmt":"2019-11-29T19:57:04","slug":"contra-punto-de-um-futre-con-un-huaso","status":"publish","type":"page","link":"https:\/\/www.lirapopular.cl\/lirapopularxix\/contra-punto-de-um-futre-con-un-huaso\/","title":{"rendered":"CONTRA-PUNTO <BR>DE UM <BR>FUTRE CON UN HUASO"},"content":{"rendered":"\n<div class=\"wp-block-image\"><figure class=\"alignright size-medium\"><a href=\"https:\/\/www.lirapopular.cl\/lirapopularxix\/wp-content\/uploads\/2019\/11\/413.jpg\"><img loading=\"lazy\" decoding=\"async\" width=\"200\" height=\"300\" src=\"https:\/\/www.lirapopular.cl\/lirapopularxix\/wp-content\/uploads\/2019\/11\/413-200x300.jpg\" alt=\"\" class=\"wp-image-4958\" srcset=\"https:\/\/www.lirapopular.cl\/lirapopularxix\/wp-content\/uploads\/2019\/11\/413-200x300.jpg 200w, https:\/\/www.lirapopular.cl\/lirapopularxix\/wp-content\/uploads\/2019\/11\/413.jpg 667w\" sizes=\"auto, (max-width: 200px) 100vw, 200px\" \/><\/a><figcaption>Colecci\u00f3n Lira Popular de la Universidad de Chile<\/figcaption><\/figure><\/div>\n\n\n\n<p>Autor: Nicasio Garc\u00eda<br>Impresor: Sin informaci\u00f3n <br>Tama\u00f1o: 23,5 x 36 cm<br>Clasificaci\u00f3n: 413 G216c Caja N\u00b01b<\/p>\n\n\n\n<ul class=\"wp-block-list\"><li><a href=\"https:\/\/www.lirapopular.cl\/lirapopularxix\/2019\/11\/29\/contra-punto-de-un-futre-con-un-huaso-el-futre\/\">Contra-punto de un futre con un huaso el futre<\/a><\/li><li><a href=\"https:\/\/www.lirapopular.cl\/lirapopularxix\/2019\/11\/29\/contestacion-del-huaso-4\/\">Contestaci\u00f3n del huaso<\/a><\/li><li><a href=\"https:\/\/www.lirapopular.cl\/lirapopularxix\/2019\/11\/29\/el-nombre-de-mis-queridas\/\">El nombre de mis queridas<\/a><\/li><li><a href=\"https:\/\/www.lirapopular.cl\/lirapopularxix\/2019\/11\/29\/mama-chepa-con-lepidia\/\">Mama Chepa con lepidia<\/a><\/li><\/ul>\n\n\n\n<p>Nota: Este ejemplar tiene escrito a mano con l\u00e1piz rojo \u201c413\u201d<\/p>\n","protected":false},"excerpt":{"rendered":"<p>Autor: Nicasio Garc\u00edaImpresor: Sin informaci\u00f3n Tama\u00f1o: 23,5 x 36 cmClasificaci\u00f3n: 413 G216c Caja N\u00b01b Contra-punto de un futre con un huaso el futre Contestaci\u00f3n del huaso El nombre de mis queridas Mama Chepa con lepidia Nota: Este ejemplar tiene escrito a mano con l\u00e1piz rojo \u201c413\u201d<\/p>\n","protected":false},"author":1,"featured_media":0,"parent":0,"menu_order":0,"comment_status":"closed","ping_status":"closed","template":"","meta":{"footnotes":""},"class_list":["post-4957","page","type-page","status-publish","hentry"],"jetpack_sharing_enabled":true,"_links":{"self":[{"href":"https:\/\/www.lirapopular.cl\/lirapopularxix\/wp-json\/wp\/v2\/pages\/4957","targetHints":{"allow":["GET"]}}],"collection":[{"href":"https:\/\/www.lirapopular.cl\/lirapopularxix\/wp-json\/wp\/v2\/pages"}],"about":[{"href":"https:\/\/www.lirapopular.cl\/lirapopularxix\/wp-json\/wp\/v2\/types\/page"}],"author":[{"embeddable":true,"href":"https:\/\/www.lirapopular.cl\/lirapopularxix\/wp-json\/wp\/v2\/users\/1"}],"replies":[{"embeddable":true,"href":"https:\/\/www.lirapopular.cl\/lirapopularxix\/wp-json\/wp\/v2\/comments?post=4957"}],"version-history":[{"count":0,"href":"https:\/\/www.lirapopular.cl\/lirapopularxix\/wp-json\/wp\/v2\/pages\/4957\/revisions"}],"wp:attachment":[{"href":"https:\/\/www.lirapopular.cl\/lirapopularxix\/wp-json\/wp\/v2\/media?parent=4957"}],"curies":[{"name":"wp","href":"https:\/\/api.w.org\/{rel}","templated":true}]}}