{"id":4936,"date":"2019-11-24T12:14:20","date_gmt":"2019-11-24T16:14:20","guid":{"rendered":"https:\/\/www.lirapopular.cl\/lirapopularxix\/?page_id=4936"},"modified":"2019-11-24T12:14:20","modified_gmt":"2019-11-24T16:14:20","slug":"la-pasion-de-cristo","status":"publish","type":"page","link":"https:\/\/www.lirapopular.cl\/lirapopularxix\/la-pasion-de-cristo\/","title":{"rendered":"LA PASION DE CRISTO"},"content":{"rendered":"\n<div class=\"wp-block-image\"><figure class=\"alignright size-medium\"><a href=\"https:\/\/www.lirapopular.cl\/lirapopularxix\/wp-content\/uploads\/2019\/11\/412.jpg\"><img loading=\"lazy\" decoding=\"async\" width=\"263\" height=\"300\" src=\"https:\/\/www.lirapopular.cl\/lirapopularxix\/wp-content\/uploads\/2019\/11\/412-263x300.jpg\" alt=\"\" class=\"wp-image-4937\" srcset=\"https:\/\/www.lirapopular.cl\/lirapopularxix\/wp-content\/uploads\/2019\/11\/412-263x300.jpg 263w, https:\/\/www.lirapopular.cl\/lirapopularxix\/wp-content\/uploads\/2019\/11\/412-768x878.jpg 768w, https:\/\/www.lirapopular.cl\/lirapopularxix\/wp-content\/uploads\/2019\/11\/412.jpg 875w\" sizes=\"auto, (max-width: 263px) 100vw, 263px\" \/><\/a><figcaption>Colecci\u00f3n Lira Popular de la Universidad de Chile<\/figcaption><\/figure><\/div>\n\n\n\n<p>Autor: Nicasio Garc\u00eda<br>Impresor: Sin informaci\u00f3n<br>Tama\u00f1o: 22,8 x 26 cm<br>Clasificaci\u00f3n: 412 G216p Caja N\u00b01b<\/p>\n\n\n\n<ul class=\"wp-block-list\"><li><a href=\"https:\/\/www.lirapopular.cl\/lirapopularxix\/2019\/11\/24\/la-pasion-de-cristo\/\">La pasi\u00f3n de Cristo<\/a><\/li><li><a href=\"https:\/\/www.lirapopular.cl\/lirapopularxix\/2019\/11\/24\/despedida-2\/\">Despedida<\/a><\/li><li><a href=\"https:\/\/www.lirapopular.cl\/lirapopularxix\/2019\/11\/24\/literatura-5\/\">Literatura<\/a><\/li><li><a href=\"https:\/\/www.lirapopular.cl\/lirapopularxix\/2019\/11\/24\/literatura-6\/\">Literatura<\/a><\/li><\/ul>\n\n\n\n<p>Nota: Este ejemplar tiene escrito a mano con l\u00e1piz rojo \u201c412\u201d<\/p>\n","protected":false},"excerpt":{"rendered":"<p>Autor: Nicasio Garc\u00edaImpresor: Sin informaci\u00f3nTama\u00f1o: 22,8 x 26 cmClasificaci\u00f3n: 412 G216p Caja N\u00b01b La pasi\u00f3n de Cristo Despedida Literatura Literatura Nota: Este ejemplar tiene escrito a mano con l\u00e1piz rojo \u201c412\u201d<\/p>\n","protected":false},"author":1,"featured_media":0,"parent":0,"menu_order":0,"comment_status":"closed","ping_status":"closed","template":"","meta":{"footnotes":""},"class_list":["post-4936","page","type-page","status-publish","hentry"],"jetpack_sharing_enabled":true,"_links":{"self":[{"href":"https:\/\/www.lirapopular.cl\/lirapopularxix\/wp-json\/wp\/v2\/pages\/4936","targetHints":{"allow":["GET"]}}],"collection":[{"href":"https:\/\/www.lirapopular.cl\/lirapopularxix\/wp-json\/wp\/v2\/pages"}],"about":[{"href":"https:\/\/www.lirapopular.cl\/lirapopularxix\/wp-json\/wp\/v2\/types\/page"}],"author":[{"embeddable":true,"href":"https:\/\/www.lirapopular.cl\/lirapopularxix\/wp-json\/wp\/v2\/users\/1"}],"replies":[{"embeddable":true,"href":"https:\/\/www.lirapopular.cl\/lirapopularxix\/wp-json\/wp\/v2\/comments?post=4936"}],"version-history":[{"count":0,"href":"https:\/\/www.lirapopular.cl\/lirapopularxix\/wp-json\/wp\/v2\/pages\/4936\/revisions"}],"wp:attachment":[{"href":"https:\/\/www.lirapopular.cl\/lirapopularxix\/wp-json\/wp\/v2\/media?parent=4936"}],"curies":[{"name":"wp","href":"https:\/\/api.w.org\/{rel}","templated":true}]}}