{"id":4875,"date":"2019-11-20T11:02:53","date_gmt":"2019-11-20T15:02:53","guid":{"rendered":"https:\/\/www.lirapopular.cl\/lirapopularxix\/?page_id=4875"},"modified":"2019-11-20T11:02:53","modified_gmt":"2019-11-20T15:02:53","slug":"regalos-a-maria","status":"publish","type":"page","link":"https:\/\/www.lirapopular.cl\/lirapopularxix\/regalos-a-maria\/","title":{"rendered":"REGALOS A MARIA"},"content":{"rendered":"\n<div class=\"wp-block-image\"><figure class=\"alignright size-medium\"><a href=\"https:\/\/www.lirapopular.cl\/lirapopularxix\/wp-content\/uploads\/2019\/11\/409.jpg\"><img decoding=\"async\" src=\"https:\/\/www.lirapopular.cl\/lirapopularxix\/wp-content\/uploads\/2019\/11\/409-268x300.jpg\" alt=\"\" class=\"wp-image-4876\"\/><\/a><figcaption>Colecci\u00f3n Lira Popular de la Universidad de Chile<\/figcaption><\/figure><\/div>\n\n\n\n<p>Autor: Nicasio Garc\u00eda<br>Impresor: Sin informaci\u00f3n<br>Tama\u00f1o: 23,4 x 26,4 cm<br>Clasificaci\u00f3n: 409 G216r Caja N\u00b01b<\/p>\n\n\n\n<ul class=\"wp-block-list\"><li><a href=\"https:\/\/www.lirapopular.cl\/lirapopularxix\/2019\/11\/20\/regalos-a-maria\/\">Regalos a Mar\u00eda<\/a><\/li><li><a href=\"https:\/\/www.lirapopular.cl\/lirapopularxix\/2019\/11\/20\/otra\/\">Otra<\/a><\/li><li><a href=\"https:\/\/www.lirapopular.cl\/lirapopularxix\/2019\/11\/20\/otra-2\/\">Otra<\/a><\/li><li><a href=\"https:\/\/www.lirapopular.cl\/lirapopularxix\/2019\/11\/20\/otra-3\/\">Otra<\/a><\/li><li><a href=\"https:\/\/www.lirapopular.cl\/lirapopularxix\/2019\/11\/20\/otra-4\/\">Otra<\/a><\/li><li><a href=\"https:\/\/www.lirapopular.cl\/lirapopularxix\/2019\/11\/20\/otra-5\/\">Otra<\/a><\/li><li><a href=\"https:\/\/www.lirapopular.cl\/lirapopularxix\/2019\/11\/20\/otra-6\/\">Otra<\/a><\/li><li><a href=\"https:\/\/www.lirapopular.cl\/lirapopularxix\/2019\/11\/20\/otra-7\/\">Otra<\/a><\/li><li><a href=\"https:\/\/www.lirapopular.cl\/lirapopularxix\/2019\/11\/20\/otra-8\/\">Otra<\/a><\/li><\/ul>\n\n\n\n<p>Nota: Este ejemplar tiene escrito a mano con l\u00e1piz rojo \u201c409\u201d<\/p>\n","protected":false},"excerpt":{"rendered":"<p>Autor: Nicasio Garc\u00edaImpresor: Sin informaci\u00f3nTama\u00f1o: 23,4 x 26,4 cmClasificaci\u00f3n: 409 G216r Caja N\u00b01b Regalos a Mar\u00eda Otra Otra Otra Otra Otra Otra Otra Otra Nota: Este ejemplar tiene escrito a mano con l\u00e1piz rojo \u201c409\u201d<\/p>\n","protected":false},"author":1,"featured_media":0,"parent":0,"menu_order":0,"comment_status":"closed","ping_status":"closed","template":"","meta":{"footnotes":""},"class_list":["post-4875","page","type-page","status-publish","hentry"],"jetpack_sharing_enabled":true,"_links":{"self":[{"href":"https:\/\/www.lirapopular.cl\/lirapopularxix\/wp-json\/wp\/v2\/pages\/4875","targetHints":{"allow":["GET"]}}],"collection":[{"href":"https:\/\/www.lirapopular.cl\/lirapopularxix\/wp-json\/wp\/v2\/pages"}],"about":[{"href":"https:\/\/www.lirapopular.cl\/lirapopularxix\/wp-json\/wp\/v2\/types\/page"}],"author":[{"embeddable":true,"href":"https:\/\/www.lirapopular.cl\/lirapopularxix\/wp-json\/wp\/v2\/users\/1"}],"replies":[{"embeddable":true,"href":"https:\/\/www.lirapopular.cl\/lirapopularxix\/wp-json\/wp\/v2\/comments?post=4875"}],"version-history":[{"count":0,"href":"https:\/\/www.lirapopular.cl\/lirapopularxix\/wp-json\/wp\/v2\/pages\/4875\/revisions"}],"wp:attachment":[{"href":"https:\/\/www.lirapopular.cl\/lirapopularxix\/wp-json\/wp\/v2\/media?parent=4875"}],"curies":[{"name":"wp","href":"https:\/\/api.w.org\/{rel}","templated":true}]}}