{"id":4741,"date":"2019-11-15T08:48:29","date_gmt":"2019-11-15T12:48:29","guid":{"rendered":"https:\/\/www.lirapopular.cl\/lirapopularxix\/?page_id=4741"},"modified":"2019-11-15T08:48:29","modified_gmt":"2019-11-15T12:48:29","slug":"los-asesinos-del-senor-velasco","status":"publish","type":"page","link":"https:\/\/www.lirapopular.cl\/lirapopularxix\/los-asesinos-del-senor-velasco\/","title":{"rendered":"Los asesinos del se\u00f1or Velasco"},"content":{"rendered":"<div class=\"wp-block-image\">\n<figure class=\"alignright size-medium\"><a href=\"https:\/\/www.lirapopular.cl\/lirapopularxix\/wp-content\/uploads\/2024\/04\/667.jpg\"><img loading=\"lazy\" decoding=\"async\" width=\"179\" height=\"300\" src=\"https:\/\/www.lirapopular.cl\/lirapopularxix\/wp-content\/uploads\/2024\/04\/667-179x300.jpg\" alt=\"\" class=\"wp-image-27586\" srcset=\"https:\/\/www.lirapopular.cl\/lirapopularxix\/wp-content\/uploads\/2024\/04\/667-179x300.jpg 179w, https:\/\/www.lirapopular.cl\/lirapopularxix\/wp-content\/uploads\/2024\/04\/667.jpg 596w\" sizes=\"auto, (max-width: 179px) 100vw, 179px\" \/><\/a><figcaption class=\"wp-element-caption\">Colecci\u00f3n Lira Popular de la Universidad de Chile<\/figcaption><\/figure>\n<\/div>\n\n\n<p>Autor: Ventura Espinoza<br>Impresor: Imp. \u00abSantiago\u00bb, Hu\u00e9rfanos, 46-D.<br>Tama\u00f1o: 50 x 31 cm<br>Clasificaci\u00f3n: 667 E77 Caja N\u00b03a<\/p>\n\n\n\n<ul class=\"wp-block-list\">\n<li><a href=\"https:\/\/www.lirapopular.cl\/lirapopularxix\/2019\/11\/15\/ejecucion-de-cuatro-reos\/\">Ejecuci\u00f3n de cuatro reos<\/a><\/li>\n\n\n\n<li><a href=\"https:\/\/www.lirapopular.cl\/lirapopularxix\/2019\/11\/15\/cuarteta-manuscrita\/\">D\u00e9cima manuscrita al reverso<\/a><\/li>\n<\/ul>\n\n\n\n<p>Nota: Nombre de los reos al pie de im\u00e1genes: Constancio Cofr\u00e9, Epifanio Cofr\u00e9, Ramon Romero, Adolfo Nieres, C\u00e1rlos Miranda<br>Ejemplar fechado en la impresi\u00f3n: Santiago, Noviembre 19 de 1892<br>El 1er ejemplar tiene escrito a mano con l\u00e1piz rojo \u201c667\u201d<br>Por error en la impresi\u00f3n la base de la lira aparece repetida<br>Reverso: Dibujos por el reverso que modifican la imagen frontal del impreso.<br>Cuarteta manuscrita firmada por Manuel Aravena.<br>El 2\u00ba ejemplar tiene escrito a mano con l\u00e1piz rojo \u201c-15-\u201d y con azul &#8220;54&#8221;.<br>Documentos optimizados digitalmente.<\/p>\n\n\n\n<p><span class=\"has-inline-color has-white-color\">.<\/span><\/p>\n\n\n<div class=\"wp-block-image\">\n<figure class=\"alignright size-medium\"><a href=\"https:\/\/www.lirapopular.cl\/lirapopularxix\/wp-content\/uploads\/2024\/04\/667rev.jpg\"><img loading=\"lazy\" decoding=\"async\" width=\"209\" height=\"300\" src=\"https:\/\/www.lirapopular.cl\/lirapopularxix\/wp-content\/uploads\/2024\/04\/667rev-209x300.jpg\" alt=\"\" class=\"wp-image-27587\" srcset=\"https:\/\/www.lirapopular.cl\/lirapopularxix\/wp-content\/uploads\/2024\/04\/667rev-209x300.jpg 209w, https:\/\/www.lirapopular.cl\/lirapopularxix\/wp-content\/uploads\/2024\/04\/667rev.jpg 696w\" sizes=\"auto, (max-width: 209px) 100vw, 209px\" \/><\/a><figcaption class=\"wp-element-caption\">Colecci\u00f3n Lira Popular de la Universidad de Chile<\/figcaption><\/figure>\n<\/div>\n\n\n<p><span class=\"has-inline-color has-white-color\">.<\/span><\/p>\n\n\n\n<p><span class=\"has-inline-color has-white-color\">.<\/span><\/p>\n\n\n\n<p><span class=\"has-inline-color has-white-color\">.<\/span><\/p>\n\n\n\n<p><span class=\"has-inline-color has-white-color\">.<\/span><\/p>\n\n\n\n<p><span class=\"has-inline-color has-white-color\">.<\/span><\/p>\n\n\n\n<p><span class=\"has-inline-color has-white-color\">.<\/span><\/p>\n\n\n\n<p><span class=\"has-inline-color has-white-color\">.<\/span><\/p>\n\n\n\n<p><span class=\"has-inline-color has-white-color\">.<\/span><\/p>\n\n\n<div class=\"wp-block-image is-style-default\">\n<figure class=\"alignright size-medium\"><a href=\"https:\/\/www.lirapopular.cl\/lirapopularxix\/wp-content\/uploads\/2021\/11\/LO0012277.jpg\"><img loading=\"lazy\" decoding=\"async\" width=\"181\" height=\"300\" src=\"https:\/\/www.lirapopular.cl\/lirapopularxix\/wp-content\/uploads\/2021\/11\/LO0012277-181x300.jpg\" alt=\"\" class=\"wp-image-26704\" srcset=\"https:\/\/www.lirapopular.cl\/lirapopularxix\/wp-content\/uploads\/2021\/11\/LO0012277-181x300.jpg 181w, https:\/\/www.lirapopular.cl\/lirapopularxix\/wp-content\/uploads\/2021\/11\/LO0012277.jpg 602w\" sizes=\"auto, (max-width: 181px) 100vw, 181px\" \/><\/a><figcaption class=\"wp-element-caption\">Archivo de Literatura Oral<br>Fondo Rodolfo Lenz<\/figcaption><\/figure>\n<\/div>","protected":false},"excerpt":{"rendered":"<p>Autor: Ventura EspinozaImpresor: Imp. \u00abSantiago\u00bb, Hu\u00e9rfanos, 46-D.Tama\u00f1o: 50 x 31 cmClasificaci\u00f3n: 667 E77 Caja N\u00b03a Nota: Nombre de los reos al pie de im\u00e1genes: Constancio Cofr\u00e9, Epifanio Cofr\u00e9, Ramon Romero, Adolfo Nieres, C\u00e1rlos MirandaEjemplar fechado en la impresi\u00f3n: Santiago, Noviembre 19 de 1892El 1er ejemplar tiene escrito a mano con l\u00e1piz rojo \u201c667\u201dPor error en [&hellip;]<\/p>\n","protected":false},"author":1,"featured_media":0,"parent":0,"menu_order":0,"comment_status":"closed","ping_status":"closed","template":"","meta":{"footnotes":""},"class_list":["post-4741","page","type-page","status-publish","hentry"],"jetpack_sharing_enabled":true,"_links":{"self":[{"href":"https:\/\/www.lirapopular.cl\/lirapopularxix\/wp-json\/wp\/v2\/pages\/4741","targetHints":{"allow":["GET"]}}],"collection":[{"href":"https:\/\/www.lirapopular.cl\/lirapopularxix\/wp-json\/wp\/v2\/pages"}],"about":[{"href":"https:\/\/www.lirapopular.cl\/lirapopularxix\/wp-json\/wp\/v2\/types\/page"}],"author":[{"embeddable":true,"href":"https:\/\/www.lirapopular.cl\/lirapopularxix\/wp-json\/wp\/v2\/users\/1"}],"replies":[{"embeddable":true,"href":"https:\/\/www.lirapopular.cl\/lirapopularxix\/wp-json\/wp\/v2\/comments?post=4741"}],"version-history":[{"count":0,"href":"https:\/\/www.lirapopular.cl\/lirapopularxix\/wp-json\/wp\/v2\/pages\/4741\/revisions"}],"wp:attachment":[{"href":"https:\/\/www.lirapopular.cl\/lirapopularxix\/wp-json\/wp\/v2\/media?parent=4741"}],"curies":[{"name":"wp","href":"https:\/\/api.w.org\/{rel}","templated":true}]}}