{"id":4724,"date":"2019-11-15T08:15:33","date_gmt":"2019-11-15T12:15:33","guid":{"rendered":"https:\/\/www.lirapopular.cl\/lirapopularxix\/?page_id=4724"},"modified":"2019-11-15T08:15:33","modified_gmt":"2019-11-15T12:15:33","slug":"contrapunto-de-un-militar-con-un-paisano","status":"publish","type":"page","link":"https:\/\/www.lirapopular.cl\/lirapopularxix\/contrapunto-de-un-militar-con-un-paisano\/","title":{"rendered":"CONTRAPUNTO <br>DE UN MILITAR CON UN PAISANO"},"content":{"rendered":"<div class=\"wp-block-image\">\n<figure class=\"alignright size-medium\"><a href=\"https:\/\/www.lirapopular.cl\/lirapopularxix\/wp-content\/uploads\/2024\/04\/679.jpg\"><img loading=\"lazy\" decoding=\"async\" width=\"218\" height=\"300\" src=\"https:\/\/www.lirapopular.cl\/lirapopularxix\/wp-content\/uploads\/2024\/04\/679-218x300.jpg\" alt=\"\" class=\"wp-image-27487\" srcset=\"https:\/\/www.lirapopular.cl\/lirapopularxix\/wp-content\/uploads\/2024\/04\/679-218x300.jpg 218w, https:\/\/www.lirapopular.cl\/lirapopularxix\/wp-content\/uploads\/2024\/04\/679.jpg 725w\" sizes=\"auto, (max-width: 218px) 100vw, 218px\" \/><\/a><figcaption class=\"wp-element-caption\">Colecci\u00f3n Lira Popular de la Universidad de Chile<\/figcaption><\/figure>\n<\/div>\n\n\n<p>Autor: ELEAERRE<br>Impresor: Sin informaci\u00f3n<br>Tama\u00f1o: 25,2 x 34,8 cm<br>Clasificaci\u00f3n: 679 E38 Caja N\u00b03a<\/p>\n\n\n\n<ul class=\"wp-block-list\">\n<li><a href=\"https:\/\/www.lirapopular.cl\/lirapopularxix\/2019\/11\/15\/contrapunto-de-un-militar-con-un-paisano\/\">Contrapunto de un militar con un paisano<\/a><\/li>\n\n\n\n<li><a href=\"https:\/\/www.lirapopular.cl\/lirapopularxix\/2019\/11\/15\/el-aprecio-del-militar\/\">El aprecio del Militar<\/a><\/li>\n\n\n\n<li><a href=\"https:\/\/www.lirapopular.cl\/lirapopularxix\/2019\/11\/15\/lamentos-de-un-borracho\/\">Lamentos de un borracho.<\/a><\/li>\n<\/ul>\n\n\n\n<p>Nota: Este ejemplar tiene escrito a mano con l\u00e1piz rojo \u201c679\u201d<\/p>\n","protected":false},"excerpt":{"rendered":"<p>Autor: ELEAERREImpresor: Sin informaci\u00f3nTama\u00f1o: 25,2 x 34,8 cmClasificaci\u00f3n: 679 E38 Caja N\u00b03a Nota: Este ejemplar tiene escrito a mano con l\u00e1piz rojo \u201c679\u201d<\/p>\n","protected":false},"author":1,"featured_media":0,"parent":0,"menu_order":0,"comment_status":"closed","ping_status":"closed","template":"","meta":{"footnotes":""},"class_list":["post-4724","page","type-page","status-publish","hentry"],"jetpack_sharing_enabled":true,"_links":{"self":[{"href":"https:\/\/www.lirapopular.cl\/lirapopularxix\/wp-json\/wp\/v2\/pages\/4724","targetHints":{"allow":["GET"]}}],"collection":[{"href":"https:\/\/www.lirapopular.cl\/lirapopularxix\/wp-json\/wp\/v2\/pages"}],"about":[{"href":"https:\/\/www.lirapopular.cl\/lirapopularxix\/wp-json\/wp\/v2\/types\/page"}],"author":[{"embeddable":true,"href":"https:\/\/www.lirapopular.cl\/lirapopularxix\/wp-json\/wp\/v2\/users\/1"}],"replies":[{"embeddable":true,"href":"https:\/\/www.lirapopular.cl\/lirapopularxix\/wp-json\/wp\/v2\/comments?post=4724"}],"version-history":[{"count":0,"href":"https:\/\/www.lirapopular.cl\/lirapopularxix\/wp-json\/wp\/v2\/pages\/4724\/revisions"}],"wp:attachment":[{"href":"https:\/\/www.lirapopular.cl\/lirapopularxix\/wp-json\/wp\/v2\/media?parent=4724"}],"curies":[{"name":"wp","href":"https:\/\/api.w.org\/{rel}","templated":true}]}}