{"id":4684,"date":"2019-11-12T20:56:14","date_gmt":"2019-11-13T00:56:14","guid":{"rendered":"https:\/\/www.lirapopular.cl\/lirapopularxix\/?page_id=4684"},"modified":"2019-11-12T20:56:14","modified_gmt":"2019-11-13T00:56:14","slug":"espantoso-suceso-el-marido-que-matio-a-la-mujer-y-los-ultimos-detalles-de-los-fusilados-en-santiago","status":"publish","type":"page","link":"https:\/\/www.lirapopular.cl\/lirapopularxix\/espantoso-suceso-el-marido-que-matio-a-la-mujer-y-los-ultimos-detalles-de-los-fusilados-en-santiago\/","title":{"rendered":"ESPANTOSO SUCESO <br>El marido que mat\u00f3 a la mujer y los \u00faltimos detalles <br>de los fusilados en Santiago"},"content":{"rendered":"\n<div class=\"wp-block-image\"><figure class=\"alignright\"><a href=\"https:\/\/www.lirapopular.cl\/lirapopularxix\/wp-content\/uploads\/2019\/11\/561.jpg\"><img loading=\"lazy\" decoding=\"async\" width=\"212\" height=\"300\" src=\"https:\/\/www.lirapopular.cl\/lirapopularxix\/wp-content\/uploads\/2019\/11\/561-212x300.jpg\" alt=\"\" class=\"wp-image-4685\" srcset=\"https:\/\/www.lirapopular.cl\/lirapopularxix\/wp-content\/uploads\/2019\/11\/561-212x300.jpg 212w, https:\/\/www.lirapopular.cl\/lirapopularxix\/wp-content\/uploads\/2019\/11\/561.jpg 706w\" sizes=\"auto, (max-width: 212px) 100vw, 212px\" \/><\/a><figcaption>Colecci\u00f3n Lira Popular de la <br>Universidad de Chile<\/figcaption><\/figure><\/div>\n\n\n\n<p>Autor: Adolfo Reyes y El Tamayino<br>Impresor: Sin informaci\u00f3n<br>Tama\u00f1o: 52,8 x 37,3 cm<br>Clasificaci\u00f3n: 561 T153e Caja N\u00b010a, 727 T153 Caja N\u00b012a<\/p>\n\n\n\n<ul class=\"wp-block-list\"><li><a href=\"https:\/\/www.lirapopular.cl\/lirapopularxix\/2019\/11\/13\/el-marido-que-mato-a-la-mujer-con-grandes-cruel-dades\/\">El marido que mat\u00f3 a la mujer con grandes crueldades<\/a><\/li><li><a href=\"https:\/\/www.lirapopular.cl\/lirapopularxix\/2019\/11\/13\/cancion-de-la-costurera\/\">Canci\u00f3n de la costurera<\/a><\/li><li><a href=\"https:\/\/www.lirapopular.cl\/lirapopularxix\/2019\/11\/13\/verso-de-amor\/\">Verso de amor<\/a><\/li><li><a href=\"https:\/\/www.lirapopular.cl\/lirapopularxix\/2019\/11\/13\/la-mujer-sentenciada-a-muerte-en-chillan\/\">La mujer sentenciada a muerte en Chill\u00e1n<\/a><\/li><li><a href=\"https:\/\/www.lirapopular.cl\/lirapopularxix\/2019\/11\/13\/la-eternidad\/\">La eternidad<\/a><\/li><li><a href=\"https:\/\/www.lirapopular.cl\/lirapopularxix\/2019\/11\/13\/ultimos-detalles-de-los-cua-tro-reos-fusilados-en-san_-tiago\/\">Ultimos detalles de los cuatro reos fusilados en Santiago.<\/a><\/li><\/ul>\n\n\n\n<p><span class=\"has-inline-color has-white-color\">.<\/span><\/p>\n\n\n\n<p><span class=\"has-inline-color has-white-color\">,<\/span><\/p>\n\n\n\n<div class=\"wp-block-image\"><figure class=\"alignright size-medium\"><a href=\"https:\/\/www.lirapopular.cl\/lirapopularxix\/wp-content\/uploads\/2019\/11\/727-scaled.jpg\"><img decoding=\"async\" src=\"https:\/\/www.lirapopular.cl\/lirapopularxix\/wp-content\/uploads\/2019\/11\/727-214x300.jpg\" alt=\"\" class=\"wp-image-4710\"\/><\/a><figcaption>Colecci\u00f3n Lira Popular de la<br>Universidad de Chile<\/figcaption><\/figure><\/div>\n\n\n\n<p>Nota: El 1er ejemplar tiene escrito a mano con l\u00e1piz rojo \u201c561\u201d<br>El 2\u00ba ejemplar tiene escrito a mano con l\u00e1piz rojo \u201c727\u201d<\/p>\n","protected":false},"excerpt":{"rendered":"<p>Autor: Adolfo Reyes y El TamayinoImpresor: Sin informaci\u00f3nTama\u00f1o: 52,8 x 37,3 cmClasificaci\u00f3n: 561 T153e Caja N\u00b010a, 727 T153 Caja N\u00b012a El marido que mat\u00f3 a la mujer con grandes crueldades Canci\u00f3n de la costurera Verso de amor La mujer sentenciada a muerte en Chill\u00e1n La eternidad Ultimos detalles de los cuatro reos fusilados en Santiago. [&hellip;]<\/p>\n","protected":false},"author":1,"featured_media":0,"parent":0,"menu_order":0,"comment_status":"closed","ping_status":"closed","template":"","meta":{"footnotes":""},"class_list":["post-4684","page","type-page","status-publish","hentry"],"jetpack_sharing_enabled":true,"_links":{"self":[{"href":"https:\/\/www.lirapopular.cl\/lirapopularxix\/wp-json\/wp\/v2\/pages\/4684","targetHints":{"allow":["GET"]}}],"collection":[{"href":"https:\/\/www.lirapopular.cl\/lirapopularxix\/wp-json\/wp\/v2\/pages"}],"about":[{"href":"https:\/\/www.lirapopular.cl\/lirapopularxix\/wp-json\/wp\/v2\/types\/page"}],"author":[{"embeddable":true,"href":"https:\/\/www.lirapopular.cl\/lirapopularxix\/wp-json\/wp\/v2\/users\/1"}],"replies":[{"embeddable":true,"href":"https:\/\/www.lirapopular.cl\/lirapopularxix\/wp-json\/wp\/v2\/comments?post=4684"}],"version-history":[{"count":0,"href":"https:\/\/www.lirapopular.cl\/lirapopularxix\/wp-json\/wp\/v2\/pages\/4684\/revisions"}],"wp:attachment":[{"href":"https:\/\/www.lirapopular.cl\/lirapopularxix\/wp-json\/wp\/v2\/media?parent=4684"}],"curies":[{"name":"wp","href":"https:\/\/api.w.org\/{rel}","templated":true}]}}