{"id":4673,"date":"2019-11-12T13:56:10","date_gmt":"2019-11-12T17:56:10","guid":{"rendered":"https:\/\/www.lirapopular.cl\/lirapopularxix\/?page_id=4673"},"modified":"2019-11-12T13:56:10","modified_gmt":"2019-11-12T17:56:10","slug":"gran-alarma-en-valparaiso","status":"publish","type":"page","link":"https:\/\/www.lirapopular.cl\/lirapopularxix\/gran-alarma-en-valparaiso\/","title":{"rendered":"GRAN ALARMA <br>EN VALPARAISO <br<CARGA A LA BAYONETA EN LA PLAZA DE LA VICTORIA"},"content":{"rendered":"\n<div class=\"wp-block-image\"><figure class=\"alignright\"><a href=\"https:\/\/www.lirapopular.cl\/lirapopularxix\/wp-content\/uploads\/2019\/11\/560.jpg\"><img loading=\"lazy\" decoding=\"async\" width=\"196\" height=\"300\" src=\"https:\/\/www.lirapopular.cl\/lirapopularxix\/wp-content\/uploads\/2019\/11\/560-196x300.jpg\" alt=\"\" class=\"wp-image-4674\" srcset=\"https:\/\/www.lirapopular.cl\/lirapopularxix\/wp-content\/uploads\/2019\/11\/560-196x300.jpg 196w, https:\/\/www.lirapopular.cl\/lirapopularxix\/wp-content\/uploads\/2019\/11\/560.jpg 653w\" sizes=\"auto, (max-width: 196px) 100vw, 196px\" \/><\/a><figcaption>Colecci\u00f3n Lira Popular de la Universidad de Chile<\/figcaption><\/figure><\/div>\n\n\n\n<p>Autor: El Tamayino<br>Impresor: Sin informaci\u00f3n<br>Tama\u00f1o: 34,7 x 23,3 cm<br>Clasificaci\u00f3n: 560 T153v Caja N\u00b01a<\/p>\n\n\n\n<ul class=\"wp-block-list\"><li><a href=\"https:\/\/www.lirapopular.cl\/lirapopularxix\/2019\/11\/12\/gran-suceso-en-valparaiso-muertos-y-heridos\/\">Gran suceso en Valpara\u00edso. Muertos y heridos<\/a><\/li><li><a href=\"https:\/\/www.lirapopular.cl\/lirapopularxix\/2019\/11\/12\/a-lo-divino-2\/\">A lo divino<\/a><\/li><li><a href=\"https:\/\/www.lirapopular.cl\/lirapopularxix\/2019\/11\/12\/ultimos-detalles-de-los-sucesos-de-valparaiso\/\">\u00daltimos detalles de los sucesos de Valpara\u00edso<\/a><\/li><\/ul>\n\n\n\n<p>Nota: Este ejemplar tiene escrito a mano con l\u00e1piz rojo \u201c560\u201d<\/p>\n","protected":false},"excerpt":{"rendered":"<p>Autor: El TamayinoImpresor: Sin informaci\u00f3nTama\u00f1o: 34,7 x 23,3 cmClasificaci\u00f3n: 560 T153v Caja N\u00b01a Gran suceso en Valpara\u00edso. Muertos y heridos A lo divino \u00daltimos detalles de los sucesos de Valpara\u00edso Nota: Este ejemplar tiene escrito a mano con l\u00e1piz rojo \u201c560\u201d<\/p>\n","protected":false},"author":1,"featured_media":0,"parent":0,"menu_order":0,"comment_status":"closed","ping_status":"closed","template":"","meta":{"footnotes":""},"class_list":["post-4673","page","type-page","status-publish","hentry"],"jetpack_sharing_enabled":true,"_links":{"self":[{"href":"https:\/\/www.lirapopular.cl\/lirapopularxix\/wp-json\/wp\/v2\/pages\/4673","targetHints":{"allow":["GET"]}}],"collection":[{"href":"https:\/\/www.lirapopular.cl\/lirapopularxix\/wp-json\/wp\/v2\/pages"}],"about":[{"href":"https:\/\/www.lirapopular.cl\/lirapopularxix\/wp-json\/wp\/v2\/types\/page"}],"author":[{"embeddable":true,"href":"https:\/\/www.lirapopular.cl\/lirapopularxix\/wp-json\/wp\/v2\/users\/1"}],"replies":[{"embeddable":true,"href":"https:\/\/www.lirapopular.cl\/lirapopularxix\/wp-json\/wp\/v2\/comments?post=4673"}],"version-history":[{"count":0,"href":"https:\/\/www.lirapopular.cl\/lirapopularxix\/wp-json\/wp\/v2\/pages\/4673\/revisions"}],"wp:attachment":[{"href":"https:\/\/www.lirapopular.cl\/lirapopularxix\/wp-json\/wp\/v2\/media?parent=4673"}],"curies":[{"name":"wp","href":"https:\/\/api.w.org\/{rel}","templated":true}]}}